{"id":3,"date":"2017-12-09T07:42:03","date_gmt":"2017-12-09T07:42:03","guid":{"rendered":"https:\/\/cnc-rapid.com\/?page_id=3"},"modified":"2022-04-12T01:50:17","modified_gmt":"2022-04-12T08:50:17","slug":"privacy-policy","status":"publish","type":"page","link":"https:\/\/www.bestinparts.com\/de\/privacy-policy\/","title":{"rendered":"Datenschutz-Bestimmungen"},"content":{"rendered":"<p><strong>Datum des Inkrafttretens: 1. Dezember 2020<\/strong><\/p>\r\n<p>Ihre Privatsph\u00e4re ist Best Parts wichtig, daher haben wir eine Datenschutzrichtlinie entwickelt, die beschreibt, wie wir Ihre personenbezogenen Daten erfassen, verwenden, offenlegen und \u00fcbertragen. Wir nehmen Ihre Privatsph\u00e4re genauso ernst wie Sie und werden nur Informationen sammeln, die notwendig sind, um Ihnen das beste Erlebnis zu bieten.<\/p>\r\n<h2 class=\"wp-block-heading\"><strong>1. Informationen, die Best Parts sammelt<\/strong><\/h2>\r\n<p>In dieser Datenschutzrichtlinie bezeichnet der Begriff \u201epersonenbezogene Daten\u201c alle Informationen, die sich auf eine identifizierte oder identifizierbare nat\u00fcrliche Person beziehen; eine identifizierbare Person ist eine Person, die direkt oder indirekt identifiziert werden kann, insbesondere durch Bezugnahme auf einen Namen, eine Identifikationsnummer oder unter bestimmten Umst\u00e4nden Standortinformationen, eine IP-Adresse oder die eindeutige Kennung, die jedem Best Parts-Ger\u00e4t zugeordnet ist. Insbesondere erfassen wir die folgenden Informationen von Ihnen, die personenbezogene Daten enthalten k\u00f6nnen.<\/p>\r\n<p><strong>E. \u00dcber die Support-Services von Best Parts erfasste Informationen<\/strong><\/p>\r\n<p>Wir bieten Support-Services per Live-Chat auf unserer Website, E-Mail-Anfragen, aufgezeichnete ausgehende Telefonanrufe und Direkt-E-Mail. Wir erfassen alle personenbezogenen Daten, die Sie unserem Kundenbetreuungsteam w\u00e4hrend des Prozesses zur Verf\u00fcgung stellen. Dazu geh\u00f6ren unter anderem: Ihr Name, Ihre E-Mail-Adresse, Ihre Telefonnummer und Ihre Postanschrift. Wir k\u00f6nnen Ihre personenbezogenen Daten, einschlie\u00dflich Standortinformationen, verwenden und verarbeiten, um Ihre Supportanfrage zu bearbeiten und Ihnen den bestm\u00f6glichen Support zu bieten.<\/p>\r\n<h2><strong>2. Cookies und andere Webtechnologien<\/strong><\/h2>\r\n<p><strong>A. Kekse<\/strong><\/p>\r\n<p>Cookies sind kleine Textdateien, die auf der Festplatte Ihres Computers oder im Speicher Ihres Mobilger\u00e4ts abgelegt werden \u2013 wenn Ihr Browser so eingestellt ist, dass er Cookies akzeptiert. Wie viele andere Online-Dienste helfen uns Cookies und andere \u00e4hnliche Tools dabei, zu erfassen und zu verstehen, wie Sie unsere Dienste nutzen.<\/p>\r\n<p>Obwohl die meisten Internetbrowser Cookies automatisch akzeptieren, k\u00f6nnen Sie Ihre Einstellungen \u00e4ndern oder Tools von Drittanbietern verwenden, um Sie aufzufordern, bevor Sie Cookies von den Websites akzeptieren, die Sie besuchen m\u00f6chten, oder Cookies insgesamt ablehnen. Sie k\u00f6nnen sie sogar \u00fcber Ihren Browser l\u00f6schen. Die meisten Browser haben auch Einstellungen, um zu verhindern, dass sie neue Cookies akzeptieren, um Sie zu benachrichtigen, wenn Sie ein neues Cookie erhalten, oder um Cookies insgesamt zu l\u00f6schen oder zu deaktivieren. Einige Teile unserer Dienste funktionieren jedoch m\u00f6glicherweise nicht f\u00fcr Sie, wenn Sie Cookies deaktivieren.<\/p>\r\n<p>Wir k\u00f6nnen Cookies auch verwenden, um die Nutzung der Website zu messen, Recherchen und Diagnosen durchzuf\u00fchren, um die von uns angebotenen Produkte und Dienstleistungen zu verbessern, und um uns bei der Analyse des allgemeinen Webverkehrs zu helfen.<\/p>\r\n<p>Die von uns verwendeten Cookies verfallen, nachdem sie ihren Zweck erf\u00fcllt haben. Einige Cookies verfallen, wenn Sie Ihren Browser schlie\u00dfen (dh Sitzungscookies) oder nach einer bestimmten Zeit (dh dauerhafte Cookies). Die Ablaufzeit von Cookies, die von Drittanbietern platziert werden (siehe unten), wird von den Drittanbietern bestimmt, nicht von uns.<\/p>\r\n<p><strong>C. Web-Beacons<\/strong><\/p>\r\n<p>Web-Beacons (auch als Web-Bugs, Pixel-Tags oder Clear GIFs bekannt) sind winzige Grafiken mit einer eindeutigen Kennung, die f\u00fcr verschiedene Zwecke in unsere Dienste aufgenommen werden k\u00f6nnen, einschlie\u00dflich der Bereitstellung oder Kommunikation mit Cookies, um die Leistung unserer Dienste zu verfolgen und zu messen , um zu \u00fcberwachen, wie viele Besucher unsere Dienste ansehen, und um die Wirksamkeit unserer Werbung zu \u00fcberwachen. Im Gegensatz zu Cookies, die auf der Festplatte des Benutzers gespeichert werden, werden Web-Beacons normalerweise unsichtbar auf Webseiten (oder in einer E-Mail) eingebettet.<\/p>\r\n<h2><strong>3. Dienste von Drittanbietern<\/strong><\/h2>\r\n<p>Manchmal verwendet Best Parts Dienste von Drittanbietern, wie z. B. bestimmte Dienste, die von Facebook, Google angeboten werden. Diese externen Dienste k\u00f6nnen auch personenbezogene Daten \u00fcber Sie und Ihre Online-Aktivit\u00e4ten erfassen.<\/p>\r\n<p>Sie k\u00f6nnen auch Cookies auf der Festplatte Ihres Computers oder im Speicher Ihres Mobilger\u00e4ts platzieren oder Web-Beacons verwenden, um Informationen von den Diensten und anderswo im Internet zu sammeln oder zu erhalten, und diese Informationen verwenden, um Analysen bereitzustellen und Werbung auszurichten. Die Informationspraktiken dieser externen Dienste fallen nicht unter diese Datenschutzrichtlinie. Wir haben keinen Zugriff auf Cookies oder andere Webtechnologien, die sie m\u00f6glicherweise verwenden, und haben (wir) keine Kontrolle dar\u00fcber.<\/p>\r\n<p><strong>A. Messdienste und Anzeigenausrichtung<\/strong><\/p>\r\n<p>Wir k\u00f6nnen Tools verwenden, die von Drittanbieterdiensten wie Facebook angeboten werden, um Daten \u00fcber Aktionen zu senden, die Benutzer auf den Diensten ausf\u00fchren. Diese Drittanbieterdienste k\u00f6nnen solche Daten verwenden, um Messdienste f\u00fcr Best Parts bereitzustellen oder Anzeigen gezielt auszurichten. Sie k\u00f6nnen die Erfassung und Verwendung von Informationen f\u00fcr die Anzeigenausrichtung deaktivieren, indem Sie zu gehen\u00a0<a href=\"http:\/\/www.aboutads.info\/choices\" target=\"_blank\" rel=\"noopener\">http:\/\/www.aboutads.info\/choices<\/a>\u00a0oder\u00a0<a href=\"http:\/\/www.youronlinechoices.eu\/\" target=\"_blank\" rel=\"noopener\">http:\/\/www.youronlinechoices.eu\/<\/a>.<\/p>\r\n<p><strong>C. Soziale Plugins und soziale Widgets<\/strong><\/p>\r\n<p>Wir k\u00f6nnen soziale Plugins, Widgets und andere Funktionen (jeweils eine \u201esoziale Funktion\u201c) verwenden, die von sozialen Netzwerken Dritter zur Verf\u00fcgung gestellt werden, und\/oder auf diese zugreifen. Diese sozialen Funktionen erm\u00f6glichen es diesen sozialen Netzwerken, Cookies in Ihrem Browser zu platzieren und bestimmte Informationen zu sammeln, die mit Ihrem Namen und Ihrem pers\u00f6nlichen Konto bei sozialen Netzwerken verkn\u00fcpft sein k\u00f6nnen.<\/p>\r\n<p>Diese sozialen Funktionen werden ausschlie\u00dflich von den jeweiligen sozialen Netzwerken und ihren Dienstanbietern betrieben, und wir empfehlen Ihnen, deren Datenschutzrichtlinien sorgf\u00e4ltig zu lesen, bevor Sie sich entscheiden, sie zu verwenden. Wir haben keine Kontrolle \u00fcber oder Zugriff auf die Informationen, die von solchen sozialen Netzwerken gesammelt, gespeichert oder verwendet werden, und die Informationspraktiken dieser sozialen Netzwerke fallen nicht unter diese Datenschutzrichtlinie.<\/p>\r\n<p>Wenn Sie keine \u00fcber die Plugins, Widgets und\/oder andere Funktionen gesammelten Informationen mit Ihren pers\u00f6nlichen Kontoinformationen des sozialen Netzwerks verkn\u00fcpfen m\u00f6chten, sollten Sie diese sozialen Funktionen nicht verwenden und sich von Ihrem Konto des sozialen Netzwerks abmelden, bevor Sie unsere Dienste besuchen.<\/p>\r\n<h2><strong>4. Wir sind nicht verantwortlich f\u00fcr Inhalte auf Websites Dritter<\/strong><\/h2>\r\n<p align=\"justify\">Unsere Dienste k\u00f6nnen Links zu Websites und Diensten enthalten, die Eigentum Dritter sind oder von Dritten betrieben werden (jeweils ein \u201eDrittanbieterdienst\u201c). Alle Informationen, die Sie auf oder f\u00fcr einen Drittanbieterdienst bereitstellen oder die von einem Drittanbieterdienst erfasst werden, werden direkt dem Eigent\u00fcmer oder Betreiber des Drittanbieterdiensts bereitgestellt und unterliegen der Datenschutzrichtlinie des Eigent\u00fcmers oder Betreibers. Wir sind nicht verantwortlich f\u00fcr die Inhalte, Datenschutz- oder Sicherheitspraktiken und -richtlinien von Drittanbieterdiensten. Zum Schutz Ihrer Daten empfehlen wir Ihnen, die Datenschutzrichtlinien aller Dienste von Drittanbietern, auf die Sie zugreifen, sorgf\u00e4ltig zu pr\u00fcfen.<\/p>\r\n<h2><strong>5. Wir verwenden und geben Ihre personenbezogenen Daten weiter, um unsere Dienste bereitzustellen, zu verbessern und zu bewerben<\/strong><\/h2>\r\n<p><strong>A. Wie wir Ihre personenbezogenen Daten verwenden (PI)<\/strong><\/p>\r\n<p>Wir k\u00f6nnen Ihre personenbezogenen Daten und Standortinformationen verwenden, um Ihnen einen besseren Service zu bieten, die Qualit\u00e4t unserer Produkte und Dienstleistungen zu verbessern und unsere Dienstleistungen zu bewerben. Wir verwenden und verarbeiten Ihre personenbezogenen Daten und Standortinformationen, um anonyme, statistische und aggregierte Datenberichte zu erstellen, in denen einzelne Benutzer nicht identifiziert werden.<\/p>\r\n<p><strong>B. Wie wir Ihre personenbezogenen Daten offenlegen<\/strong><\/p>\r\n<p>Best Parts verwendet Dienste und Softwarel\u00f6sungen von Drittanbietern, einschlie\u00dflich Webhosting und andere Cloud-basierte Dienste, um Ihnen das bestm\u00f6gliche Erlebnis zu bieten. Wir k\u00f6nnen Ihre personenbezogenen Daten (einschlie\u00dflich Ihrer Standortinformationen und der Standortinformationen Ihrer Best Parts-Ger\u00e4te) an unsere Drittanbieter oder verbundenen Unternehmen (z. B. Cloud-basierte und Hosting-Dienste, technische Dienstleister, Berater, Postboten, Kommunikationsagenturen und Kunden) weitergeben Supportanbieter), um die Dienste in unserem Namen bereitzustellen, zu verbessern und zu bewerben.<\/p>\r\n<p>Beispielsweise k\u00f6nnen wir personenbezogene Daten an unsere Dienstleister weitergeben, damit diese in unserem Namen mit Ihnen kommunizieren k\u00f6nnen. Wir k\u00f6nnen auch personenbezogene Daten an Plattformanbieter wie Facebook weitergeben, um diesen Anbietern zu erlauben, Anzeigen zu schalten und die Dienste in unserem Namen auf solchen Plattformen zu bewerben. Soweit m\u00f6glich, werden Ihre personenbezogenen Daten in gehashter oder verschleierter Form gespeichert.<\/p>\r\n<p>Wir geben Ihre personenbezogenen Daten nicht an Dritte weiter, au\u00dfer unter den oben beschriebenen Umst\u00e4nden.<\/p>\r\n<p><strong>C. Wie wir anonymisierte Informationen verwenden<\/strong><\/p>\r\n<p>Wir k\u00f6nnen anonymisierte, aggregierte Daten, die wir \u00fcber Sie und andere Benutzer sammeln, wie z. B. nicht identifizierte demografische Informationen, nicht identifizierte Standortinformationen und Informationen \u00fcber den Computer oder das Ger\u00e4t, von dem aus Sie zugreifen, an Dritte weitergeben, einschlie\u00dflich Werbetreibende und Dienstanbieter Die Dienste.<\/p>\r\n<h2><strong>6. Wir k\u00f6nnen Ihre Informationen zu unserem Schutz und zum Schutz anderer verwenden und offenlegen<\/strong><\/h2>\r\n<p><strong>A. Wie wir Ihre personenbezogenen Daten offenlegen<\/strong><\/p>\r\n<p>Wie andere Unternehmen k\u00f6nnen wir Ihre Daten an Regierungs- oder Strafverfolgungsbeamte oder private Parteien weitergeben, wenn wir nach unserem alleinigen Ermessen der Ansicht sind, dass dies erforderlich ist, um (i) einem Gesetz, einer Verordnung oder einer rechtlichen Aufforderung nachzukommen; (ii) die Sicherheit einer Person zu sch\u00fctzen; (iii) potenzielle Verst\u00f6\u00dfe gegen unsere Datenschutzrichtlinie oder Nutzungsbedingungen ansprechen; (iv) Betrug, Sicherheit oder technische Probleme zu untersuchen; oder (v) die Rechte oder das Eigentum von Best Parts, unserer Mitarbeiter, Benutzer und der \u00d6ffentlichkeit zu sch\u00fctzen.<\/p>\r\n<p>Dar\u00fcber hinaus, wenn wir aufgrund einer Transaktion wie einer Fusion, \u00dcbernahme oder eines Verm\u00f6gensverkaufs von einem Dritten erworben werden oder wenn unsere Verm\u00f6genswerte von einem Dritten erworben werden, falls wir unsere Gesch\u00e4ftst\u00e4tigkeit einstellen oder in Konkurs gehen, einige oder alle unsere Verm\u00f6genswerte \u2013 einschlie\u00dflich aller von Ihnen oder \u00fcber Sie gesammelten Informationen \u2013 k\u00f6nnen im Zusammenhang mit der Transaktion an einen Dritterwerber weitergegeben oder \u00fcbertragen werden.<\/p>\r\n<h2><strong>7. Sie k\u00f6nnen Ihre Informationen \u00e4ndern<\/strong><\/h2>\r\n<p>Sie k\u00f6nnen auf Ihre Kontaktinformationen wie Ihren Namen, Ihre E-Mail-Adresse oder Telefonnummer innerhalb der Dienste zugreifen und diese \u00e4ndern, oder indem Sie uns unter kontaktieren\u00a0<a href=\"mailto:terms@thetileapp.com\">zitat@bestinparts.com<\/a>. Bitte beachten Sie, dass die mit Ihrem Konto verkn\u00fcpften Standortinformationen ein zentraler Bestandteil unserer Dienste sind und Sie diese nicht \u00e4ndern k\u00f6nnen. Wenn Sie jedoch nicht m\u00f6chten, dass wir Ihre Standortinformationen verwenden, k\u00f6nnen Sie sie l\u00f6schen, indem Sie Ihr Konto mithilfe des in Abschnitt 8 unten beschriebenen Verfahrens l\u00f6schen.<\/p>\r\n<h2><strong>8. Ihr Konto kann auf Ihre Anfrage hin gel\u00f6scht werden<\/strong><\/h2>\r\n<p>Wenn Sie m\u00f6chten, dass wir Ihre personenbezogenen Daten, Standortinformationen und Ihr Konto l\u00f6schen, kontaktieren Sie uns bitte unter\u00a0<a href=\"mailto:terms@thetileapp.com\">zitat@bestinparts.com<\/a>\u00a0mit Ihrer Anfrage. Wir werden Schritte unternehmen, um Ihre Informationen so schnell wie m\u00f6glich zu l\u00f6schen, aber einige Informationen k\u00f6nnen in Archiv-\/Sicherungskopien f\u00fcr unsere Unterlagen oder wie anderweitig gesetzlich vorgeschrieben verbleiben.<\/p>\r\n<h2><strong>9. Personenbezogene Daten, die in unserem Blog und Community-Forum gepostet werden, sind \u00f6ffentlich<\/strong><\/h2>\r\n<p>Wenn Sie sich daf\u00fcr entscheiden, Ihre Best Parts-Erfolgsgeschichte einzureichen oder in unserem Blog zu kommentieren (\u201eFeedback\u201c), sollten Sie wissen, dass alle personenbezogenen Daten, die Sie dort \u00fcbermitteln, von anderen Benutzern dieser Blogs gelesen, gesammelt oder verwendet werden k\u00f6nnen und verwendet werden k\u00f6nnten um Ihnen unerw\u00fcnschte Nachrichten zu senden.<\/p>\r\n<p>Wir sind nicht verantwortlich f\u00fcr die personenbezogenen Daten, die Sie freiwillig in Ihrem Feedback angeben, oder f\u00fcr Inhalte oder Mitteilungen, die Sie aufgrund der Weitergabe solcher Informationen erhalten.<\/p>\r\n<p>Um die Entfernung Ihrer personenbezogenen Daten aus unserem Blog oder der Erfolgsgeschichte von Best Parts zu beantragen, kontaktieren Sie uns bitte unter\u00a0<a href=\"mailto:terms@thetileapp.com\">zitat@bestinparts.com<\/a>.<\/p>\r\n<h2><strong>10. Kommunikation<\/strong><\/h2>\r\n<p>Wir k\u00f6nnen Ihnen regelm\u00e4\u00dfig Werbe-Newsletter und -E-Mails zusenden. Sie haben die M\u00f6glichkeit, sich von diesen abzumelden, indem Sie den Anweisungen zum Abbestellen in den E-Mails folgen, die Sie erhalten. Bestimmte Mitteilungen, wie Rechnungsinformationen und Service-Updates, m\u00fcssen Sie erhalten, sodass Sie diese Mitteilungen nicht abbestellen k\u00f6nnen.<\/p>\r\n<h2><strong>11. Internationale \u00dcbertragung<\/strong><\/h2>\r\n<p>Ihre personenbezogenen Daten k\u00f6nnen an Computer au\u00dferhalb Ihres Staates, Ihrer Provinz, Ihres Landes oder einer anderen staatlichen Gerichtsbarkeit \u00fcbertragen und dort gespeichert werden, wo die Datenschutzgesetze m\u00f6glicherweise nicht so sch\u00fctzend sind wie die in Ihrer Gerichtsbarkeit. Wenn Sie sich au\u00dferhalb der Vereinigten Staaten befinden und uns Ihre personenbezogenen Daten zur Verf\u00fcgung stellen, k\u00f6nnen wir Ihre personenbezogenen Daten in die Vereinigten Staaten \u00fcbertragen und dort verarbeiten.<\/p>\r\n<h2><strong>12. Unsere Richtlinie gegen\u00fcber Kindern<\/strong><\/h2>\r\n<p>Unsere Dienste richten sich nicht an Kinder unter 13 Jahren und wir erfassen nicht wissentlich personenbezogene Daten von Kindern unter 13 Jahren. Wenn wir erfahren, dass wir personenbezogene Daten eines Kindes unter 13 Jahren erfasst haben, werden wir Schritte unternehmen, um diese Daten so schnell wie m\u00f6glich aus unseren Dateien zu l\u00f6schen wie m\u00f6glich.<\/p>\r\n<h2><strong>13. Fragen zum Datenschutz<\/strong><\/h2>\r\n<p>Wenn Sie Fragen oder Bedenken bez\u00fcglich der Datenschutzrichtlinie oder der Datenverarbeitung von Best Parts haben, wenden Sie sich bitte an uns\u00a0<a href=\"https:\/\/www.apple.com\/legal\/privacy\/contact\/\" target=\"_blank\" rel=\"noopener\">kontaktiere uns<\/a>\u00a0<a href=\"mailto:terms@thetileapp.com\">zitat@bestinparts.com<\/a>\u00a0oder per Post.<\/p>\r\n<p>Best Parts kann seine Datenschutzrichtlinie von Zeit zu Zeit aktualisieren. Wenn wir die Richtlinie wesentlich \u00e4ndern, wird eine Mitteilung zusammen mit der aktualisierten Datenschutzrichtlinie auf unserer Website ver\u00f6ffentlicht.<\/p>","protected":false},"excerpt":{"rendered":"<p>Effective Date: Dec\u00a01, 2020 Your privacy is important to Best Parts so we\u2019ve developed a Privacy Policy that covers how we collect, use, disclose, and transfer\u00a0your personal information.\u00a0We take your privacy as seriously as you do, and will only collect information necessary to provide you with the best experience. 1.\u00a0Information Best Parts Collects In this [&hellip;]<\/p>","protected":false},"author":1,"featured_media":0,"parent":0,"menu_order":0,"comment_status":"closed","ping_status":"closed","template":"","meta":{"footnotes":""},"class_list":["post-3","page","type-page","status-publish","hentry","no-thumb"],"yoast_head":"<!-- This site is optimized with the Yoast SEO plugin v27.5 - https:\/\/yoast.com\/product\/yoast-seo-wordpress\/ -->\n<title>Privacy Policy - Best Parts-Online CNC Machining Service Supplier<\/title>\n<meta name=\"description\" content=\"Best Parts-Online CNC Machining Service Supplier Privacy Policy -\" \/>\n<meta name=\"robots\" content=\"index, follow, max-snippet:-1, max-image-preview:large, max-video-preview:-1\" \/>\n<link rel=\"canonical\" href=\"https:\/\/www.bestinparts.com\/de\/privacy-policy\/\" \/>\n<meta property=\"og:locale\" content=\"de_DE\" \/>\n<meta property=\"og:type\" content=\"article\" \/>\n<meta property=\"og:title\" content=\"Privacy Policy - Best Parts-Online CNC Machining Service Supplier\" \/>\n<meta property=\"og:description\" content=\"Best Parts-Online CNC Machining Service Supplier Privacy Policy -\" \/>\n<meta property=\"og:url\" content=\"https:\/\/www.bestinparts.com\/de\/privacy-policy\/\" \/>\n<meta property=\"og:site_name\" content=\"Best Parts-Online CNC Machining Service Supplier\" \/>\n<meta property=\"article:publisher\" content=\"https:\/\/www.facebook.com\/BestPartsManufacturing\/\" \/>\n<meta property=\"article:modified_time\" content=\"2022-04-12T08:50:17+00:00\" \/>\n<meta property=\"og:image\" content=\"https:\/\/www.bestinparts.com\/wp-content\/uploads\/2022\/03\/Best-parts-logo-1.png\" \/>\n\t<meta property=\"og:image:width\" content=\"800\" \/>\n\t<meta property=\"og:image:height\" content=\"302\" \/>\n\t<meta property=\"og:image:type\" content=\"image\/png\" \/>\n<meta name=\"twitter:card\" content=\"summary_large_image\" \/>\n<meta name=\"twitter:site\" content=\"@BESTINPARTS\" \/>\n<meta name=\"twitter:label1\" content=\"Gesch\u00e4tzte Lesezeit\" \/>\n\t<meta name=\"twitter:data1\" content=\"9\u00a0Minuten\" \/>\n<script type=\"application\/ld+json\" class=\"yoast-schema-graph\">{\"@context\":\"https:\\\/\\\/schema.org\",\"@graph\":[{\"@type\":\"WebPage\",\"@id\":\"https:\\\/\\\/www.bestinparts.com\\\/privacy-policy\\\/\",\"url\":\"https:\\\/\\\/www.bestinparts.com\\\/privacy-policy\\\/\",\"name\":\"Privacy Policy - Best Parts-Online CNC Machining Service Supplier\",\"isPartOf\":{\"@id\":\"https:\\\/\\\/www.bestinparts.com\\\/#website\"},\"datePublished\":\"2017-12-09T07:42:03+00:00\",\"dateModified\":\"2022-04-12T08:50:17+00:00\",\"description\":\"Best Parts-Online CNC Machining Service Supplier Privacy Policy -\",\"breadcrumb\":{\"@id\":\"https:\\\/\\\/www.bestinparts.com\\\/privacy-policy\\\/#breadcrumb\"},\"inLanguage\":\"de\",\"potentialAction\":[{\"@type\":\"ReadAction\",\"target\":[\"https:\\\/\\\/www.bestinparts.com\\\/privacy-policy\\\/\"]}]},{\"@type\":\"BreadcrumbList\",\"@id\":\"https:\\\/\\\/www.bestinparts.com\\\/privacy-policy\\\/#breadcrumb\",\"itemListElement\":[{\"@type\":\"ListItem\",\"position\":1,\"name\":\"Home\",\"item\":\"https:\\\/\\\/www.bestinparts.com\\\/\"},{\"@type\":\"ListItem\",\"position\":2,\"name\":\"Privacy Policy\"}]},{\"@type\":\"WebSite\",\"@id\":\"https:\\\/\\\/www.bestinparts.com\\\/#website\",\"url\":\"https:\\\/\\\/www.bestinparts.com\\\/\",\"name\":\"Best Parts-Online CNC Machining Service Supplier\",\"description\":\"20+ Years CNC Machining Parts Manufacturer\",\"publisher\":{\"@id\":\"https:\\\/\\\/www.bestinparts.com\\\/#organization\"},\"potentialAction\":[{\"@type\":\"SearchAction\",\"target\":{\"@type\":\"EntryPoint\",\"urlTemplate\":\"https:\\\/\\\/www.bestinparts.com\\\/?s={search_term_string}\"},\"query-input\":{\"@type\":\"PropertyValueSpecification\",\"valueRequired\":true,\"valueName\":\"search_term_string\"}}],\"inLanguage\":\"de\"},{\"@type\":\"Organization\",\"@id\":\"https:\\\/\\\/www.bestinparts.com\\\/#organization\",\"name\":\"Shenzhen Best Parts Co., Ltd\",\"url\":\"https:\\\/\\\/www.bestinparts.com\\\/\",\"logo\":{\"@type\":\"ImageObject\",\"inLanguage\":\"de\",\"@id\":\"https:\\\/\\\/www.bestinparts.com\\\/#\\\/schema\\\/logo\\\/image\\\/\",\"url\":\"https:\\\/\\\/www.bestinparts.com\\\/wp-content\\\/uploads\\\/2022\\\/02\\\/Best-Parts-home-logo2.png\",\"contentUrl\":\"https:\\\/\\\/www.bestinparts.com\\\/wp-content\\\/uploads\\\/2022\\\/02\\\/Best-Parts-home-logo2.png\",\"width\":197,\"height\":64,\"caption\":\"Shenzhen Best Parts Co., Ltd\"},\"image\":{\"@id\":\"https:\\\/\\\/www.bestinparts.com\\\/#\\\/schema\\\/logo\\\/image\\\/\"},\"sameAs\":[\"https:\\\/\\\/www.facebook.com\\\/BestPartsManufacturing\\\/\",\"https:\\\/\\\/x.com\\\/BESTINPARTS\",\"https:\\\/\\\/www.instagram.com\\\/bestinparts\\\/\",\"https:\\\/\\\/www.linkedin.com\\\/company\\\/bestinparts\",\"https:\\\/\\\/www.youtube.com\\\/channel\\\/UCxtW5GyB1LVudr8Rc6LcmTA\\\/featured?view_as=subscriber\"]}]}<\/script>\n<!-- \/ Yoast SEO plugin. -->","yoast_head_json":{"title":"Privacy Policy - Best Parts-Online CNC Machining Service Supplier","description":"Best Parts-Online CNC Machining Service Supplier Privacy Policy -","robots":{"index":"index","follow":"follow","max-snippet":"max-snippet:-1","max-image-preview":"max-image-preview:large","max-video-preview":"max-video-preview:-1"},"canonical":"https:\/\/www.bestinparts.com\/de\/privacy-policy\/","og_locale":"de_DE","og_type":"article","og_title":"Privacy Policy - Best Parts-Online CNC Machining Service Supplier","og_description":"Best Parts-Online CNC Machining Service Supplier Privacy Policy -","og_url":"https:\/\/www.bestinparts.com\/de\/privacy-policy\/","og_site_name":"Best Parts-Online CNC Machining Service Supplier","article_publisher":"https:\/\/www.facebook.com\/BestPartsManufacturing\/","article_modified_time":"2022-04-12T08:50:17+00:00","og_image":[{"width":800,"height":302,"url":"https:\/\/www.bestinparts.com\/wp-content\/uploads\/2022\/03\/Best-parts-logo-1.png","type":"image\/png"}],"twitter_card":"summary_large_image","twitter_site":"@BESTINPARTS","twitter_misc":{"Gesch\u00e4tzte Lesezeit":"9\u00a0Minuten"},"schema":{"@context":"https:\/\/schema.org","@graph":[{"@type":"WebPage","@id":"https:\/\/www.bestinparts.com\/privacy-policy\/","url":"https:\/\/www.bestinparts.com\/privacy-policy\/","name":"Privacy Policy - Best Parts-Online CNC Machining Service Supplier","isPartOf":{"@id":"https:\/\/www.bestinparts.com\/#website"},"datePublished":"2017-12-09T07:42:03+00:00","dateModified":"2022-04-12T08:50:17+00:00","description":"Best Parts-Online CNC Machining Service Supplier Privacy Policy -","breadcrumb":{"@id":"https:\/\/www.bestinparts.com\/privacy-policy\/#breadcrumb"},"inLanguage":"de","potentialAction":[{"@type":"ReadAction","target":["https:\/\/www.bestinparts.com\/privacy-policy\/"]}]},{"@type":"BreadcrumbList","@id":"https:\/\/www.bestinparts.com\/privacy-policy\/#breadcrumb","itemListElement":[{"@type":"ListItem","position":1,"name":"Home","item":"https:\/\/www.bestinparts.com\/"},{"@type":"ListItem","position":2,"name":"Privacy Policy"}]},{"@type":"WebSite","@id":"https:\/\/www.bestinparts.com\/#website","url":"https:\/\/www.bestinparts.com\/","name":"Best Parts-Online CNC Machining Service Supplier","description":"20+ Years CNC Machining Parts Manufacturer","publisher":{"@id":"https:\/\/www.bestinparts.com\/#organization"},"potentialAction":[{"@type":"SearchAction","target":{"@type":"EntryPoint","urlTemplate":"https:\/\/www.bestinparts.com\/?s={search_term_string}"},"query-input":{"@type":"PropertyValueSpecification","valueRequired":true,"valueName":"search_term_string"}}],"inLanguage":"de"},{"@type":"Organization","@id":"https:\/\/www.bestinparts.com\/#organization","name":"Shenzhen Best Parts Co., Ltd","url":"https:\/\/www.bestinparts.com\/","logo":{"@type":"ImageObject","inLanguage":"de","@id":"https:\/\/www.bestinparts.com\/#\/schema\/logo\/image\/","url":"https:\/\/www.bestinparts.com\/wp-content\/uploads\/2022\/02\/Best-Parts-home-logo2.png","contentUrl":"https:\/\/www.bestinparts.com\/wp-content\/uploads\/2022\/02\/Best-Parts-home-logo2.png","width":197,"height":64,"caption":"Shenzhen Best Parts Co., Ltd"},"image":{"@id":"https:\/\/www.bestinparts.com\/#\/schema\/logo\/image\/"},"sameAs":["https:\/\/www.facebook.com\/BestPartsManufacturing\/","https:\/\/x.com\/BESTINPARTS","https:\/\/www.instagram.com\/bestinparts\/","https:\/\/www.linkedin.com\/company\/bestinparts","https:\/\/www.youtube.com\/channel\/UCxtW5GyB1LVudr8Rc6LcmTA\/featured?view_as=subscriber"]}]}},"_links":{"self":[{"href":"https:\/\/www.bestinparts.com\/de\/wp-json\/wp\/v2\/pages\/3","targetHints":{"allow":["GET"]}}],"collection":[{"href":"https:\/\/www.bestinparts.com\/de\/wp-json\/wp\/v2\/pages"}],"about":[{"href":"https:\/\/www.bestinparts.com\/de\/wp-json\/wp\/v2\/types\/page"}],"author":[{"embeddable":true,"href":"https:\/\/www.bestinparts.com\/de\/wp-json\/wp\/v2\/users\/1"}],"replies":[{"embeddable":true,"href":"https:\/\/www.bestinparts.com\/de\/wp-json\/wp\/v2\/comments?post=3"}],"version-history":[{"count":0,"href":"https:\/\/www.bestinparts.com\/de\/wp-json\/wp\/v2\/pages\/3\/revisions"}],"wp:attachment":[{"href":"https:\/\/www.bestinparts.com\/de\/wp-json\/wp\/v2\/media?parent=3"}],"curies":[{"name":"wp","href":"https:\/\/api.w.org\/{rel}","templated":true}]}}