{"id":4118,"date":"2017-12-22T02:51:44","date_gmt":"2017-12-22T02:51:44","guid":{"rendered":"https:\/\/cnc-rapid.com\/?page_id=4118"},"modified":"2022-04-12T01:50:17","modified_gmt":"2022-04-12T08:50:17","slug":"medical","status":"publish","type":"page","link":"https:\/\/www.bestinparts.com\/de\/resources\/industries\/medical\/","title":{"rendered":"Medizinisch"},"content":{"rendered":"<div class=\"vc_row wpb_row vc_row-fluid\"><div class=\"container\"><div class=\"row\"><div class=\"wpb_column vc_column_container vc_col-sm-12\"><div class=\"vc_column-inner\"><div class=\"wpb_wrapper\"><div class=\"mf-section-title text-left dark large-size\"><h2 >Medizinisch<\/h2><\/div><\/div><\/div><\/div><\/div><\/div><\/div><div class=\"vc_row wpb_row vc_row-fluid\"><div class=\"container\"><div class=\"row\"><div class=\"wpb_column vc_column_container vc_col-sm-6\"><div class=\"vc_column-inner\"><div class=\"wpb_wrapper\">\n\t<div  class=\"wpb_single_image wpb_content_element vc_align_center\">\n\t\t\n\t\t<figure class=\"wpb_wrapper vc_figure\">\n\t\t\t<div class=\"vc_single_image-wrapper   vc_box_border_grey\"><img loading=\"lazy\" decoding=\"async\" class=\"vc_single_image-img\" src=\"https:\/\/www.bestinparts.com\/wp-content\/uploads\/2022\/01\/medical.jpg\" width=\"600\" height=\"450\" alt=\"medical\" title=\"medizinisch\" \/><\/div>\n\t\t<\/figure>\n\t<\/div>\n<\/div><\/div><\/div><div class=\"wpb_column vc_column_container vc_col-sm-6\"><div class=\"vc_column-inner\"><div class=\"wpb_wrapper\">\n\t<div class=\"wpb_text_column wpb_content_element\" >\n\t\t<div class=\"wpb_wrapper\">\n\t\t\t<p>BEST Parts schafft ein breites Spektrum an Operationsr\u00e4umen in der Medizinbranche. Unsere ma\u00dfgeschneiderten CNCs umfassen:<\/p>\n<p>\u25cf R\u00f6ntgendiagnostikger\u00e4t \u25cf Chirurgisches Hilfsinstrument<br \/>\n\u25cf Teile von Magnetresonanztomographieger\u00e4ten<br \/>\n\u25cf Instrumente und Apparate zur Blutdruckmessung<br \/>\n\u25cf Andere Instrumente und Instrumente f\u00fcr zahn\u00e4rztliche Zwecke<br \/>\n\u25cf Mikrokomponenten und Zahnr\u00e4der f\u00fcr Dentalger\u00e4te<br \/>\n\u25cf Druck-\/Differenzdrucktransmitter<br \/>\n\u25cf Medizinische Verpackung und Prototyping<\/p>\n\n\t\t<\/div>\n\t<\/div>\n<\/div><\/div><\/div><\/div><\/div><\/div><div class=\"vc_row wpb_row vc_row-fluid\"><div class=\"container\"><div class=\"row\"><div class=\"wpb_column vc_column_container vc_col-sm-12\"><div class=\"vc_column-inner\"><div class=\"wpb_wrapper\"><div class=\"mf-empty-space\" style=\"\"><div class=\"mf_empty_space_lg\"  style=\"height: 50px\"><\/div><div class=\"mf_empty_space_md\"  style=\"height: 30px\"><\/div><div class=\"mf_empty_space_xs\"  style=\"height: 30px\"><\/div><\/div><\/div><\/div><\/div><\/div><\/div><\/div><div class=\"vc_row wpb_row vc_row-fluid\"><div class=\"container\"><div class=\"row\"><div class=\"wpb_column vc_column_container vc_col-sm-12\"><div class=\"vc_column-inner\"><div class=\"wpb_wrapper\"><section class=\"vc_cta3-container\"><div class=\"vc_general vc_cta3 vc_cta3-style-classic vc_cta3-shape-rounded vc_cta3-align-left vc_cta3-color-classic vc_cta3-icon-size-md\"><div class=\"vc_cta3_content-container\"><div class=\"vc_cta3-content\"><header class=\"vc_cta3-content-header\"><h2>Hey\uff01 Unsere Produkte werden h\u00e4ufig in medizinischen Ger\u00e4ten eingesetzt<\/h2><\/header><p>BEST PARTS ist ein vertrauensw\u00fcrdiger Lieferant f\u00fcr die Medizinger\u00e4teindustrie. Ob es sich um die Montage medizinischer Instrumente handelt, die wir unseren Kunden liefern, oder um die Ausr\u00fcstung im Bereich der Biotechnologie, wir k\u00f6nnen die Genauigkeits- und Toleranzanforderungen unserer Kunden erf\u00fcllen.<\/p>\n<\/div><\/div><\/div><\/section><div class=\"vc_btn3-container vc_btn3-center\" ><a class=\"vc_general vc_btn3 vc_btn3-size-md vc_btn3-shape-rounded vc_btn3-style-modern vc_btn3-color-primary\" href=\"https:\/\/www.bestinparts.com\/de\/request-a-quote\/\" title=\"Ein Angebot bekommen\" target=\"_blank\" rel=\"noopener\">Ein Angebot bekommen<\/a><\/div><\/div><\/div><\/div><\/div><\/div><\/div><div class=\"vc_row wpb_row vc_row-fluid\"><div class=\"container\"><div class=\"row\"><div class=\"wpb_column vc_column_container vc_col-sm-12\"><div class=\"vc_column-inner\"><div class=\"wpb_wrapper\">\n\t<div class=\"wpb_text_column wpb_content_element\" >\n\t\t<div class=\"wpb_wrapper\">\n\t\t\t<p>Mit 20 Jahren Erfahrung in der CNC-Bearbeitung sind unsere erfahrenen CNC-Ingenieure in der Lage, medizinische Komponenten mit maximaler Pr\u00e4zision anzupassen. Wir erhalten weiterhin Lob von unseren Kunden in der Entwicklung. Wir entwickeln f\u00fcr unsere Kunden wichtige medizinische Komponenten, darunter wissenschaftliche Instrumente, medizinische Prototypen und Orthesen. BEST PARTS hat einen sehr gro\u00dfen Anteil an Forschung und Entwicklung in der Medizinbranche.<\/p>\n<p>Im Laufe der Jahre hat unser Unternehmen seine Betriebsausstattung und sein Team erweitert. Mit Innovationsf\u00fchrerschaft und technologischer Vertiefung garantieren wir die Qualit\u00e4t unserer Produkte. Es gibt zu viele Versuchs- und Fehlervergleiche bei der Entwicklung von Medizinprodukten und biotechnologischen Ger\u00e4ten, wodurch die Toleranzen von Medizinprodukten f\u00fcr Teile sehr eng sind. Unser Verst\u00e4ndnis von Sonderlegierungen wie Edelstahl, Aluminium, Titan und Silikon ist so vertraut, dass wir medizinische Ger\u00e4te oder biotechnologische Ger\u00e4te mit wettbewerbsf\u00e4higen komplexen Geometrien verarbeiten k\u00f6nnen.<\/p>\n\n\t\t<\/div>\n\t<\/div>\n<\/div><\/div><\/div><\/div><\/div><\/div>","protected":false},"excerpt":{"rendered":"Medical BEST Parts creates a wide range of operating spaces in the medical industry. Our tailor-made CNCs include: \u25cf\u00a0X-ray diagnostic equipment\u25cf\u00a0Auxiliary surgical instrument \u25cf\u00a0Magnetic resonance imaging device parts \u25cf\u00a0Blood pressure measuring instrument and apparatus \u25cf\u00a0Other instruments and instruments for dental use \u25cf\u00a0Micro components and gears for dental equipment \u25cf\u00a0Pressure\/differential pressure transmitter \u25cf\u00a0Medical packaging and prototyping [...]","protected":false},"author":1,"featured_media":0,"parent":3984,"menu_order":1,"comment_status":"closed","ping_status":"closed","template":"","meta":{"footnotes":""},"class_list":["post-4118","page","type-page","status-publish","hentry","no-thumb"],"yoast_head":"<!-- This site is optimized with the Yoast SEO plugin v27.5 - https:\/\/yoast.com\/product\/yoast-seo-wordpress\/ -->\n<title>Medical - Best Parts-Online CNC Machining Service Supplier<\/title>\n<meta name=\"description\" content=\"BEST Parts creates a wide range of operating spaces in the medical industry. Our tailor-made CNCs include:\u25cf X-ray diagnostic equipment\u25cf Auxiliary surgical instrument\u25cf Magnetic resonance imaging device parts\u25cf Blood pressure measuring instrument and apparatus\u25cf Other instruments and instruments for dental use\u25cf Micro components and gears for dental equipment\u25cf Pressure\/differential pressure transmitter\u25cf Medical packaging and prototyping\" \/>\n<meta name=\"robots\" content=\"index, follow, max-snippet:-1, max-image-preview:large, max-video-preview:-1\" \/>\n<link rel=\"canonical\" href=\"https:\/\/www.bestinparts.com\/de\/resources\/industries\/medical\/\" \/>\n<meta property=\"og:locale\" content=\"de_DE\" \/>\n<meta property=\"og:type\" content=\"article\" \/>\n<meta property=\"og:title\" content=\"Medical - Best Parts-Online CNC Machining Service Supplier\" \/>\n<meta property=\"og:description\" content=\"BEST Parts creates a wide range of operating spaces in the medical industry. Our tailor-made CNCs include:\u25cf X-ray diagnostic equipment\u25cf Auxiliary surgical instrument\u25cf Magnetic resonance imaging device parts\u25cf Blood pressure measuring instrument and apparatus\u25cf Other instruments and instruments for dental use\u25cf Micro components and gears for dental equipment\u25cf Pressure\/differential pressure transmitter\u25cf Medical packaging and prototyping\" \/>\n<meta property=\"og:url\" content=\"https:\/\/www.bestinparts.com\/de\/resources\/industries\/medical\/\" \/>\n<meta property=\"og:site_name\" content=\"Best Parts-Online CNC Machining Service Supplier\" \/>\n<meta property=\"article:publisher\" content=\"https:\/\/www.facebook.com\/BestPartsManufacturing\/\" \/>\n<meta property=\"article:modified_time\" content=\"2022-04-12T08:50:17+00:00\" \/>\n<meta property=\"og:image\" content=\"https:\/\/www.bestinparts.com\/wp-content\/uploads\/2022\/03\/Best-parts-logo-1.png\" \/>\n\t<meta property=\"og:image:width\" content=\"800\" \/>\n\t<meta property=\"og:image:height\" content=\"302\" \/>\n\t<meta property=\"og:image:type\" content=\"image\/png\" \/>\n<meta name=\"twitter:card\" content=\"summary_large_image\" \/>\n<meta name=\"twitter:site\" content=\"@BESTINPARTS\" \/>\n<meta name=\"twitter:label1\" content=\"Gesch\u00e4tzte Lesezeit\" \/>\n\t<meta name=\"twitter:data1\" content=\"2\u00a0Minuten\" \/>\n<script type=\"application\/ld+json\" class=\"yoast-schema-graph\">{\"@context\":\"https:\\\/\\\/schema.org\",\"@graph\":[{\"@type\":\"WebPage\",\"@id\":\"https:\\\/\\\/www.bestinparts.com\\\/resources\\\/industries\\\/medical\\\/\",\"url\":\"https:\\\/\\\/www.bestinparts.com\\\/resources\\\/industries\\\/medical\\\/\",\"name\":\"Medical - Best Parts-Online CNC Machining Service Supplier\",\"isPartOf\":{\"@id\":\"https:\\\/\\\/www.bestinparts.com\\\/#website\"},\"datePublished\":\"2017-12-22T02:51:44+00:00\",\"dateModified\":\"2022-04-12T08:50:17+00:00\",\"description\":\"BEST Parts creates a wide range of operating spaces in the medical industry. Our tailor-made CNCs include:\u25cf X-ray diagnostic equipment\u25cf Auxiliary surgical instrument\u25cf Magnetic resonance imaging device parts\u25cf Blood pressure measuring instrument and apparatus\u25cf Other instruments and instruments for dental use\u25cf Micro components and gears for dental equipment\u25cf Pressure\\\/differential pressure transmitter\u25cf Medical packaging and prototyping\",\"breadcrumb\":{\"@id\":\"https:\\\/\\\/www.bestinparts.com\\\/resources\\\/industries\\\/medical\\\/#breadcrumb\"},\"inLanguage\":\"de\",\"potentialAction\":[{\"@type\":\"ReadAction\",\"target\":[\"https:\\\/\\\/www.bestinparts.com\\\/resources\\\/industries\\\/medical\\\/\"]}]},{\"@type\":\"BreadcrumbList\",\"@id\":\"https:\\\/\\\/www.bestinparts.com\\\/resources\\\/industries\\\/medical\\\/#breadcrumb\",\"itemListElement\":[{\"@type\":\"ListItem\",\"position\":1,\"name\":\"Home\",\"item\":\"https:\\\/\\\/www.bestinparts.com\\\/\"},{\"@type\":\"ListItem\",\"position\":2,\"name\":\"Resources\",\"item\":\"https:\\\/\\\/www.bestinparts.com\\\/resources\\\/\"},{\"@type\":\"ListItem\",\"position\":3,\"name\":\"Industries\",\"item\":\"https:\\\/\\\/www.bestinparts.com\\\/resources\\\/industries\\\/\"},{\"@type\":\"ListItem\",\"position\":4,\"name\":\"Medical\"}]},{\"@type\":\"WebSite\",\"@id\":\"https:\\\/\\\/www.bestinparts.com\\\/#website\",\"url\":\"https:\\\/\\\/www.bestinparts.com\\\/\",\"name\":\"Best Parts-Online CNC Machining Service Supplier\",\"description\":\"20+ Years CNC Machining Parts Manufacturer\",\"publisher\":{\"@id\":\"https:\\\/\\\/www.bestinparts.com\\\/#organization\"},\"potentialAction\":[{\"@type\":\"SearchAction\",\"target\":{\"@type\":\"EntryPoint\",\"urlTemplate\":\"https:\\\/\\\/www.bestinparts.com\\\/?s={search_term_string}\"},\"query-input\":{\"@type\":\"PropertyValueSpecification\",\"valueRequired\":true,\"valueName\":\"search_term_string\"}}],\"inLanguage\":\"de\"},{\"@type\":\"Organization\",\"@id\":\"https:\\\/\\\/www.bestinparts.com\\\/#organization\",\"name\":\"Shenzhen Best Parts Co., Ltd\",\"url\":\"https:\\\/\\\/www.bestinparts.com\\\/\",\"logo\":{\"@type\":\"ImageObject\",\"inLanguage\":\"de\",\"@id\":\"https:\\\/\\\/www.bestinparts.com\\\/#\\\/schema\\\/logo\\\/image\\\/\",\"url\":\"https:\\\/\\\/www.bestinparts.com\\\/wp-content\\\/uploads\\\/2022\\\/02\\\/Best-Parts-home-logo2.png\",\"contentUrl\":\"https:\\\/\\\/www.bestinparts.com\\\/wp-content\\\/uploads\\\/2022\\\/02\\\/Best-Parts-home-logo2.png\",\"width\":197,\"height\":64,\"caption\":\"Shenzhen Best Parts Co., Ltd\"},\"image\":{\"@id\":\"https:\\\/\\\/www.bestinparts.com\\\/#\\\/schema\\\/logo\\\/image\\\/\"},\"sameAs\":[\"https:\\\/\\\/www.facebook.com\\\/BestPartsManufacturing\\\/\",\"https:\\\/\\\/x.com\\\/BESTINPARTS\",\"https:\\\/\\\/www.instagram.com\\\/bestinparts\\\/\",\"https:\\\/\\\/www.linkedin.com\\\/company\\\/bestinparts\",\"https:\\\/\\\/www.youtube.com\\\/channel\\\/UCxtW5GyB1LVudr8Rc6LcmTA\\\/featured?view_as=subscriber\"]}]}<\/script>\n<!-- \/ Yoast SEO plugin. -->","yoast_head_json":{"title":"Medical - Best Parts-Online CNC Machining Service Supplier","description":"BEST Parts creates a wide range of operating spaces in the medical industry. Our tailor-made CNCs include:\u25cf X-ray diagnostic equipment\u25cf Auxiliary surgical instrument\u25cf Magnetic resonance imaging device parts\u25cf Blood pressure measuring instrument and apparatus\u25cf Other instruments and instruments for dental use\u25cf Micro components and gears for dental equipment\u25cf Pressure\/differential pressure transmitter\u25cf Medical packaging and prototyping","robots":{"index":"index","follow":"follow","max-snippet":"max-snippet:-1","max-image-preview":"max-image-preview:large","max-video-preview":"max-video-preview:-1"},"canonical":"https:\/\/www.bestinparts.com\/de\/resources\/industries\/medical\/","og_locale":"de_DE","og_type":"article","og_title":"Medical - Best Parts-Online CNC Machining Service Supplier","og_description":"BEST Parts creates a wide range of operating spaces in the medical industry. Our tailor-made CNCs include:\u25cf X-ray diagnostic equipment\u25cf Auxiliary surgical instrument\u25cf Magnetic resonance imaging device parts\u25cf Blood pressure measuring instrument and apparatus\u25cf Other instruments and instruments for dental use\u25cf Micro components and gears for dental equipment\u25cf Pressure\/differential pressure transmitter\u25cf Medical packaging and prototyping","og_url":"https:\/\/www.bestinparts.com\/de\/resources\/industries\/medical\/","og_site_name":"Best Parts-Online CNC Machining Service Supplier","article_publisher":"https:\/\/www.facebook.com\/BestPartsManufacturing\/","article_modified_time":"2022-04-12T08:50:17+00:00","og_image":[{"width":800,"height":302,"url":"https:\/\/www.bestinparts.com\/wp-content\/uploads\/2022\/03\/Best-parts-logo-1.png","type":"image\/png"}],"twitter_card":"summary_large_image","twitter_site":"@BESTINPARTS","twitter_misc":{"Gesch\u00e4tzte Lesezeit":"2\u00a0Minuten"},"schema":{"@context":"https:\/\/schema.org","@graph":[{"@type":"WebPage","@id":"https:\/\/www.bestinparts.com\/resources\/industries\/medical\/","url":"https:\/\/www.bestinparts.com\/resources\/industries\/medical\/","name":"Medical - Best Parts-Online CNC Machining Service Supplier","isPartOf":{"@id":"https:\/\/www.bestinparts.com\/#website"},"datePublished":"2017-12-22T02:51:44+00:00","dateModified":"2022-04-12T08:50:17+00:00","description":"BEST Parts creates a wide range of operating spaces in the medical industry. Our tailor-made CNCs include:\u25cf X-ray diagnostic equipment\u25cf Auxiliary surgical instrument\u25cf Magnetic resonance imaging device parts\u25cf Blood pressure measuring instrument and apparatus\u25cf Other instruments and instruments for dental use\u25cf Micro components and gears for dental equipment\u25cf Pressure\/differential pressure transmitter\u25cf Medical packaging and prototyping","breadcrumb":{"@id":"https:\/\/www.bestinparts.com\/resources\/industries\/medical\/#breadcrumb"},"inLanguage":"de","potentialAction":[{"@type":"ReadAction","target":["https:\/\/www.bestinparts.com\/resources\/industries\/medical\/"]}]},{"@type":"BreadcrumbList","@id":"https:\/\/www.bestinparts.com\/resources\/industries\/medical\/#breadcrumb","itemListElement":[{"@type":"ListItem","position":1,"name":"Home","item":"https:\/\/www.bestinparts.com\/"},{"@type":"ListItem","position":2,"name":"Resources","item":"https:\/\/www.bestinparts.com\/resources\/"},{"@type":"ListItem","position":3,"name":"Industries","item":"https:\/\/www.bestinparts.com\/resources\/industries\/"},{"@type":"ListItem","position":4,"name":"Medical"}]},{"@type":"WebSite","@id":"https:\/\/www.bestinparts.com\/#website","url":"https:\/\/www.bestinparts.com\/","name":"Best Parts-Online CNC Machining Service Supplier","description":"20+ Years CNC Machining Parts Manufacturer","publisher":{"@id":"https:\/\/www.bestinparts.com\/#organization"},"potentialAction":[{"@type":"SearchAction","target":{"@type":"EntryPoint","urlTemplate":"https:\/\/www.bestinparts.com\/?s={search_term_string}"},"query-input":{"@type":"PropertyValueSpecification","valueRequired":true,"valueName":"search_term_string"}}],"inLanguage":"de"},{"@type":"Organization","@id":"https:\/\/www.bestinparts.com\/#organization","name":"Shenzhen Best Parts Co., Ltd","url":"https:\/\/www.bestinparts.com\/","logo":{"@type":"ImageObject","inLanguage":"de","@id":"https:\/\/www.bestinparts.com\/#\/schema\/logo\/image\/","url":"https:\/\/www.bestinparts.com\/wp-content\/uploads\/2022\/02\/Best-Parts-home-logo2.png","contentUrl":"https:\/\/www.bestinparts.com\/wp-content\/uploads\/2022\/02\/Best-Parts-home-logo2.png","width":197,"height":64,"caption":"Shenzhen Best Parts Co., Ltd"},"image":{"@id":"https:\/\/www.bestinparts.com\/#\/schema\/logo\/image\/"},"sameAs":["https:\/\/www.facebook.com\/BestPartsManufacturing\/","https:\/\/x.com\/BESTINPARTS","https:\/\/www.instagram.com\/bestinparts\/","https:\/\/www.linkedin.com\/company\/bestinparts","https:\/\/www.youtube.com\/channel\/UCxtW5GyB1LVudr8Rc6LcmTA\/featured?view_as=subscriber"]}]}},"_links":{"self":[{"href":"https:\/\/www.bestinparts.com\/de\/wp-json\/wp\/v2\/pages\/4118","targetHints":{"allow":["GET"]}}],"collection":[{"href":"https:\/\/www.bestinparts.com\/de\/wp-json\/wp\/v2\/pages"}],"about":[{"href":"https:\/\/www.bestinparts.com\/de\/wp-json\/wp\/v2\/types\/page"}],"author":[{"embeddable":true,"href":"https:\/\/www.bestinparts.com\/de\/wp-json\/wp\/v2\/users\/1"}],"replies":[{"embeddable":true,"href":"https:\/\/www.bestinparts.com\/de\/wp-json\/wp\/v2\/comments?post=4118"}],"version-history":[{"count":0,"href":"https:\/\/www.bestinparts.com\/de\/wp-json\/wp\/v2\/pages\/4118\/revisions"}],"up":[{"embeddable":true,"href":"https:\/\/www.bestinparts.com\/de\/wp-json\/wp\/v2\/pages\/3984"}],"wp:attachment":[{"href":"https:\/\/www.bestinparts.com\/de\/wp-json\/wp\/v2\/media?parent=4118"}],"curies":[{"name":"wp","href":"https:\/\/api.w.org\/{rel}","templated":true}]}}