{"id":4121,"date":"2017-12-21T02:58:03","date_gmt":"2017-12-21T02:58:03","guid":{"rendered":"https:\/\/cnc-rapid.com\/?page_id=4121"},"modified":"2022-04-12T01:50:17","modified_gmt":"2022-04-12T08:50:17","slug":"aerospace","status":"publish","type":"page","link":"https:\/\/www.bestinparts.com\/de\/resources\/industries\/aerospace\/","title":{"rendered":"Luft- und Raumfahrt"},"content":{"rendered":"<div class=\"vc_row wpb_row vc_row-fluid\"><div class=\"container\"><div class=\"row\"><div class=\"wpb_column vc_column_container vc_col-sm-12\"><div class=\"vc_column-inner\"><div class=\"wpb_wrapper\"><div class=\"mf-section-title text-left dark large-size\"><h2 >Luft- und Raumfahrt<\/h2><\/div><\/div><\/div><\/div><\/div><\/div><\/div><div class=\"vc_row wpb_row vc_row-fluid\"><div class=\"container\"><div class=\"row\"><div class=\"wpb_column vc_column_container vc_col-sm-6\"><div class=\"vc_column-inner\"><div class=\"wpb_wrapper\">\n\t<div  class=\"wpb_single_image wpb_content_element vc_align_center\">\n\t\t\n\t\t<figure class=\"wpb_wrapper vc_figure\">\n\t\t\t<div class=\"vc_single_image-wrapper   vc_box_border_grey\"><img loading=\"lazy\" decoding=\"async\" class=\"vc_single_image-img\" src=\"https:\/\/www.bestinparts.com\/wp-content\/uploads\/2022\/01\/aerospace-1.jpg\" width=\"600\" height=\"450\" alt=\"aerospace-1\" title=\"Luft- und Raumfahrt-1\" \/><\/div>\n\t\t<\/figure>\n\t<\/div>\n<\/div><\/div><\/div><div class=\"wpb_column vc_column_container vc_col-sm-6\"><div class=\"vc_column-inner\"><div class=\"wpb_wrapper\">\n\t<div class=\"wpb_text_column wpb_content_element\" >\n\t\t<div class=\"wpb_wrapper\">\n\t\t\t<p>Unsere langj\u00e4hrige Erfahrung in der Pr\u00e4zisionsbearbeitung und im Druckguss ist ein Vorteil in der Luft- und Raumfahrtindustrie. Unser Pr\u00e4zisionsguss kann in Luft- und Raumfahrtventilen, Motorhauben, kleinen Flugzeugteilen, unbemannten Luftfahrzeugteilen und mehr verwendet werden.<br \/>\nWir produzieren auch die folgenden Flugteile:<br \/>\n\u25cf Drohnenfl\u00fcgel aus Kohlefaser<br \/>\n\u25cf Innen- und Au\u00dfenverzahnungen zum W\u00e4lzfr\u00e4sen und Umformen<br \/>\n\u25cf Spirale<br \/>\n\u25cf Flansch<br \/>\n\u25cf St\u00fctzrahmen<br \/>\n\u25cf Sitzkomponente<\/p>\n<p>Jedes Projekt der Luft- und Raumfahrt erfordert den Einsatz von CNC, von bemannten Raumfahrzeugen im Weltraum bis hin zu Rundfunkflugzeugen, die Passagiere bef\u00f6rdern, sowie kleinen Zivilflugzeugen und mittlerweile weit verbreiteten Drohnen. Aerospace erforscht die Welt mit den genauesten Teilen.<\/p>\n\n\t\t<\/div>\n\t<\/div>\n<\/div><\/div><\/div><\/div><\/div><\/div><div class=\"vc_row wpb_row vc_row-fluid\"><div class=\"container\"><div class=\"row\"><div class=\"wpb_column vc_column_container vc_col-sm-12\"><div class=\"vc_column-inner\"><div class=\"wpb_wrapper\"><div class=\"mf-empty-space\" style=\"\"><div class=\"mf_empty_space_lg\"  style=\"height: 50px\"><\/div><div class=\"mf_empty_space_md\"  style=\"height: 30px\"><\/div><div class=\"mf_empty_space_xs\"  style=\"height: 30px\"><\/div><\/div><\/div><\/div><\/div><\/div><\/div><\/div><div class=\"vc_row wpb_row vc_row-fluid\"><div class=\"container\"><div class=\"row\"><div class=\"wpb_column vc_column_container vc_col-sm-12\"><div class=\"vc_column-inner\"><div class=\"wpb_wrapper\"><section class=\"vc_cta3-container\"><div class=\"vc_general vc_cta3 vc_cta3-style-classic vc_cta3-shape-rounded vc_cta3-align-left vc_cta3-color-classic vc_cta3-icon-size-md\"><div class=\"vc_cta3_content-container\"><div class=\"vc_cta3-content\"><header class=\"vc_cta3-content-header\"><h2>Luftfahrt-CNC<\/h2><\/header><p>Die NC-Bearbeitung hat den Vorteil, schnell und pr\u00e4zise zu sein, wenn es um fertigungsspezifische Werkzeuge f\u00fcr Luft- und Raumfahrtteile geht. Vom \u00c4u\u00dferen des Flugzeugs bis zum internen Motor enth\u00e4lt es h\u00f6chste Pr\u00e4zisionsbudgets. Beispielsweise ist es notwendig, das Flugzeug im normalen Flugbetrieb mit Treibstoff zu halten. Die konstruktive Gestaltung des Kraftstofftanks und die verwendeten Materialien f\u00fcr den Au\u00dfeneinsatz m\u00fcssen Tausende von Tests bestehen. Raumfahrzeuge fliegen Tausende von Kilometern entfernt im Weltraum und m\u00fcssen daher monatelang oder l\u00e4nger im Weltraum gehalten werden. Der CNC-Steuerungsbereich erfordert makellose Pr\u00e4zision und Genauigkeit.<br \/>\nDie hohe Geschwindigkeit und die hohe Effizienz, die wir anstreben, sind alles Bereiche, die die CNC-Steuerung beherrschen kann.<\/p>\n<\/div><\/div><\/div><\/section><div class=\"vc_btn3-container vc_btn3-center\" ><a class=\"vc_general vc_btn3 vc_btn3-size-md vc_btn3-shape-rounded vc_btn3-style-modern vc_btn3-color-primary\" href=\"https:\/\/www.bestinparts.com\/de\/request-a-quote\/\" title=\"Ein Angebot bekommen\" target=\"_blank\" rel=\"noopener\">Ein Angebot bekommen<\/a><\/div><\/div><\/div><\/div><\/div><\/div><\/div><div class=\"vc_row wpb_row vc_row-fluid\"><div class=\"container\"><div class=\"row\"><div class=\"wpb_column vc_column_container vc_col-sm-12\"><div class=\"vc_column-inner\"><div class=\"wpb_wrapper\">\n\t<div class=\"wpb_text_column wpb_content_element\" >\n\t\t<div class=\"wpb_wrapper\">\n\t\t\t<p>Wir haben nie aufgeh\u00f6rt, jenseits des Himmels zu forschen. Die Luft- und Raumfahrt ist auch eine wichtige Kraft, die ein Land im Luft- und Raumfahrtbereich repr\u00e4sentiert. Die Pr\u00e4zision der Luft- und Raumfahrtausr\u00fcstung f\u00fcr Produktionsanlagen ist auf dem H\u00f6hepunkt. BEST PARTS nutzt propriet\u00e4re Fertigungstechniken, um qualitativ hochwertige, komplexe Teile durch eine kosteng\u00fcnstige Produktion herzustellen. Als Anbieter von Prototypenprodukten haben wir uns auf Rapid-Prototyping-L\u00f6sungen spezialisiert.<\/p>\n\n\t\t<\/div>\n\t<\/div>\n<\/div><\/div><\/div><\/div><\/div><\/div>","protected":false},"excerpt":{"rendered":"Aerospace Our extensive experience in precision machining and pressure casting is an advantage in the aerospace industry. Our precision casting can be used in aerospace valves, engine hoods, small aircraft parts, unmanned aerial vehicle parts and more. We also produce the following flight parts: \u25cf\u00a0Carbon fiber drone wing \u25cf\u00a0Internal and external gears for hobbing and [...]","protected":false},"author":1,"featured_media":0,"parent":3984,"menu_order":2,"comment_status":"closed","ping_status":"closed","template":"","meta":{"footnotes":""},"class_list":["post-4121","page","type-page","status-publish","hentry","no-thumb"],"yoast_head":"<!-- This site is optimized with the Yoast SEO plugin v27.5 - https:\/\/yoast.com\/product\/yoast-seo-wordpress\/ -->\n<title>Aerospace - Best Parts-Online CNC Machining Service Supplier<\/title>\n<meta name=\"description\" content=\"ur extensive experience in precision machining and pressure casting is an advantage in the aerospace industry. Our precision casting can be used in aerospace valves, engine hoods, small aircraft parts, unmanned aerial vehicle parts and more.\" \/>\n<meta name=\"robots\" content=\"index, follow, max-snippet:-1, max-image-preview:large, max-video-preview:-1\" \/>\n<link rel=\"canonical\" href=\"https:\/\/www.bestinparts.com\/de\/resources\/industries\/aerospace\/\" \/>\n<meta property=\"og:locale\" content=\"de_DE\" \/>\n<meta property=\"og:type\" content=\"article\" \/>\n<meta property=\"og:title\" content=\"Aerospace - Best Parts-Online CNC Machining Service Supplier\" \/>\n<meta property=\"og:description\" content=\"ur extensive experience in precision machining and pressure casting is an advantage in the aerospace industry. Our precision casting can be used in aerospace valves, engine hoods, small aircraft parts, unmanned aerial vehicle parts and more.\" \/>\n<meta property=\"og:url\" content=\"https:\/\/www.bestinparts.com\/de\/resources\/industries\/aerospace\/\" \/>\n<meta property=\"og:site_name\" content=\"Best Parts-Online CNC Machining Service Supplier\" \/>\n<meta property=\"article:publisher\" content=\"https:\/\/www.facebook.com\/BestPartsManufacturing\/\" \/>\n<meta property=\"article:modified_time\" content=\"2022-04-12T08:50:17+00:00\" \/>\n<meta property=\"og:image\" content=\"https:\/\/www.bestinparts.com\/wp-content\/uploads\/2022\/03\/Best-parts-logo-1.png\" \/>\n\t<meta property=\"og:image:width\" content=\"800\" \/>\n\t<meta property=\"og:image:height\" content=\"302\" \/>\n\t<meta property=\"og:image:type\" content=\"image\/png\" \/>\n<meta name=\"twitter:card\" content=\"summary_large_image\" \/>\n<meta name=\"twitter:site\" content=\"@BESTINPARTS\" \/>\n<meta name=\"twitter:label1\" content=\"Gesch\u00e4tzte Lesezeit\" \/>\n\t<meta name=\"twitter:data1\" content=\"2\u00a0Minuten\" \/>\n<script type=\"application\/ld+json\" class=\"yoast-schema-graph\">{\"@context\":\"https:\\\/\\\/schema.org\",\"@graph\":[{\"@type\":\"WebPage\",\"@id\":\"https:\\\/\\\/www.bestinparts.com\\\/resources\\\/industries\\\/aerospace\\\/\",\"url\":\"https:\\\/\\\/www.bestinparts.com\\\/resources\\\/industries\\\/aerospace\\\/\",\"name\":\"Aerospace - Best Parts-Online CNC Machining Service Supplier\",\"isPartOf\":{\"@id\":\"https:\\\/\\\/www.bestinparts.com\\\/#website\"},\"datePublished\":\"2017-12-21T02:58:03+00:00\",\"dateModified\":\"2022-04-12T08:50:17+00:00\",\"description\":\"ur extensive experience in precision machining and pressure casting is an advantage in the aerospace industry. Our precision casting can be used in aerospace valves, engine hoods, small aircraft parts, unmanned aerial vehicle parts and more.\",\"breadcrumb\":{\"@id\":\"https:\\\/\\\/www.bestinparts.com\\\/resources\\\/industries\\\/aerospace\\\/#breadcrumb\"},\"inLanguage\":\"de\",\"potentialAction\":[{\"@type\":\"ReadAction\",\"target\":[\"https:\\\/\\\/www.bestinparts.com\\\/resources\\\/industries\\\/aerospace\\\/\"]}]},{\"@type\":\"BreadcrumbList\",\"@id\":\"https:\\\/\\\/www.bestinparts.com\\\/resources\\\/industries\\\/aerospace\\\/#breadcrumb\",\"itemListElement\":[{\"@type\":\"ListItem\",\"position\":1,\"name\":\"Home\",\"item\":\"https:\\\/\\\/www.bestinparts.com\\\/\"},{\"@type\":\"ListItem\",\"position\":2,\"name\":\"Resources\",\"item\":\"https:\\\/\\\/www.bestinparts.com\\\/resources\\\/\"},{\"@type\":\"ListItem\",\"position\":3,\"name\":\"Industries\",\"item\":\"https:\\\/\\\/www.bestinparts.com\\\/resources\\\/industries\\\/\"},{\"@type\":\"ListItem\",\"position\":4,\"name\":\"Aerospace\"}]},{\"@type\":\"WebSite\",\"@id\":\"https:\\\/\\\/www.bestinparts.com\\\/#website\",\"url\":\"https:\\\/\\\/www.bestinparts.com\\\/\",\"name\":\"Best Parts-Online CNC Machining Service Supplier\",\"description\":\"20+ Years CNC Machining Parts Manufacturer\",\"publisher\":{\"@id\":\"https:\\\/\\\/www.bestinparts.com\\\/#organization\"},\"potentialAction\":[{\"@type\":\"SearchAction\",\"target\":{\"@type\":\"EntryPoint\",\"urlTemplate\":\"https:\\\/\\\/www.bestinparts.com\\\/?s={search_term_string}\"},\"query-input\":{\"@type\":\"PropertyValueSpecification\",\"valueRequired\":true,\"valueName\":\"search_term_string\"}}],\"inLanguage\":\"de\"},{\"@type\":\"Organization\",\"@id\":\"https:\\\/\\\/www.bestinparts.com\\\/#organization\",\"name\":\"Shenzhen Best Parts Co., Ltd\",\"url\":\"https:\\\/\\\/www.bestinparts.com\\\/\",\"logo\":{\"@type\":\"ImageObject\",\"inLanguage\":\"de\",\"@id\":\"https:\\\/\\\/www.bestinparts.com\\\/#\\\/schema\\\/logo\\\/image\\\/\",\"url\":\"https:\\\/\\\/www.bestinparts.com\\\/wp-content\\\/uploads\\\/2022\\\/02\\\/Best-Parts-home-logo2.png\",\"contentUrl\":\"https:\\\/\\\/www.bestinparts.com\\\/wp-content\\\/uploads\\\/2022\\\/02\\\/Best-Parts-home-logo2.png\",\"width\":197,\"height\":64,\"caption\":\"Shenzhen Best Parts Co., Ltd\"},\"image\":{\"@id\":\"https:\\\/\\\/www.bestinparts.com\\\/#\\\/schema\\\/logo\\\/image\\\/\"},\"sameAs\":[\"https:\\\/\\\/www.facebook.com\\\/BestPartsManufacturing\\\/\",\"https:\\\/\\\/x.com\\\/BESTINPARTS\",\"https:\\\/\\\/www.instagram.com\\\/bestinparts\\\/\",\"https:\\\/\\\/www.linkedin.com\\\/company\\\/bestinparts\",\"https:\\\/\\\/www.youtube.com\\\/channel\\\/UCxtW5GyB1LVudr8Rc6LcmTA\\\/featured?view_as=subscriber\"]}]}<\/script>\n<!-- \/ Yoast SEO plugin. -->","yoast_head_json":{"title":"Aerospace - Best Parts-Online CNC Machining Service Supplier","description":"ur extensive experience in precision machining and pressure casting is an advantage in the aerospace industry. Our precision casting can be used in aerospace valves, engine hoods, small aircraft parts, unmanned aerial vehicle parts and more.","robots":{"index":"index","follow":"follow","max-snippet":"max-snippet:-1","max-image-preview":"max-image-preview:large","max-video-preview":"max-video-preview:-1"},"canonical":"https:\/\/www.bestinparts.com\/de\/resources\/industries\/aerospace\/","og_locale":"de_DE","og_type":"article","og_title":"Aerospace - Best Parts-Online CNC Machining Service Supplier","og_description":"ur extensive experience in precision machining and pressure casting is an advantage in the aerospace industry. Our precision casting can be used in aerospace valves, engine hoods, small aircraft parts, unmanned aerial vehicle parts and more.","og_url":"https:\/\/www.bestinparts.com\/de\/resources\/industries\/aerospace\/","og_site_name":"Best Parts-Online CNC Machining Service Supplier","article_publisher":"https:\/\/www.facebook.com\/BestPartsManufacturing\/","article_modified_time":"2022-04-12T08:50:17+00:00","og_image":[{"width":800,"height":302,"url":"https:\/\/www.bestinparts.com\/wp-content\/uploads\/2022\/03\/Best-parts-logo-1.png","type":"image\/png"}],"twitter_card":"summary_large_image","twitter_site":"@BESTINPARTS","twitter_misc":{"Gesch\u00e4tzte Lesezeit":"2\u00a0Minuten"},"schema":{"@context":"https:\/\/schema.org","@graph":[{"@type":"WebPage","@id":"https:\/\/www.bestinparts.com\/resources\/industries\/aerospace\/","url":"https:\/\/www.bestinparts.com\/resources\/industries\/aerospace\/","name":"Aerospace - Best Parts-Online CNC Machining Service Supplier","isPartOf":{"@id":"https:\/\/www.bestinparts.com\/#website"},"datePublished":"2017-12-21T02:58:03+00:00","dateModified":"2022-04-12T08:50:17+00:00","description":"ur extensive experience in precision machining and pressure casting is an advantage in the aerospace industry. Our precision casting can be used in aerospace valves, engine hoods, small aircraft parts, unmanned aerial vehicle parts and more.","breadcrumb":{"@id":"https:\/\/www.bestinparts.com\/resources\/industries\/aerospace\/#breadcrumb"},"inLanguage":"de","potentialAction":[{"@type":"ReadAction","target":["https:\/\/www.bestinparts.com\/resources\/industries\/aerospace\/"]}]},{"@type":"BreadcrumbList","@id":"https:\/\/www.bestinparts.com\/resources\/industries\/aerospace\/#breadcrumb","itemListElement":[{"@type":"ListItem","position":1,"name":"Home","item":"https:\/\/www.bestinparts.com\/"},{"@type":"ListItem","position":2,"name":"Resources","item":"https:\/\/www.bestinparts.com\/resources\/"},{"@type":"ListItem","position":3,"name":"Industries","item":"https:\/\/www.bestinparts.com\/resources\/industries\/"},{"@type":"ListItem","position":4,"name":"Aerospace"}]},{"@type":"WebSite","@id":"https:\/\/www.bestinparts.com\/#website","url":"https:\/\/www.bestinparts.com\/","name":"Best Parts-Online CNC Machining Service Supplier","description":"20+ Years CNC Machining Parts Manufacturer","publisher":{"@id":"https:\/\/www.bestinparts.com\/#organization"},"potentialAction":[{"@type":"SearchAction","target":{"@type":"EntryPoint","urlTemplate":"https:\/\/www.bestinparts.com\/?s={search_term_string}"},"query-input":{"@type":"PropertyValueSpecification","valueRequired":true,"valueName":"search_term_string"}}],"inLanguage":"de"},{"@type":"Organization","@id":"https:\/\/www.bestinparts.com\/#organization","name":"Shenzhen Best Parts Co., Ltd","url":"https:\/\/www.bestinparts.com\/","logo":{"@type":"ImageObject","inLanguage":"de","@id":"https:\/\/www.bestinparts.com\/#\/schema\/logo\/image\/","url":"https:\/\/www.bestinparts.com\/wp-content\/uploads\/2022\/02\/Best-Parts-home-logo2.png","contentUrl":"https:\/\/www.bestinparts.com\/wp-content\/uploads\/2022\/02\/Best-Parts-home-logo2.png","width":197,"height":64,"caption":"Shenzhen Best Parts Co., Ltd"},"image":{"@id":"https:\/\/www.bestinparts.com\/#\/schema\/logo\/image\/"},"sameAs":["https:\/\/www.facebook.com\/BestPartsManufacturing\/","https:\/\/x.com\/BESTINPARTS","https:\/\/www.instagram.com\/bestinparts\/","https:\/\/www.linkedin.com\/company\/bestinparts","https:\/\/www.youtube.com\/channel\/UCxtW5GyB1LVudr8Rc6LcmTA\/featured?view_as=subscriber"]}]}},"_links":{"self":[{"href":"https:\/\/www.bestinparts.com\/de\/wp-json\/wp\/v2\/pages\/4121","targetHints":{"allow":["GET"]}}],"collection":[{"href":"https:\/\/www.bestinparts.com\/de\/wp-json\/wp\/v2\/pages"}],"about":[{"href":"https:\/\/www.bestinparts.com\/de\/wp-json\/wp\/v2\/types\/page"}],"author":[{"embeddable":true,"href":"https:\/\/www.bestinparts.com\/de\/wp-json\/wp\/v2\/users\/1"}],"replies":[{"embeddable":true,"href":"https:\/\/www.bestinparts.com\/de\/wp-json\/wp\/v2\/comments?post=4121"}],"version-history":[{"count":0,"href":"https:\/\/www.bestinparts.com\/de\/wp-json\/wp\/v2\/pages\/4121\/revisions"}],"up":[{"embeddable":true,"href":"https:\/\/www.bestinparts.com\/de\/wp-json\/wp\/v2\/pages\/3984"}],"wp:attachment":[{"href":"https:\/\/www.bestinparts.com\/de\/wp-json\/wp\/v2\/media?parent=4121"}],"curies":[{"name":"wp","href":"https:\/\/api.w.org\/{rel}","templated":true}]}}