{"id":4129,"date":"2017-12-18T03:06:44","date_gmt":"2017-12-18T03:06:44","guid":{"rendered":"https:\/\/cnc-rapid.com\/?page_id=4129"},"modified":"2022-04-12T01:50:17","modified_gmt":"2022-04-12T08:50:17","slug":"artificial-intelligence","status":"publish","type":"page","link":"https:\/\/www.bestinparts.com\/de\/resources\/industries\/artificial-intelligence\/","title":{"rendered":"K\u00fcnstliche Intelligenz"},"content":{"rendered":"<div class=\"vc_row wpb_row vc_row-fluid\"><div class=\"container\"><div class=\"row\"><div class=\"wpb_column vc_column_container vc_col-sm-12\"><div class=\"vc_column-inner\"><div class=\"wpb_wrapper\"><div class=\"mf-section-title text-left dark large-size\"><h2 >K\u00fcnstliche Intelligenz<\/h2><\/div><\/div><\/div><\/div><\/div><\/div><\/div><div class=\"vc_row wpb_row vc_row-fluid\"><div class=\"container\"><div class=\"row\"><div class=\"wpb_column vc_column_container vc_col-sm-6\"><div class=\"vc_column-inner\"><div class=\"wpb_wrapper\">\n\t<div  class=\"wpb_single_image wpb_content_element vc_align_center\">\n\t\t\n\t\t<figure class=\"wpb_wrapper vc_figure\">\n\t\t\t<div class=\"vc_single_image-wrapper   vc_box_border_grey\"><img loading=\"lazy\" decoding=\"async\" class=\"vc_single_image-img\" src=\"https:\/\/www.bestinparts.com\/wp-content\/uploads\/2022\/01\/artificial-intelligence.jpg\" width=\"600\" height=\"450\" alt=\"artificial intelligence\" title=\"k\u00fcnstliche Intelligenz\" \/><\/div>\n\t\t<\/figure>\n\t<\/div>\n<\/div><\/div><\/div><div class=\"wpb_column vc_column_container vc_col-sm-6\"><div class=\"vc_column-inner\"><div class=\"wpb_wrapper\">\n\t<div class=\"wpb_text_column wpb_content_element\" >\n\t\t<div class=\"wpb_wrapper\">\n\t\t\t<p>Unser kundenorientierter Service bietet Kunden ma\u00dfgeschneiderte L\u00f6sungen. Wir verstehen die Bed\u00fcrfnisse der Automobil- und Transportindustrie und arbeiten mit Ihnen zusammen, um sicherzustellen, dass diese Anforderungen erf\u00fcllt und \u00fcbertroffen werden. Unser breites Spektrum an Prozessen ist f\u00fcr jeden Teil der Automobilindustrie geeignet.<br \/>\n\u25cf CNC-Bearbeitung<br \/>\n\u25cf 3D-Druck<br \/>\n\u25cf Schnelles Spritzgie\u00dfen<br \/>\n\u25cf Vakuumguss<br \/>\n\u25cf Repr\u00e4sentative Teile<\/p>\n\n\t\t<\/div>\n\t<\/div>\n<\/div><\/div><\/div><\/div><\/div><\/div><div class=\"vc_row wpb_row vc_row-fluid\"><div class=\"container\"><div class=\"row\"><div class=\"wpb_column vc_column_container vc_col-sm-12\"><div class=\"vc_column-inner\"><div class=\"wpb_wrapper\"><div class=\"mf-empty-space\" style=\"\"><div class=\"mf_empty_space_lg\"  style=\"height: 50px\"><\/div><div class=\"mf_empty_space_md\"  style=\"height: 30px\"><\/div><div class=\"mf_empty_space_xs\"  style=\"height: 30px\"><\/div><\/div><\/div><\/div><\/div><\/div><\/div><\/div><div class=\"vc_row wpb_row vc_row-fluid\"><div class=\"container\"><div class=\"row\"><div class=\"wpb_column vc_column_container vc_col-sm-12\"><div class=\"vc_column-inner\"><div class=\"wpb_wrapper\"><section class=\"vc_cta3-container\"><div class=\"vc_general vc_cta3 vc_cta3-style-classic vc_cta3-shape-rounded vc_cta3-align-left vc_cta3-color-classic vc_cta3-icon-size-md\"><div class=\"vc_cta3_content-container\"><div class=\"vc_cta3-content\"><header class=\"vc_cta3-content-header\"><h2>K\u00fcnstliche Intelligenz Lieferant von kundenspezifischen Teilen<\/h2><\/header><p>Im Zeitalter der modernen k\u00fcnstlichen Intelligenz wurden bereits viele komplizierte und komplizierte Aufgaben an die k\u00fcnstliche Intelligenz abgegeben. In Terminals mit k\u00fcnstlicher Intelligenz ist eine gro\u00dfe Anzahl von Teilen erforderlich, um die Montage des Produkts zu konsolidieren und aufrechtzuerhalten. BEST PARTS passt sich der Entwicklung der Zeit an und versorgt Kunden mit professionellen KI-Teilen.<\/p>\n<\/div><\/div><\/div><\/section><div class=\"vc_btn3-container vc_btn3-center\" ><a class=\"vc_general vc_btn3 vc_btn3-size-md vc_btn3-shape-rounded vc_btn3-style-modern vc_btn3-color-primary\" href=\"https:\/\/www.bestinparts.com\/de\/request-a-quote\/\" title=\"Ein Angebot bekommen\" target=\"_blank\" rel=\"noopener\">Ein Angebot bekommen<\/a><\/div><\/div><\/div><\/div><\/div><\/div><\/div><div class=\"vc_row wpb_row vc_row-fluid\"><div class=\"container\"><div class=\"row\"><div class=\"wpb_column vc_column_container vc_col-sm-12\"><div class=\"vc_column-inner\"><div class=\"wpb_wrapper\">\n\t<div class=\"wpb_text_column wpb_content_element\" >\n\t\t<div class=\"wpb_wrapper\">\n\t\t\t<p><strong><b>Intelligente medizinische Roboter, die in medizinischen oder paramedizinischen Bereichen t\u00e4tig sind<\/b><\/strong><br \/>\nIntelligente medizinische Behandlung: der unvermeidliche Trend der Krankenhausinformationen in der Zukunft! Erkennung von Roboteranwendungen im medizinischen Bereich und Popularisierung von Anwendungen in verschiedenen Phasen der Diagnose und Behandlung. Medizinische Roboter, insbesondere chirurgische Roboter, sind zu \u201eHigh-Demand-Produkten\u201c im Bereich der Robotik geworden. Anstelle der traditionellen Chirurgie halten \u00c4rzte chirurgische Instrumente lange und halten eine hohe Spannung aufrecht. Der weit verbreitete Einsatz von Operationsrobotern hat die Medizintechnik stark verbessert. Der chirurgische Roboter hat ein breiteres Sichtfeld, genauere chirurgische Eingriffe und f\u00f6rdert die Genesung des Patienten.<\/p>\n\n\t\t<\/div>\n\t<\/div>\n\n\t<div class=\"wpb_text_column wpb_content_element\" >\n\t\t<div class=\"wpb_wrapper\">\n\t\t\t<p><strong><b>Anwendung von k\u00fcnstlicher Intelligenz in verschiedenen Branchen<\/b><\/strong><\/p>\n<p>Sicherheit: Verwendung von Computer-Vision-Technologie und Big Data zur Analyse des Lebenswegs von Verd\u00e4chtigen und m\u00f6glichen Orten<br \/>\nFinanzen: Einsatz von Spracherkennung, semantischem Verst\u00e4ndnis und anderen Technologien zur Schaffung eines intelligenten Kundenservice \u00b7<br \/>\nMedizin: Intelligente Bildgebung erm\u00f6glicht ein schnelles Screening f\u00fcr die Krebsfr\u00fcherkennung und hilft Patienten, L\u00e4sionen fr\u00fcher zu erkennen.<\/p>\n<p>Verkehr: fahrerloser Einsatz von Sensoren, Computer Vision und anderen Technologien zur Befreiung der menschlichen H\u00e4nde und Wahrnehmung. Einzelhandel: Einsatz von Computer Vision, Sprach-\/semantischer Erkennung, Robotik usw. Technologie verbessert das Verbrauchererlebnis.<\/p>\n<p>Industrielle Fertigung: Roboter ersetzen Arbeiter, um Arbeiten an gef\u00e4hrlichen Orten zu erledigen, und erledigen sich wiederholende Aufgaben am Flie\u00dfband effizient.<\/p>\n\n\t\t<\/div>\n\t<\/div>\n<\/div><\/div><\/div><\/div><\/div><\/div>","protected":false},"excerpt":{"rendered":"Artificial Intelligence Our customer-focused service provides customers with customized solutions. We understand the needs of the automotive and transportation industries and work with you to ensure that these needs are met and exceeded.Our wide range of processes is suitable for every part of the automotive industry. \u25cf CNC machining \u25cf 3D printing \u25cf Rapid injection [...]","protected":false},"author":1,"featured_media":0,"parent":3984,"menu_order":3,"comment_status":"closed","ping_status":"closed","template":"","meta":{"footnotes":""},"class_list":["post-4129","page","type-page","status-publish","hentry","no-thumb"],"yoast_head":"<!-- This site is optimized with the Yoast SEO plugin v27.3 - https:\/\/yoast.com\/product\/yoast-seo-wordpress\/ -->\n<title>Artificial Intelligence - Best Parts-Online CNC Machining Service Supplier<\/title>\n<meta name=\"description\" content=\"Our customer-focused service provides customers with customized solutions. We understand the needs of the automotive and transportation industries and work with you to ensure that these needs are met and exceeded.Our wide range of processes is suitable for every part of the automotive industry.\" \/>\n<meta name=\"robots\" content=\"index, follow, max-snippet:-1, max-image-preview:large, max-video-preview:-1\" \/>\n<link rel=\"canonical\" href=\"https:\/\/www.bestinparts.com\/de\/resources\/industries\/artificial-intelligence\/\" \/>\n<meta property=\"og:locale\" content=\"de_DE\" \/>\n<meta property=\"og:type\" content=\"article\" \/>\n<meta property=\"og:title\" content=\"Artificial Intelligence - Best Parts-Online CNC Machining Service Supplier\" \/>\n<meta property=\"og:description\" content=\"Our customer-focused service provides customers with customized solutions. We understand the needs of the automotive and transportation industries and work with you to ensure that these needs are met and exceeded.Our wide range of processes is suitable for every part of the automotive industry.\" \/>\n<meta property=\"og:url\" content=\"https:\/\/www.bestinparts.com\/de\/resources\/industries\/artificial-intelligence\/\" \/>\n<meta property=\"og:site_name\" content=\"Best Parts-Online CNC Machining Service Supplier\" \/>\n<meta property=\"article:publisher\" content=\"https:\/\/www.facebook.com\/BestPartsManufacturing\/\" \/>\n<meta property=\"article:modified_time\" content=\"2022-04-12T08:50:17+00:00\" \/>\n<meta property=\"og:image\" content=\"https:\/\/www.bestinparts.com\/wp-content\/uploads\/2022\/03\/Best-parts-logo-1.png\" \/>\n\t<meta property=\"og:image:width\" content=\"800\" \/>\n\t<meta property=\"og:image:height\" content=\"302\" \/>\n\t<meta property=\"og:image:type\" content=\"image\/png\" \/>\n<meta name=\"twitter:card\" content=\"summary_large_image\" \/>\n<meta name=\"twitter:site\" content=\"@BESTINPARTS\" \/>\n<meta name=\"twitter:label1\" content=\"Gesch\u00e4tzte Lesezeit\" \/>\n\t<meta name=\"twitter:data1\" content=\"2\u00a0Minuten\" \/>\n<script type=\"application\/ld+json\" class=\"yoast-schema-graph\">{\"@context\":\"https:\\\/\\\/schema.org\",\"@graph\":[{\"@type\":\"WebPage\",\"@id\":\"https:\\\/\\\/www.bestinparts.com\\\/resources\\\/industries\\\/artificial-intelligence\\\/\",\"url\":\"https:\\\/\\\/www.bestinparts.com\\\/resources\\\/industries\\\/artificial-intelligence\\\/\",\"name\":\"Artificial Intelligence - Best Parts-Online CNC Machining Service Supplier\",\"isPartOf\":{\"@id\":\"https:\\\/\\\/www.bestinparts.com\\\/#website\"},\"datePublished\":\"2017-12-18T03:06:44+00:00\",\"dateModified\":\"2022-04-12T08:50:17+00:00\",\"description\":\"Our customer-focused service provides customers with customized solutions. We understand the needs of the automotive and transportation industries and work with you to ensure that these needs are met and exceeded.Our wide range of processes is suitable for every part of the automotive industry.\",\"breadcrumb\":{\"@id\":\"https:\\\/\\\/www.bestinparts.com\\\/resources\\\/industries\\\/artificial-intelligence\\\/#breadcrumb\"},\"inLanguage\":\"de\",\"potentialAction\":[{\"@type\":\"ReadAction\",\"target\":[\"https:\\\/\\\/www.bestinparts.com\\\/resources\\\/industries\\\/artificial-intelligence\\\/\"]}]},{\"@type\":\"BreadcrumbList\",\"@id\":\"https:\\\/\\\/www.bestinparts.com\\\/resources\\\/industries\\\/artificial-intelligence\\\/#breadcrumb\",\"itemListElement\":[{\"@type\":\"ListItem\",\"position\":1,\"name\":\"Home\",\"item\":\"https:\\\/\\\/www.bestinparts.com\\\/\"},{\"@type\":\"ListItem\",\"position\":2,\"name\":\"Resources\",\"item\":\"https:\\\/\\\/www.bestinparts.com\\\/resources\\\/\"},{\"@type\":\"ListItem\",\"position\":3,\"name\":\"Industries\",\"item\":\"https:\\\/\\\/www.bestinparts.com\\\/resources\\\/industries\\\/\"},{\"@type\":\"ListItem\",\"position\":4,\"name\":\"Artificial Intelligence\"}]},{\"@type\":\"WebSite\",\"@id\":\"https:\\\/\\\/www.bestinparts.com\\\/#website\",\"url\":\"https:\\\/\\\/www.bestinparts.com\\\/\",\"name\":\"Best Parts-Online CNC Machining Service Supplier\",\"description\":\"20+ Years CNC Machining Parts Manufacturer\",\"publisher\":{\"@id\":\"https:\\\/\\\/www.bestinparts.com\\\/#organization\"},\"potentialAction\":[{\"@type\":\"SearchAction\",\"target\":{\"@type\":\"EntryPoint\",\"urlTemplate\":\"https:\\\/\\\/www.bestinparts.com\\\/?s={search_term_string}\"},\"query-input\":{\"@type\":\"PropertyValueSpecification\",\"valueRequired\":true,\"valueName\":\"search_term_string\"}}],\"inLanguage\":\"de\"},{\"@type\":\"Organization\",\"@id\":\"https:\\\/\\\/www.bestinparts.com\\\/#organization\",\"name\":\"Shenzhen Best Parts Co., Ltd\",\"url\":\"https:\\\/\\\/www.bestinparts.com\\\/\",\"logo\":{\"@type\":\"ImageObject\",\"inLanguage\":\"de\",\"@id\":\"https:\\\/\\\/www.bestinparts.com\\\/#\\\/schema\\\/logo\\\/image\\\/\",\"url\":\"https:\\\/\\\/www.bestinparts.com\\\/wp-content\\\/uploads\\\/2022\\\/02\\\/Best-Parts-home-logo2.png\",\"contentUrl\":\"https:\\\/\\\/www.bestinparts.com\\\/wp-content\\\/uploads\\\/2022\\\/02\\\/Best-Parts-home-logo2.png\",\"width\":197,\"height\":64,\"caption\":\"Shenzhen Best Parts Co., Ltd\"},\"image\":{\"@id\":\"https:\\\/\\\/www.bestinparts.com\\\/#\\\/schema\\\/logo\\\/image\\\/\"},\"sameAs\":[\"https:\\\/\\\/www.facebook.com\\\/BestPartsManufacturing\\\/\",\"https:\\\/\\\/x.com\\\/BESTINPARTS\",\"https:\\\/\\\/www.instagram.com\\\/bestinparts\\\/\",\"https:\\\/\\\/www.linkedin.com\\\/company\\\/bestinparts\",\"https:\\\/\\\/www.youtube.com\\\/channel\\\/UCxtW5GyB1LVudr8Rc6LcmTA\\\/featured?view_as=subscriber\"]}]}<\/script>\n<!-- \/ Yoast SEO plugin. -->","yoast_head_json":{"title":"Artificial Intelligence - Best Parts-Online CNC Machining Service Supplier","description":"Our customer-focused service provides customers with customized solutions. We understand the needs of the automotive and transportation industries and work with you to ensure that these needs are met and exceeded.Our wide range of processes is suitable for every part of the automotive industry.","robots":{"index":"index","follow":"follow","max-snippet":"max-snippet:-1","max-image-preview":"max-image-preview:large","max-video-preview":"max-video-preview:-1"},"canonical":"https:\/\/www.bestinparts.com\/de\/resources\/industries\/artificial-intelligence\/","og_locale":"de_DE","og_type":"article","og_title":"Artificial Intelligence - Best Parts-Online CNC Machining Service Supplier","og_description":"Our customer-focused service provides customers with customized solutions. We understand the needs of the automotive and transportation industries and work with you to ensure that these needs are met and exceeded.Our wide range of processes is suitable for every part of the automotive industry.","og_url":"https:\/\/www.bestinparts.com\/de\/resources\/industries\/artificial-intelligence\/","og_site_name":"Best Parts-Online CNC Machining Service Supplier","article_publisher":"https:\/\/www.facebook.com\/BestPartsManufacturing\/","article_modified_time":"2022-04-12T08:50:17+00:00","og_image":[{"width":800,"height":302,"url":"https:\/\/www.bestinparts.com\/wp-content\/uploads\/2022\/03\/Best-parts-logo-1.png","type":"image\/png"}],"twitter_card":"summary_large_image","twitter_site":"@BESTINPARTS","twitter_misc":{"Gesch\u00e4tzte Lesezeit":"2\u00a0Minuten"},"schema":{"@context":"https:\/\/schema.org","@graph":[{"@type":"WebPage","@id":"https:\/\/www.bestinparts.com\/resources\/industries\/artificial-intelligence\/","url":"https:\/\/www.bestinparts.com\/resources\/industries\/artificial-intelligence\/","name":"Artificial Intelligence - Best Parts-Online CNC Machining Service Supplier","isPartOf":{"@id":"https:\/\/www.bestinparts.com\/#website"},"datePublished":"2017-12-18T03:06:44+00:00","dateModified":"2022-04-12T08:50:17+00:00","description":"Our customer-focused service provides customers with customized solutions. We understand the needs of the automotive and transportation industries and work with you to ensure that these needs are met and exceeded.Our wide range of processes is suitable for every part of the automotive industry.","breadcrumb":{"@id":"https:\/\/www.bestinparts.com\/resources\/industries\/artificial-intelligence\/#breadcrumb"},"inLanguage":"de","potentialAction":[{"@type":"ReadAction","target":["https:\/\/www.bestinparts.com\/resources\/industries\/artificial-intelligence\/"]}]},{"@type":"BreadcrumbList","@id":"https:\/\/www.bestinparts.com\/resources\/industries\/artificial-intelligence\/#breadcrumb","itemListElement":[{"@type":"ListItem","position":1,"name":"Home","item":"https:\/\/www.bestinparts.com\/"},{"@type":"ListItem","position":2,"name":"Resources","item":"https:\/\/www.bestinparts.com\/resources\/"},{"@type":"ListItem","position":3,"name":"Industries","item":"https:\/\/www.bestinparts.com\/resources\/industries\/"},{"@type":"ListItem","position":4,"name":"Artificial Intelligence"}]},{"@type":"WebSite","@id":"https:\/\/www.bestinparts.com\/#website","url":"https:\/\/www.bestinparts.com\/","name":"Best Parts-Online CNC Machining Service Supplier","description":"20+ Years CNC Machining Parts Manufacturer","publisher":{"@id":"https:\/\/www.bestinparts.com\/#organization"},"potentialAction":[{"@type":"SearchAction","target":{"@type":"EntryPoint","urlTemplate":"https:\/\/www.bestinparts.com\/?s={search_term_string}"},"query-input":{"@type":"PropertyValueSpecification","valueRequired":true,"valueName":"search_term_string"}}],"inLanguage":"de"},{"@type":"Organization","@id":"https:\/\/www.bestinparts.com\/#organization","name":"Shenzhen Best Parts Co., Ltd","url":"https:\/\/www.bestinparts.com\/","logo":{"@type":"ImageObject","inLanguage":"de","@id":"https:\/\/www.bestinparts.com\/#\/schema\/logo\/image\/","url":"https:\/\/www.bestinparts.com\/wp-content\/uploads\/2022\/02\/Best-Parts-home-logo2.png","contentUrl":"https:\/\/www.bestinparts.com\/wp-content\/uploads\/2022\/02\/Best-Parts-home-logo2.png","width":197,"height":64,"caption":"Shenzhen Best Parts Co., Ltd"},"image":{"@id":"https:\/\/www.bestinparts.com\/#\/schema\/logo\/image\/"},"sameAs":["https:\/\/www.facebook.com\/BestPartsManufacturing\/","https:\/\/x.com\/BESTINPARTS","https:\/\/www.instagram.com\/bestinparts\/","https:\/\/www.linkedin.com\/company\/bestinparts","https:\/\/www.youtube.com\/channel\/UCxtW5GyB1LVudr8Rc6LcmTA\/featured?view_as=subscriber"]}]}},"_links":{"self":[{"href":"https:\/\/www.bestinparts.com\/de\/wp-json\/wp\/v2\/pages\/4129","targetHints":{"allow":["GET"]}}],"collection":[{"href":"https:\/\/www.bestinparts.com\/de\/wp-json\/wp\/v2\/pages"}],"about":[{"href":"https:\/\/www.bestinparts.com\/de\/wp-json\/wp\/v2\/types\/page"}],"author":[{"embeddable":true,"href":"https:\/\/www.bestinparts.com\/de\/wp-json\/wp\/v2\/users\/1"}],"replies":[{"embeddable":true,"href":"https:\/\/www.bestinparts.com\/de\/wp-json\/wp\/v2\/comments?post=4129"}],"version-history":[{"count":0,"href":"https:\/\/www.bestinparts.com\/de\/wp-json\/wp\/v2\/pages\/4129\/revisions"}],"up":[{"embeddable":true,"href":"https:\/\/www.bestinparts.com\/de\/wp-json\/wp\/v2\/pages\/3984"}],"wp:attachment":[{"href":"https:\/\/www.bestinparts.com\/de\/wp-json\/wp\/v2\/media?parent=4129"}],"curies":[{"name":"wp","href":"https:\/\/api.w.org\/{rel}","templated":true}]}}