{"id":3,"date":"2017-12-09T07:42:03","date_gmt":"2017-12-09T07:42:03","guid":{"rendered":"https:\/\/cnc-rapid.com\/?page_id=3"},"modified":"2022-04-12T01:50:17","modified_gmt":"2022-04-12T08:50:17","slug":"privacy-policy","status":"publish","type":"page","link":"https:\/\/www.bestinparts.com\/es\/privacy-policy\/","title":{"rendered":"Pol\u00edtica de privacidad"},"content":{"rendered":"<p><strong>Fecha de vigencia: 1 de diciembre de 2020<\/strong><\/p>\r\n<p>Su privacidad es importante para Best Parts, por lo que hemos desarrollado una Pol\u00edtica de privacidad que cubre c\u00f3mo recopilamos, usamos, divulgamos y transferimos su informaci\u00f3n personal. Nos tomamos su privacidad tan en serio como usted y solo recopilaremos la informaci\u00f3n necesaria para brindarle la mejor experiencia.<\/p>\r\n<h2 class=\"wp-block-heading\"><strong>1. Informaci\u00f3n recopilada por Best Parts<\/strong><\/h2>\r\n<p>En esta Pol\u00edtica de Privacidad, el t\u00e9rmino \u201cInformaci\u00f3n Personal\u201d significa cualquier informaci\u00f3n relacionada con una persona f\u00edsica identificada o identificable; una persona identificable es aquella que puede ser identificada, directa o indirectamente, en particular por referencia a un nombre, un n\u00famero de identificaci\u00f3n o, en determinadas circunstancias, informaci\u00f3n de ubicaci\u00f3n, una direcci\u00f3n IP o el identificador \u00fanico asignado a cada dispositivo Best Parts. Espec\u00edficamente, recopilamos la siguiente informaci\u00f3n de usted, que puede incluir informaci\u00f3n personal.<\/p>\r\n<p><strong>E. Informaci\u00f3n recopilada a trav\u00e9s de los servicios de soporte de Best Parts<\/strong><\/p>\r\n<p>Brindamos servicios de soporte a trav\u00e9s de chat en vivo en nuestro sitio web, env\u00edos de solicitudes por correo electr\u00f3nico, llamadas telef\u00f3nicas salientes grabadas y correo electr\u00f3nico directo. Recopilamos cualquier informaci\u00f3n personal que elija proporcionar a nuestro equipo de atenci\u00f3n al cliente en el proceso. Esto incluye, pero no se limita a: su nombre, direcci\u00f3n de correo electr\u00f3nico, n\u00famero de tel\u00e9fono y direcci\u00f3n postal. Podemos usar y procesar su informaci\u00f3n personal, incluida la informaci\u00f3n de ubicaci\u00f3n, para manejar su solicitud de soporte y brindarle el mejor soporte posible.<\/p>\r\n<h2><strong>2.Cookies y otras tecnolog\u00edas web<\/strong><\/h2>\r\n<p><strong>A. Galletas<\/strong><\/p>\r\n<p>Las cookies son peque\u00f1os archivos de texto que se colocan en el disco duro de su computadora o en la memoria de su dispositivo m\u00f3vil, si su navegador est\u00e1 configurado para aceptar cookies. Al igual que muchos otros servicios en l\u00ednea, las cookies y otras herramientas nos ayudan a recopilar y comprender c\u00f3mo usa nuestros servicios.<\/p>\r\n<p>Aunque la mayor\u00eda de los navegadores de Internet aceptan autom\u00e1ticamente las cookies, puede cambiar su configuraci\u00f3n o usar herramientas de terceros para que le avise antes de aceptar cookies de los sitios web que elija visitar, o para rechazarlas por completo. Incluso puede eliminarlos a trav\u00e9s de su navegador. La mayor\u00eda de los navegadores tambi\u00e9n tienen configuraciones para evitar que acepten nuevas cookies, para notificarle cuando recibe una nueva cookie o para eliminar o deshabilitar las cookies por completo. Sin embargo, es posible que algunas partes de nuestros Servicios no funcionen para usted si deshabilita las cookies.<\/p>\r\n<p>Tambi\u00e9n podemos usar cookies para medir el uso del sitio, realizar investigaciones y diagn\u00f3sticos para mejorar los productos y servicios que brindamos y para ayudarnos a analizar el tr\u00e1fico web general.<\/p>\r\n<p>Las cookies que utilizamos caducan despu\u00e9s de haber cumplido sus prop\u00f3sitos. Algunas cookies caducan cuando cierra su navegador (es decir, cookies de sesi\u00f3n) o despu\u00e9s de un per\u00edodo de tiempo determinado (es decir, cookies persistentes). El tiempo de caducidad de las cookies colocadas por terceros (explicado a continuaci\u00f3n) lo determina el tercero, no nosotros.<\/p>\r\n<p><strong>C. Balizas web<\/strong><\/p>\r\n<p>Las balizas web (tambi\u00e9n conocidas como web bugs, etiquetas de p\u00edxeles o GIF transparentes) son gr\u00e1ficos diminutos con un identificador \u00fanico que se pueden incluir en nuestros Servicios para varios prop\u00f3sitos, incluso para entregar o comunicarse con cookies, para rastrear y medir el rendimiento de nuestros Servicios. , para monitorear cu\u00e1ntos visitantes ven nuestros Servicios y para monitorear la efectividad de nuestra publicidad. A diferencia de las cookies, que se almacenan en el disco duro del usuario, las balizas web suelen estar incrustadas de forma invisible en las p\u00e1ginas web (o en un correo electr\u00f3nico).<\/p>\r\n<h2><strong>3. Servicios de terceros<\/strong><\/h2>\r\n<p>A veces, Best Parts utiliza servicios de terceros, como ciertos servicios ofrecidos por Facebook, Google. Estos servicios externos tambi\u00e9n pueden recopilar informaci\u00f3n personal sobre usted y sus actividades en l\u00ednea.<\/p>\r\n<p>Tambi\u00e9n pueden colocar cookies en el disco duro de su computadora o en la memoria de su dispositivo m\u00f3vil o usar balizas web para recopilar o recibir informaci\u00f3n de los Servicios y de otros lugares en Internet y usar esa informaci\u00f3n para proporcionar an\u00e1lisis y anuncios dirigidos. Las pr\u00e1cticas de informaci\u00f3n de estos servicios externos no est\u00e1n cubiertas por esta Pol\u00edtica de Privacidad. No podemos acceder, ni (tenemos) ning\u00fan control sobre las cookies u otras tecnolog\u00edas web que puedan usar.<\/p>\r\n<p><strong>A. Servicios de medici\u00f3n y segmentaci\u00f3n de anuncios<\/strong><\/p>\r\n<p>Podemos utilizar herramientas ofrecidas por servicios de terceros, como Facebook, para enviar datos sobre las acciones que los usuarios realizan en los Servicios. Estos servicios de terceros pueden usar dichos datos para proporcionar servicios de medici\u00f3n a Best Parts o para orientar anuncios. Puede cancelar la recopilaci\u00f3n y el uso de informaci\u00f3n para la orientaci\u00f3n de anuncios yendo a\u00a0<a href=\"http:\/\/www.aboutads.info\/choices\" target=\"_blank\" rel=\"noopener\">http:\/\/www.aboutads.info\/choices<\/a>\u00a0o\u00a0<a href=\"http:\/\/www.youronlinechoices.eu\/\" target=\"_blank\" rel=\"noopener\">http:\/\/www.youronlinechoices.eu\/<\/a>.<\/p>\r\n<p><strong>C. Complementos sociales y widgets sociales<\/strong><\/p>\r\n<p>Podemos usar complementos sociales, widgets y otras funciones (cada una, una &quot;Funci\u00f3n social&quot;) que est\u00e1n disponibles y\/o acceden a redes sociales de terceros. Estas funciones sociales permiten que estas redes sociales coloquen cookies en su navegador y recopilen cierta informaci\u00f3n, que puede estar asociada con su nombre y cuenta personal de la red social.<\/p>\r\n<p>Estas Funciones sociales son operadas \u00fanicamente por las respectivas Redes sociales y sus proveedores de servicios, y le recomendamos que lea atentamente sus pol\u00edticas de privacidad antes de decidir utilizarlas. No tenemos control ni acceso a la informaci\u00f3n recopilada, almacenada o utilizada por dichas Redes sociales, y las pr\u00e1cticas de informaci\u00f3n de dichas Redes sociales no est\u00e1n cubiertas por esta Pol\u00edtica de privacidad.<\/p>\r\n<p>Si no desea asociar ninguna informaci\u00f3n recopilada a trav\u00e9s de complementos, widgets y\/u otras funciones con la informaci\u00f3n de su cuenta personal de la red social, debe abstenerse de usar estas funciones sociales y cerrar sesi\u00f3n en su cuenta de la red social antes de visitar nuestros Servicios.<\/p>\r\n<h2><strong>4. No somos responsables del contenido de los sitios web de terceros<\/strong><\/h2>\r\n<p align=\"justify\">Nuestros Servicios pueden contener enlaces a sitios web y servicios que son propiedad de terceros u operados por ellos (cada uno, un &quot;Servicio de terceros&quot;). Cualquier informaci\u00f3n que proporcione en o para un Servicio de terceros, o que sea recopilada por un Servicio de terceros, se proporciona directamente al propietario u operador del Servicio de terceros y est\u00e1 sujeta a la pol\u00edtica de privacidad del propietario u operador. No somos responsables del contenido, la privacidad o las pr\u00e1cticas y pol\u00edticas de seguridad de ning\u00fan Servicio de terceros. Para proteger su informaci\u00f3n, le recomendamos que revise detenidamente las pol\u00edticas de privacidad de todos los Servicios de terceros a los que acceda.<\/p>\r\n<h2><strong>5. Usamos y divulgamos su informaci\u00f3n personal para proporcionar, mejorar y promocionar nuestros servicios<\/strong><\/h2>\r\n<p><strong>A. C\u00f3mo usamos su informaci\u00f3n personal (PI)<\/strong><\/p>\r\n<p>Podemos utilizar su informaci\u00f3n personal e informaci\u00f3n de ubicaci\u00f3n para brindarle un mejor servicio, mejorar la calidad de nuestros productos y servicios y promocionar nuestros servicios. Usamos y procesamos su informaci\u00f3n personal e informaci\u00f3n de ubicaci\u00f3n para crear informes de datos agregados, estad\u00edsticos y an\u00f3nimos donde los usuarios individuales no est\u00e1n identificados.<\/p>\r\n<p><strong>B. C\u00f3mo divulgamos su informaci\u00f3n personal<\/strong><\/p>\r\n<p>Best Parts utiliza servicios y soluciones de software de terceros, incluido el alojamiento web y otros servicios basados en la nube, para brindarle la mejor experiencia posible. Podemos compartir su informaci\u00f3n personal (incluida su informaci\u00f3n de ubicaci\u00f3n y la informaci\u00f3n de ubicaci\u00f3n de sus dispositivos Best Parts) con nuestros proveedores de servicios externos o afiliados (por ejemplo, servicios de alojamiento y basados en la nube, proveedores de servicios t\u00e9cnicos, consultores, carteros, agencias de comunicaci\u00f3n y clientes). proveedores de soporte) para proporcionar, mejorar y promocionar los Servicios en nuestro nombre.<\/p>\r\n<p>Por ejemplo, podemos divulgar informaci\u00f3n personal a nuestros proveedores de servicios para permitirles comunicarse con usted en nuestro nombre. Tambi\u00e9n podemos divulgar Informaci\u00f3n personal a proveedores de plataformas, como Facebook, para permitir que dichos proveedores publiquen anuncios y promocionen los Servicios en nuestro nombre en dichas plataformas. En la medida de lo posible, su informaci\u00f3n personal se almacenar\u00e1 en forma cifrada u ofuscada.<\/p>\r\n<p>No compartiremos su informaci\u00f3n personal con terceros que no sean las circunstancias discutidas anteriormente.<\/p>\r\n<p><strong>C. C\u00f3mo usamos la informaci\u00f3n anonimizada<\/strong><\/p>\r\n<p>Podemos compartir con terceros, incluidos anunciantes y proveedores de servicios, datos agregados an\u00f3nimos que recopilamos sobre usted y otros usuarios, como informaci\u00f3n demogr\u00e1fica no identificada, informaci\u00f3n de ubicaci\u00f3n no identificada e informaci\u00f3n sobre la computadora o el dispositivo desde el que accede. los servicios.<\/p>\r\n<h2><strong>6. Podemos usar y divulgar su informaci\u00f3n para nuestra protecci\u00f3n y la protecci\u00f3n de otros<\/strong><\/h2>\r\n<p><strong>A. C\u00f3mo divulgamos su informaci\u00f3n personal<\/strong><\/p>\r\n<p>Al igual que otras empresas, podemos divulgar su informaci\u00f3n a funcionarios gubernamentales o encargados de hacer cumplir la ley o a terceros si, a nuestro exclusivo criterio, creemos que es necesario para (i) cumplir con una ley, un reglamento o una solicitud legal; (ii) proteger la seguridad de cualquier persona; (iii) abordar posibles violaciones de nuestra Pol\u00edtica de privacidad o t\u00e9rminos de servicio; (iv) investigar problemas de fraude, seguridad o t\u00e9cnicos; o (v) proteger los derechos o la propiedad de Best Parts, nuestros empleados, usuarios y el p\u00fablico.<\/p>\r\n<p>Adem\u00e1s, si somos adquiridos por un tercero como resultado de una transacci\u00f3n como una fusi\u00f3n, adquisici\u00f3n o venta de activos o si nuestros activos son adquiridos por un tercero, en caso de que cerremos el negocio o entremos en bancarrota, algunos o todos nuestros activos, incluida cualquier informaci\u00f3n recopilada de usted o sobre usted, pueden divulgarse o transferirse a un tercero adquirente en relaci\u00f3n con la transacci\u00f3n.<\/p>\r\n<h2><strong>7. Puede modificar su informaci\u00f3n<\/strong><\/h2>\r\n<p>Puede acceder y modificar su informaci\u00f3n de contacto, como su nombre, direcci\u00f3n de correo electr\u00f3nico o n\u00famero de tel\u00e9fono, dentro de los Servicios, o comunic\u00e1ndose con nosotros en\u00a0<a href=\"mailto:terms@thetileapp.com\">presupuesto@bestinparts.com<\/a>. Tenga en cuenta que la Informaci\u00f3n de ubicaci\u00f3n asociada con su Cuenta es una parte fundamental de nuestros Servicios y no podr\u00e1 modificarla. Sin embargo, si no desea que usemos su Informaci\u00f3n de ubicaci\u00f3n, puede eliminarla eliminando su Cuenta mediante el proceso establecido en la Secci\u00f3n 8 a continuaci\u00f3n.<\/p>\r\n<h2><strong>8. Su cuenta puede eliminarse a petici\u00f3n suya<\/strong><\/h2>\r\n<p>Si desea que eliminemos su informaci\u00f3n personal, informaci\u00f3n de ubicaci\u00f3n y su cuenta, cont\u00e1ctenos en\u00a0<a href=\"mailto:terms@thetileapp.com\">presupuesto@bestinparts.com<\/a>\u00a0con tu pedido Tomaremos medidas para eliminar su informaci\u00f3n tan pronto como podamos, pero parte de la informaci\u00f3n puede permanecer en copias archivadas\/de respaldo para nuestros registros o seg\u00fan lo exija la ley.<\/p>\r\n<h2><strong>9. La informaci\u00f3n personal publicada en nuestro blog y foro de la comunidad es p\u00fablica<\/strong><\/h2>\r\n<p>Si elige enviar su historia de \u00e9xito de Best Parts o comentar en nuestro blog (&quot;Comentarios&quot;), debe saber que cualquier Informaci\u00f3n personal que env\u00ede all\u00ed puede ser le\u00edda, recopilada o utilizada por otros usuarios de esos blogs, y podr\u00eda ser utilizada para enviarle mensajes no solicitados.<\/p>\r\n<p>No somos responsables de la Informaci\u00f3n personal que elija proporcionar en sus Comentarios ni de ning\u00fan contenido o comunicaci\u00f3n que reciba como resultado de compartir dicha informaci\u00f3n.<\/p>\r\n<p>Para solicitar la eliminaci\u00f3n de su informaci\u00f3n personal de nuestro blog o historia de \u00e9xito de Best Parts, cont\u00e1ctenos en\u00a0<a href=\"mailto:terms@thetileapp.com\">presupuesto@bestinparts.com<\/a>.<\/p>\r\n<h2><strong>10. Comunicaciones<\/strong><\/h2>\r\n<p>Es posible que le enviemos peri\u00f3dicamente boletines y correos electr\u00f3nicos promocionales. Tiene la oportunidad de optar por no recibirlos siguiendo las instrucciones para darse de baja proporcionadas en los correos electr\u00f3nicos que recibe. Ciertas comunicaciones, como la informaci\u00f3n de facturaci\u00f3n y las actualizaciones del Servicio, son necesarias para que las reciba, por lo que no podr\u00e1 optar por no recibir esas comunicaciones.<\/p>\r\n<h2><strong>11. Transferencia internacional<\/strong><\/h2>\r\n<p>Su informaci\u00f3n personal puede transferirse y mantenerse en computadoras ubicadas fuera de su estado, provincia, pa\u00eds u otra jurisdicci\u00f3n gubernamental donde las leyes de privacidad pueden no ser tan protectoras como las de su jurisdicci\u00f3n. Si se encuentra fuera de los Estados Unidos y elige proporcionarnos su Informaci\u00f3n personal, podemos transferir su Informaci\u00f3n personal a los Estados Unidos y procesarla all\u00ed.<\/p>\r\n<h2><strong>12. Nuestra pol\u00edtica hacia los ni\u00f1os<\/strong><\/h2>\r\n<p>Nuestros Servicios no est\u00e1n dirigidos a ni\u00f1os menores de 13 a\u00f1os y no recopilamos a sabiendas Informaci\u00f3n personal de ni\u00f1os menores de 13 a\u00f1os. Si nos enteramos de que hemos recopilado Informaci\u00f3n personal de un ni\u00f1o menor de 13 a\u00f1os, tomaremos medidas para eliminar dicha informaci\u00f3n de nuestros archivos tan pronto como sea posible. como sea posible.<\/p>\r\n<h2><strong>13. Preguntas de privacidad<\/strong><\/h2>\r\n<p>Si tiene alguna pregunta o inquietud sobre la Pol\u00edtica de privacidad o el procesamiento de datos de Best Parts, por favor\u00a0<a href=\"https:\/\/www.apple.com\/legal\/privacy\/contact\/\" target=\"_blank\" rel=\"noopener\">Cont\u00e1ctenos<\/a>\u00a0<a href=\"mailto:terms@thetileapp.com\">presupuesto@bestinparts.com<\/a>\u00a0o por correo postal.<\/p>\r\n<p>Best Parts puede actualizar su Pol\u00edtica de Privacidad de vez en cuando. Cuando cambiemos la pol\u00edtica de manera sustancial, se publicar\u00e1 un aviso en nuestro sitio web junto con la Pol\u00edtica de privacidad actualizada.<\/p>","protected":false},"excerpt":{"rendered":"<p>Effective Date: Dec\u00a01, 2020 Your privacy is important to Best Parts so we\u2019ve developed a Privacy Policy that covers how we collect, use, disclose, and transfer\u00a0your personal information.\u00a0We take your privacy as seriously as you do, and will only collect information necessary to provide you with the best experience. 1.\u00a0Information Best Parts Collects In this [&hellip;]<\/p>","protected":false},"author":1,"featured_media":0,"parent":0,"menu_order":0,"comment_status":"closed","ping_status":"closed","template":"","meta":{"footnotes":""},"class_list":["post-3","page","type-page","status-publish","hentry","no-thumb"],"yoast_head":"<!-- This site is optimized with the Yoast SEO plugin v27.4 - https:\/\/yoast.com\/product\/yoast-seo-wordpress\/ -->\n<title>Privacy Policy - Best Parts-Online CNC Machining Service Supplier<\/title>\n<meta name=\"description\" content=\"Best Parts-Online CNC Machining Service Supplier Privacy Policy -\" \/>\n<meta name=\"robots\" content=\"index, follow, max-snippet:-1, max-image-preview:large, max-video-preview:-1\" \/>\n<link rel=\"canonical\" href=\"https:\/\/www.bestinparts.com\/es\/privacy-policy\/\" \/>\n<meta property=\"og:locale\" content=\"es_ES\" \/>\n<meta property=\"og:type\" content=\"article\" \/>\n<meta property=\"og:title\" content=\"Privacy Policy - Best Parts-Online CNC Machining Service Supplier\" \/>\n<meta property=\"og:description\" content=\"Best Parts-Online CNC Machining Service Supplier Privacy Policy -\" \/>\n<meta property=\"og:url\" content=\"https:\/\/www.bestinparts.com\/es\/privacy-policy\/\" \/>\n<meta property=\"og:site_name\" content=\"Best Parts-Online CNC Machining Service Supplier\" \/>\n<meta property=\"article:publisher\" content=\"https:\/\/www.facebook.com\/BestPartsManufacturing\/\" \/>\n<meta property=\"article:modified_time\" content=\"2022-04-12T08:50:17+00:00\" \/>\n<meta property=\"og:image\" content=\"https:\/\/www.bestinparts.com\/wp-content\/uploads\/2022\/03\/Best-parts-logo-1.png\" \/>\n\t<meta property=\"og:image:width\" content=\"800\" \/>\n\t<meta property=\"og:image:height\" content=\"302\" \/>\n\t<meta property=\"og:image:type\" content=\"image\/png\" \/>\n<meta name=\"twitter:card\" content=\"summary_large_image\" \/>\n<meta name=\"twitter:site\" content=\"@BESTINPARTS\" \/>\n<meta name=\"twitter:label1\" content=\"Tiempo de lectura\" \/>\n\t<meta name=\"twitter:data1\" content=\"9 minutos\" \/>\n<script type=\"application\/ld+json\" class=\"yoast-schema-graph\">{\"@context\":\"https:\\\/\\\/schema.org\",\"@graph\":[{\"@type\":\"WebPage\",\"@id\":\"https:\\\/\\\/www.bestinparts.com\\\/privacy-policy\\\/\",\"url\":\"https:\\\/\\\/www.bestinparts.com\\\/privacy-policy\\\/\",\"name\":\"Privacy Policy - Best Parts-Online CNC Machining Service Supplier\",\"isPartOf\":{\"@id\":\"https:\\\/\\\/www.bestinparts.com\\\/#website\"},\"datePublished\":\"2017-12-09T07:42:03+00:00\",\"dateModified\":\"2022-04-12T08:50:17+00:00\",\"description\":\"Best Parts-Online CNC Machining Service Supplier Privacy Policy -\",\"breadcrumb\":{\"@id\":\"https:\\\/\\\/www.bestinparts.com\\\/privacy-policy\\\/#breadcrumb\"},\"inLanguage\":\"es\",\"potentialAction\":[{\"@type\":\"ReadAction\",\"target\":[\"https:\\\/\\\/www.bestinparts.com\\\/privacy-policy\\\/\"]}]},{\"@type\":\"BreadcrumbList\",\"@id\":\"https:\\\/\\\/www.bestinparts.com\\\/privacy-policy\\\/#breadcrumb\",\"itemListElement\":[{\"@type\":\"ListItem\",\"position\":1,\"name\":\"Home\",\"item\":\"https:\\\/\\\/www.bestinparts.com\\\/\"},{\"@type\":\"ListItem\",\"position\":2,\"name\":\"Privacy Policy\"}]},{\"@type\":\"WebSite\",\"@id\":\"https:\\\/\\\/www.bestinparts.com\\\/#website\",\"url\":\"https:\\\/\\\/www.bestinparts.com\\\/\",\"name\":\"Best Parts-Online CNC Machining Service Supplier\",\"description\":\"20+ Years CNC Machining Parts Manufacturer\",\"publisher\":{\"@id\":\"https:\\\/\\\/www.bestinparts.com\\\/#organization\"},\"potentialAction\":[{\"@type\":\"SearchAction\",\"target\":{\"@type\":\"EntryPoint\",\"urlTemplate\":\"https:\\\/\\\/www.bestinparts.com\\\/?s={search_term_string}\"},\"query-input\":{\"@type\":\"PropertyValueSpecification\",\"valueRequired\":true,\"valueName\":\"search_term_string\"}}],\"inLanguage\":\"es\"},{\"@type\":\"Organization\",\"@id\":\"https:\\\/\\\/www.bestinparts.com\\\/#organization\",\"name\":\"Shenzhen Best Parts Co., Ltd\",\"url\":\"https:\\\/\\\/www.bestinparts.com\\\/\",\"logo\":{\"@type\":\"ImageObject\",\"inLanguage\":\"es\",\"@id\":\"https:\\\/\\\/www.bestinparts.com\\\/#\\\/schema\\\/logo\\\/image\\\/\",\"url\":\"https:\\\/\\\/www.bestinparts.com\\\/wp-content\\\/uploads\\\/2022\\\/02\\\/Best-Parts-home-logo2.png\",\"contentUrl\":\"https:\\\/\\\/www.bestinparts.com\\\/wp-content\\\/uploads\\\/2022\\\/02\\\/Best-Parts-home-logo2.png\",\"width\":197,\"height\":64,\"caption\":\"Shenzhen Best Parts Co., Ltd\"},\"image\":{\"@id\":\"https:\\\/\\\/www.bestinparts.com\\\/#\\\/schema\\\/logo\\\/image\\\/\"},\"sameAs\":[\"https:\\\/\\\/www.facebook.com\\\/BestPartsManufacturing\\\/\",\"https:\\\/\\\/x.com\\\/BESTINPARTS\",\"https:\\\/\\\/www.instagram.com\\\/bestinparts\\\/\",\"https:\\\/\\\/www.linkedin.com\\\/company\\\/bestinparts\",\"https:\\\/\\\/www.youtube.com\\\/channel\\\/UCxtW5GyB1LVudr8Rc6LcmTA\\\/featured?view_as=subscriber\"]}]}<\/script>\n<!-- \/ Yoast SEO plugin. -->","yoast_head_json":{"title":"Privacy Policy - Best Parts-Online CNC Machining Service Supplier","description":"Best Parts-Online CNC Machining Service Supplier Privacy Policy -","robots":{"index":"index","follow":"follow","max-snippet":"max-snippet:-1","max-image-preview":"max-image-preview:large","max-video-preview":"max-video-preview:-1"},"canonical":"https:\/\/www.bestinparts.com\/es\/privacy-policy\/","og_locale":"es_ES","og_type":"article","og_title":"Privacy Policy - Best Parts-Online CNC Machining Service Supplier","og_description":"Best Parts-Online CNC Machining Service Supplier Privacy Policy -","og_url":"https:\/\/www.bestinparts.com\/es\/privacy-policy\/","og_site_name":"Best Parts-Online CNC Machining Service Supplier","article_publisher":"https:\/\/www.facebook.com\/BestPartsManufacturing\/","article_modified_time":"2022-04-12T08:50:17+00:00","og_image":[{"width":800,"height":302,"url":"https:\/\/www.bestinparts.com\/wp-content\/uploads\/2022\/03\/Best-parts-logo-1.png","type":"image\/png"}],"twitter_card":"summary_large_image","twitter_site":"@BESTINPARTS","twitter_misc":{"Tiempo de lectura":"9 minutos"},"schema":{"@context":"https:\/\/schema.org","@graph":[{"@type":"WebPage","@id":"https:\/\/www.bestinparts.com\/privacy-policy\/","url":"https:\/\/www.bestinparts.com\/privacy-policy\/","name":"Privacy Policy - Best Parts-Online CNC Machining Service Supplier","isPartOf":{"@id":"https:\/\/www.bestinparts.com\/#website"},"datePublished":"2017-12-09T07:42:03+00:00","dateModified":"2022-04-12T08:50:17+00:00","description":"Best Parts-Online CNC Machining Service Supplier Privacy Policy -","breadcrumb":{"@id":"https:\/\/www.bestinparts.com\/privacy-policy\/#breadcrumb"},"inLanguage":"es","potentialAction":[{"@type":"ReadAction","target":["https:\/\/www.bestinparts.com\/privacy-policy\/"]}]},{"@type":"BreadcrumbList","@id":"https:\/\/www.bestinparts.com\/privacy-policy\/#breadcrumb","itemListElement":[{"@type":"ListItem","position":1,"name":"Home","item":"https:\/\/www.bestinparts.com\/"},{"@type":"ListItem","position":2,"name":"Privacy Policy"}]},{"@type":"WebSite","@id":"https:\/\/www.bestinparts.com\/#website","url":"https:\/\/www.bestinparts.com\/","name":"Best Parts-Online CNC Machining Service Supplier","description":"20+ Years CNC Machining Parts Manufacturer","publisher":{"@id":"https:\/\/www.bestinparts.com\/#organization"},"potentialAction":[{"@type":"SearchAction","target":{"@type":"EntryPoint","urlTemplate":"https:\/\/www.bestinparts.com\/?s={search_term_string}"},"query-input":{"@type":"PropertyValueSpecification","valueRequired":true,"valueName":"search_term_string"}}],"inLanguage":"es"},{"@type":"Organization","@id":"https:\/\/www.bestinparts.com\/#organization","name":"Shenzhen Best Parts Co., Ltd","url":"https:\/\/www.bestinparts.com\/","logo":{"@type":"ImageObject","inLanguage":"es","@id":"https:\/\/www.bestinparts.com\/#\/schema\/logo\/image\/","url":"https:\/\/www.bestinparts.com\/wp-content\/uploads\/2022\/02\/Best-Parts-home-logo2.png","contentUrl":"https:\/\/www.bestinparts.com\/wp-content\/uploads\/2022\/02\/Best-Parts-home-logo2.png","width":197,"height":64,"caption":"Shenzhen Best Parts Co., Ltd"},"image":{"@id":"https:\/\/www.bestinparts.com\/#\/schema\/logo\/image\/"},"sameAs":["https:\/\/www.facebook.com\/BestPartsManufacturing\/","https:\/\/x.com\/BESTINPARTS","https:\/\/www.instagram.com\/bestinparts\/","https:\/\/www.linkedin.com\/company\/bestinparts","https:\/\/www.youtube.com\/channel\/UCxtW5GyB1LVudr8Rc6LcmTA\/featured?view_as=subscriber"]}]}},"_links":{"self":[{"href":"https:\/\/www.bestinparts.com\/es\/wp-json\/wp\/v2\/pages\/3","targetHints":{"allow":["GET"]}}],"collection":[{"href":"https:\/\/www.bestinparts.com\/es\/wp-json\/wp\/v2\/pages"}],"about":[{"href":"https:\/\/www.bestinparts.com\/es\/wp-json\/wp\/v2\/types\/page"}],"author":[{"embeddable":true,"href":"https:\/\/www.bestinparts.com\/es\/wp-json\/wp\/v2\/users\/1"}],"replies":[{"embeddable":true,"href":"https:\/\/www.bestinparts.com\/es\/wp-json\/wp\/v2\/comments?post=3"}],"version-history":[{"count":0,"href":"https:\/\/www.bestinparts.com\/es\/wp-json\/wp\/v2\/pages\/3\/revisions"}],"wp:attachment":[{"href":"https:\/\/www.bestinparts.com\/es\/wp-json\/wp\/v2\/media?parent=3"}],"curies":[{"name":"wp","href":"https:\/\/api.w.org\/{rel}","templated":true}]}}