{"id":3964,"date":"2017-12-13T09:35:58","date_gmt":"2017-12-13T09:35:58","guid":{"rendered":"https:\/\/cnc-rapid.com\/?page_id=3964"},"modified":"2022-04-12T01:50:17","modified_gmt":"2022-04-12T08:50:17","slug":"resources","status":"publish","type":"page","link":"https:\/\/www.bestinparts.com\/es\/resources\/","title":{"rendered":"Recursos"},"content":{"rendered":"<div class=\"vc_row wpb_row vc_row-fluid\"><div class=\"container\"><div class=\"row\"><div class=\"wpb_column vc_column_container vc_col-sm-12\"><div class=\"vc_column-inner\"><div class=\"wpb_wrapper\"><div class=\"mf-section-title text-left dark large-size\"><h2 >Recursos<\/h2><\/div><\/div><\/div><\/div><\/div><\/div><\/div><div class=\"vc_row wpb_row vc_row-fluid\"><div class=\"container\"><div class=\"row\"><div class=\"wpb_column vc_column_container vc_col-sm-6\"><div class=\"vc_column-inner\"><div class=\"wpb_wrapper\"><div class=\"mf-services-2 icon_type-flaticon style-1\"><div class=\"service-thumbnail\"><a href=\"https:\/\/www.bestinparts.com\/es\/resources\/case-studies\/\" target=\"_blank\" rel=\"noopener\"><span class=\"service-icon\"><i class=\"fa fa-link\"><\/i><\/span><img loading=\"lazy\" decoding=\"async\" class=\"\" src=\"https:\/\/www.bestinparts.com\/wp-content\/uploads\/2022\/01\/CNC-Machining.jpg\" width=\"600\" height=\"400\" alt=\"CNC Machining\" title=\"Mecanizado CNC\" \/><span class=\"mf-icon\"><i class=\"flaticon-pinwheel\"><\/i><\/span><\/a><\/div><div class=\"service-summary\"><h4><a href=\"https:\/\/www.bestinparts.com\/es\/resources\/case-studies\/\" title=\"\" target=\"_blank\" rel=\"noopener\">Estudios de caso<\/a><\/h4><div class=\"service-desc\">Uso compartido de casos de productos recientes para clientes<\/div><a href=\"https:\/\/www.bestinparts.com\/es\/resources\/case-studies\/\" title=\"\" class=\"btn-service-2\" target=\"_blank\" rel=\"noopener\"><i class=\"fa fa-chevron-right\"><\/i><\/a><\/div><\/div><\/div><\/div><\/div><div class=\"wpb_column vc_column_container vc_col-sm-6\"><div class=\"vc_column-inner\"><div class=\"wpb_wrapper\"><div class=\"mf-services-2 icon_type-flaticon style-1\"><div class=\"service-thumbnail\"><a href=\"https:\/\/www.bestinparts.com\/es\/resources\/news\/\" target=\"_blank\" rel=\"noopener\"><span class=\"service-icon\"><i class=\"fa fa-link\"><\/i><\/span><img loading=\"lazy\" decoding=\"async\" class=\"\" src=\"https:\/\/www.bestinparts.com\/wp-content\/uploads\/2022\/01\/news3-600x400.png\" width=\"600\" height=\"400\" alt=\"news3\" title=\"noticias3\" \/><span class=\"mf-icon\"><i class=\"flaticon-technology-1\"><\/i><\/span><\/a><\/div><div class=\"service-summary\"><h4><a href=\"https:\/\/www.bestinparts.com\/es\/resources\/news\/\" title=\"\" target=\"_blank\" rel=\"noopener\">Noticias<\/a><\/h4><div class=\"service-desc\">Las mejores noticias de la compa\u00f1\u00eda de piezas y consejos de fabricaci\u00f3n de prototipos, todo aqu\u00ed.<\/div><a href=\"https:\/\/www.bestinparts.com\/es\/resources\/news\/\" title=\"\" class=\"btn-service-2\" target=\"_blank\" rel=\"noopener\"><i class=\"fa fa-chevron-right\"><\/i><\/a><\/div><\/div><\/div><\/div><\/div><\/div><\/div><\/div><div class=\"vc_row wpb_row vc_row-fluid\"><div class=\"container\"><div class=\"row\"><div class=\"wpb_column vc_column_container vc_col-sm-6\"><div class=\"vc_column-inner\"><div class=\"wpb_wrapper\"><div class=\"mf-services-2 icon_type-flaticon style-1\"><div class=\"service-thumbnail\"><a href=\"https:\/\/www.bestinparts.com\/es\/resources\/industries\/\" target=\"_blank\" rel=\"noopener\"><span class=\"service-icon\"><i class=\"fa fa-link\"><\/i><\/span><img loading=\"lazy\" decoding=\"async\" class=\"\" src=\"https:\/\/www.bestinparts.com\/wp-content\/uploads\/2022\/01\/automotive-1-600x400.jpg\" width=\"600\" height=\"400\" alt=\"automotive-1\" title=\"automotriz-1\" \/><span class=\"mf-icon\"><i class=\"flaticon-construction\"><\/i><\/span><\/a><\/div><div class=\"service-summary\"><h4><a href=\"https:\/\/www.bestinparts.com\/es\/resources\/industries\/\" title=\"\" target=\"_blank\" rel=\"noopener\">Industria<\/a><\/h4><div class=\"service-desc\">Descubra en qu\u00e9 industrias se pueden utilizar nuestros productos<\/div><a href=\"https:\/\/www.bestinparts.com\/es\/resources\/industries\/\" title=\"\" class=\"btn-service-2\" target=\"_blank\" rel=\"noopener\"><i class=\"fa fa-chevron-right\"><\/i><\/a><\/div><\/div><\/div><\/div><\/div><div class=\"wpb_column vc_column_container vc_col-sm-6\"><div class=\"vc_column-inner\"><div class=\"wpb_wrapper\"><div class=\"mf-services-2 icon_type-flaticon style-1\"><div class=\"service-thumbnail\"><a href=\"https:\/\/www.bestinparts.com\/es\/resources\/videos\/\" target=\"_blank\" rel=\"noopener\"><span class=\"service-icon\"><i class=\"fa fa-link\"><\/i><\/span><img loading=\"lazy\" decoding=\"async\" class=\"\" src=\"https:\/\/www.bestinparts.com\/wp-content\/uploads\/2022\/01\/BEST-Parts-Company-600x400.jpg\" width=\"600\" height=\"400\" alt=\"BEST Parts Company\" title=\"MEJOR empresa de repuestos\" \/><span class=\"mf-icon\"><i class=\"flaticon-buildings\"><\/i><\/span><\/a><\/div><div class=\"service-summary\"><h4><a href=\"https:\/\/www.bestinparts.com\/es\/resources\/videos\/\" title=\"\" target=\"_blank\" rel=\"noopener\">V\u00eddeos<\/a><\/h4><div class=\"service-desc\">Conozca la historia y la escala de desarrollo de la mejor empresa de piezas y visite el proceso de procesamiento de piezas de la empresa.<\/div><a href=\"https:\/\/www.bestinparts.com\/es\/resources\/videos\/\" title=\"\" class=\"btn-service-2\" target=\"_blank\" rel=\"noopener\"><i class=\"fa fa-chevron-right\"><\/i><\/a><\/div><\/div><\/div><\/div><\/div><\/div><\/div><\/div>","protected":false},"excerpt":{"rendered":"ResourcesCase studiesRecent product case sharing for customersNewsBest Parts company news and prototype manufacturing tips all at here.IndustryFind out what industries our products can be used inVideosLearn about the history and development scale of best parts company, and visit the company's parts processing process","protected":false},"author":1,"featured_media":0,"parent":0,"menu_order":0,"comment_status":"closed","ping_status":"closed","template":"template-fullwidth.php","meta":{"footnotes":""},"class_list":["post-3964","page","type-page","status-publish","hentry","no-thumb"],"yoast_head":"<!-- This site is optimized with the Yoast SEO plugin v27.5 - https:\/\/yoast.com\/product\/yoast-seo-wordpress\/ -->\n<title>Resources - Best Parts-Online CNC Machining Service Supplier<\/title>\n<meta name=\"description\" content=\"Best Parts-Online CNC Machining Service Supplier Resources -\" \/>\n<meta name=\"robots\" content=\"index, follow, max-snippet:-1, max-image-preview:large, max-video-preview:-1\" \/>\n<link rel=\"canonical\" href=\"https:\/\/www.bestinparts.com\/es\/resources\/\" \/>\n<meta property=\"og:locale\" content=\"es_ES\" \/>\n<meta property=\"og:type\" content=\"article\" \/>\n<meta property=\"og:title\" content=\"Resources - Best Parts-Online CNC Machining Service Supplier\" \/>\n<meta property=\"og:description\" content=\"Best Parts-Online CNC Machining Service Supplier Resources -\" \/>\n<meta property=\"og:url\" content=\"https:\/\/www.bestinparts.com\/es\/resources\/\" \/>\n<meta property=\"og:site_name\" content=\"Best Parts-Online CNC Machining Service Supplier\" \/>\n<meta property=\"article:publisher\" content=\"https:\/\/www.facebook.com\/BestPartsManufacturing\/\" \/>\n<meta property=\"article:modified_time\" content=\"2022-04-12T08:50:17+00:00\" \/>\n<meta property=\"og:image\" content=\"https:\/\/www.bestinparts.com\/wp-content\/uploads\/2022\/03\/Best-parts-logo-1.png\" \/>\n\t<meta property=\"og:image:width\" content=\"800\" \/>\n\t<meta property=\"og:image:height\" content=\"302\" \/>\n\t<meta property=\"og:image:type\" content=\"image\/png\" \/>\n<meta name=\"twitter:card\" content=\"summary_large_image\" \/>\n<meta name=\"twitter:site\" content=\"@BESTINPARTS\" \/>\n<meta name=\"twitter:label1\" content=\"Tiempo de lectura\" \/>\n\t<meta name=\"twitter:data1\" content=\"1 minuto\" \/>\n<script type=\"application\/ld+json\" class=\"yoast-schema-graph\">{\"@context\":\"https:\\\/\\\/schema.org\",\"@graph\":[{\"@type\":\"WebPage\",\"@id\":\"https:\\\/\\\/www.bestinparts.com\\\/resources\\\/\",\"url\":\"https:\\\/\\\/www.bestinparts.com\\\/resources\\\/\",\"name\":\"Resources - Best Parts-Online CNC Machining Service Supplier\",\"isPartOf\":{\"@id\":\"https:\\\/\\\/www.bestinparts.com\\\/#website\"},\"datePublished\":\"2017-12-13T09:35:58+00:00\",\"dateModified\":\"2022-04-12T08:50:17+00:00\",\"description\":\"Best Parts-Online CNC Machining Service Supplier Resources -\",\"breadcrumb\":{\"@id\":\"https:\\\/\\\/www.bestinparts.com\\\/resources\\\/#breadcrumb\"},\"inLanguage\":\"es\",\"potentialAction\":[{\"@type\":\"ReadAction\",\"target\":[\"https:\\\/\\\/www.bestinparts.com\\\/resources\\\/\"]}]},{\"@type\":\"BreadcrumbList\",\"@id\":\"https:\\\/\\\/www.bestinparts.com\\\/resources\\\/#breadcrumb\",\"itemListElement\":[{\"@type\":\"ListItem\",\"position\":1,\"name\":\"Home\",\"item\":\"https:\\\/\\\/www.bestinparts.com\\\/\"},{\"@type\":\"ListItem\",\"position\":2,\"name\":\"Resources\"}]},{\"@type\":\"WebSite\",\"@id\":\"https:\\\/\\\/www.bestinparts.com\\\/#website\",\"url\":\"https:\\\/\\\/www.bestinparts.com\\\/\",\"name\":\"Best Parts-Online CNC Machining Service Supplier\",\"description\":\"20+ Years CNC Machining Parts Manufacturer\",\"publisher\":{\"@id\":\"https:\\\/\\\/www.bestinparts.com\\\/#organization\"},\"potentialAction\":[{\"@type\":\"SearchAction\",\"target\":{\"@type\":\"EntryPoint\",\"urlTemplate\":\"https:\\\/\\\/www.bestinparts.com\\\/?s={search_term_string}\"},\"query-input\":{\"@type\":\"PropertyValueSpecification\",\"valueRequired\":true,\"valueName\":\"search_term_string\"}}],\"inLanguage\":\"es\"},{\"@type\":\"Organization\",\"@id\":\"https:\\\/\\\/www.bestinparts.com\\\/#organization\",\"name\":\"Shenzhen Best Parts Co., Ltd\",\"url\":\"https:\\\/\\\/www.bestinparts.com\\\/\",\"logo\":{\"@type\":\"ImageObject\",\"inLanguage\":\"es\",\"@id\":\"https:\\\/\\\/www.bestinparts.com\\\/#\\\/schema\\\/logo\\\/image\\\/\",\"url\":\"https:\\\/\\\/www.bestinparts.com\\\/wp-content\\\/uploads\\\/2022\\\/02\\\/Best-Parts-home-logo2.png\",\"contentUrl\":\"https:\\\/\\\/www.bestinparts.com\\\/wp-content\\\/uploads\\\/2022\\\/02\\\/Best-Parts-home-logo2.png\",\"width\":197,\"height\":64,\"caption\":\"Shenzhen Best Parts Co., Ltd\"},\"image\":{\"@id\":\"https:\\\/\\\/www.bestinparts.com\\\/#\\\/schema\\\/logo\\\/image\\\/\"},\"sameAs\":[\"https:\\\/\\\/www.facebook.com\\\/BestPartsManufacturing\\\/\",\"https:\\\/\\\/x.com\\\/BESTINPARTS\",\"https:\\\/\\\/www.instagram.com\\\/bestinparts\\\/\",\"https:\\\/\\\/www.linkedin.com\\\/company\\\/bestinparts\",\"https:\\\/\\\/www.youtube.com\\\/channel\\\/UCxtW5GyB1LVudr8Rc6LcmTA\\\/featured?view_as=subscriber\"]}]}<\/script>\n<!-- \/ Yoast SEO plugin. -->","yoast_head_json":{"title":"Resources - Best Parts-Online CNC Machining Service Supplier","description":"Best Parts-Online CNC Machining Service Supplier Resources -","robots":{"index":"index","follow":"follow","max-snippet":"max-snippet:-1","max-image-preview":"max-image-preview:large","max-video-preview":"max-video-preview:-1"},"canonical":"https:\/\/www.bestinparts.com\/es\/resources\/","og_locale":"es_ES","og_type":"article","og_title":"Resources - Best Parts-Online CNC Machining Service Supplier","og_description":"Best Parts-Online CNC Machining Service Supplier Resources -","og_url":"https:\/\/www.bestinparts.com\/es\/resources\/","og_site_name":"Best Parts-Online CNC Machining Service Supplier","article_publisher":"https:\/\/www.facebook.com\/BestPartsManufacturing\/","article_modified_time":"2022-04-12T08:50:17+00:00","og_image":[{"width":800,"height":302,"url":"https:\/\/www.bestinparts.com\/wp-content\/uploads\/2022\/03\/Best-parts-logo-1.png","type":"image\/png"}],"twitter_card":"summary_large_image","twitter_site":"@BESTINPARTS","twitter_misc":{"Tiempo de lectura":"1 minuto"},"schema":{"@context":"https:\/\/schema.org","@graph":[{"@type":"WebPage","@id":"https:\/\/www.bestinparts.com\/resources\/","url":"https:\/\/www.bestinparts.com\/resources\/","name":"Resources - Best Parts-Online CNC Machining Service Supplier","isPartOf":{"@id":"https:\/\/www.bestinparts.com\/#website"},"datePublished":"2017-12-13T09:35:58+00:00","dateModified":"2022-04-12T08:50:17+00:00","description":"Best Parts-Online CNC Machining Service Supplier Resources -","breadcrumb":{"@id":"https:\/\/www.bestinparts.com\/resources\/#breadcrumb"},"inLanguage":"es","potentialAction":[{"@type":"ReadAction","target":["https:\/\/www.bestinparts.com\/resources\/"]}]},{"@type":"BreadcrumbList","@id":"https:\/\/www.bestinparts.com\/resources\/#breadcrumb","itemListElement":[{"@type":"ListItem","position":1,"name":"Home","item":"https:\/\/www.bestinparts.com\/"},{"@type":"ListItem","position":2,"name":"Resources"}]},{"@type":"WebSite","@id":"https:\/\/www.bestinparts.com\/#website","url":"https:\/\/www.bestinparts.com\/","name":"Best Parts-Online CNC Machining Service Supplier","description":"20+ Years CNC Machining Parts Manufacturer","publisher":{"@id":"https:\/\/www.bestinparts.com\/#organization"},"potentialAction":[{"@type":"SearchAction","target":{"@type":"EntryPoint","urlTemplate":"https:\/\/www.bestinparts.com\/?s={search_term_string}"},"query-input":{"@type":"PropertyValueSpecification","valueRequired":true,"valueName":"search_term_string"}}],"inLanguage":"es"},{"@type":"Organization","@id":"https:\/\/www.bestinparts.com\/#organization","name":"Shenzhen Best Parts Co., Ltd","url":"https:\/\/www.bestinparts.com\/","logo":{"@type":"ImageObject","inLanguage":"es","@id":"https:\/\/www.bestinparts.com\/#\/schema\/logo\/image\/","url":"https:\/\/www.bestinparts.com\/wp-content\/uploads\/2022\/02\/Best-Parts-home-logo2.png","contentUrl":"https:\/\/www.bestinparts.com\/wp-content\/uploads\/2022\/02\/Best-Parts-home-logo2.png","width":197,"height":64,"caption":"Shenzhen Best Parts Co., Ltd"},"image":{"@id":"https:\/\/www.bestinparts.com\/#\/schema\/logo\/image\/"},"sameAs":["https:\/\/www.facebook.com\/BestPartsManufacturing\/","https:\/\/x.com\/BESTINPARTS","https:\/\/www.instagram.com\/bestinparts\/","https:\/\/www.linkedin.com\/company\/bestinparts","https:\/\/www.youtube.com\/channel\/UCxtW5GyB1LVudr8Rc6LcmTA\/featured?view_as=subscriber"]}]}},"_links":{"self":[{"href":"https:\/\/www.bestinparts.com\/es\/wp-json\/wp\/v2\/pages\/3964","targetHints":{"allow":["GET"]}}],"collection":[{"href":"https:\/\/www.bestinparts.com\/es\/wp-json\/wp\/v2\/pages"}],"about":[{"href":"https:\/\/www.bestinparts.com\/es\/wp-json\/wp\/v2\/types\/page"}],"author":[{"embeddable":true,"href":"https:\/\/www.bestinparts.com\/es\/wp-json\/wp\/v2\/users\/1"}],"replies":[{"embeddable":true,"href":"https:\/\/www.bestinparts.com\/es\/wp-json\/wp\/v2\/comments?post=3964"}],"version-history":[{"count":0,"href":"https:\/\/www.bestinparts.com\/es\/wp-json\/wp\/v2\/pages\/3964\/revisions"}],"wp:attachment":[{"href":"https:\/\/www.bestinparts.com\/es\/wp-json\/wp\/v2\/media?parent=3964"}],"curies":[{"name":"wp","href":"https:\/\/api.w.org\/{rel}","templated":true}]}}