{"id":4118,"date":"2017-12-22T02:51:44","date_gmt":"2017-12-22T02:51:44","guid":{"rendered":"https:\/\/cnc-rapid.com\/?page_id=4118"},"modified":"2022-04-12T01:50:17","modified_gmt":"2022-04-12T08:50:17","slug":"medical","status":"publish","type":"page","link":"https:\/\/www.bestinparts.com\/es\/resources\/industries\/medical\/","title":{"rendered":"M\u00e9dico"},"content":{"rendered":"<div class=\"vc_row wpb_row vc_row-fluid\"><div class=\"container\"><div class=\"row\"><div class=\"wpb_column vc_column_container vc_col-sm-12\"><div class=\"vc_column-inner\"><div class=\"wpb_wrapper\"><div class=\"mf-section-title text-left dark large-size\"><h2 >M\u00e9dico<\/h2><\/div><\/div><\/div><\/div><\/div><\/div><\/div><div class=\"vc_row wpb_row vc_row-fluid\"><div class=\"container\"><div class=\"row\"><div class=\"wpb_column vc_column_container vc_col-sm-6\"><div class=\"vc_column-inner\"><div class=\"wpb_wrapper\">\n\t<div  class=\"wpb_single_image wpb_content_element vc_align_center\">\n\t\t\n\t\t<figure class=\"wpb_wrapper vc_figure\">\n\t\t\t<div class=\"vc_single_image-wrapper   vc_box_border_grey\"><img loading=\"lazy\" decoding=\"async\" class=\"vc_single_image-img\" src=\"https:\/\/www.bestinparts.com\/wp-content\/uploads\/2022\/01\/medical.jpg\" width=\"600\" height=\"450\" alt=\"medical\" title=\"m\u00e9dico\" \/><\/div>\n\t\t<\/figure>\n\t<\/div>\n<\/div><\/div><\/div><div class=\"wpb_column vc_column_container vc_col-sm-6\"><div class=\"vc_column-inner\"><div class=\"wpb_wrapper\">\n\t<div class=\"wpb_text_column wpb_content_element\" >\n\t\t<div class=\"wpb_wrapper\">\n\t\t\t<p>BEST Parts crea una amplia gama de espacios operativos en la industria m\u00e9dica. Nuestros CNC hechos a medida incluyen:<\/p>\n<p>\u25cf Equipo de diagn\u00f3stico por rayos X \u25cf Instrumento quir\u00fargico auxiliar<br \/>\n\u25cf Partes del dispositivo de im\u00e1genes por resonancia magn\u00e9tica<br \/>\n\u25cf Instrumento y aparato para medir la presi\u00f3n arterial<br \/>\n\u25cf Otros instrumentos e instrumentos para uso dental<br \/>\n\u25cf Microcomponentes y engranajes para equipos dentales<br \/>\n\u25cf Transmisor de presi\u00f3n\/presi\u00f3n diferencial<br \/>\n\u25cf Prototipos y envases m\u00e9dicos<\/p>\n\n\t\t<\/div>\n\t<\/div>\n<\/div><\/div><\/div><\/div><\/div><\/div><div class=\"vc_row wpb_row vc_row-fluid\"><div class=\"container\"><div class=\"row\"><div class=\"wpb_column vc_column_container vc_col-sm-12\"><div class=\"vc_column-inner\"><div class=\"wpb_wrapper\"><div class=\"mf-empty-space\" style=\"\"><div class=\"mf_empty_space_lg\"  style=\"height: 50px\"><\/div><div class=\"mf_empty_space_md\"  style=\"height: 30px\"><\/div><div class=\"mf_empty_space_xs\"  style=\"height: 30px\"><\/div><\/div><\/div><\/div><\/div><\/div><\/div><\/div><div class=\"vc_row wpb_row vc_row-fluid\"><div class=\"container\"><div class=\"row\"><div class=\"wpb_column vc_column_container vc_col-sm-12\"><div class=\"vc_column-inner\"><div class=\"wpb_wrapper\"><section class=\"vc_cta3-container\"><div class=\"vc_general vc_cta3 vc_cta3-style-classic vc_cta3-shape-rounded vc_cta3-align-left vc_cta3-color-classic vc_cta3-icon-size-md\"><div class=\"vc_cta3_content-container\"><div class=\"vc_cta3-content\"><header class=\"vc_cta3-content-header\"><h2>\u00a1Oye! Nuestros productos son ampliamente utilizados en equipos m\u00e9dicos.<\/h2><\/header><p>BEST PARTS es un proveedor confiable para la industria de fabricaci\u00f3n de dispositivos m\u00e9dicos. Ya sea el ensamblaje de instrumentos m\u00e9dicos que proporcionamos a nuestros clientes o el equipo en el campo de la biotecnolog\u00eda, podemos cumplir con los requisitos de precisi\u00f3n y tolerancia de nuestros clientes.<\/p>\n<\/div><\/div><\/div><\/section><div class=\"vc_btn3-container vc_btn3-center\" ><a class=\"vc_general vc_btn3 vc_btn3-size-md vc_btn3-shape-rounded vc_btn3-style-modern vc_btn3-color-primary\" href=\"https:\/\/www.bestinparts.com\/es\/request-a-quote\/\" title=\"Consigue una cotizaci\u00f3n\" target=\"_blank\" rel=\"noopener\">Consigue una cotizaci\u00f3n<\/a><\/div><\/div><\/div><\/div><\/div><\/div><\/div><div class=\"vc_row wpb_row vc_row-fluid\"><div class=\"container\"><div class=\"row\"><div class=\"wpb_column vc_column_container vc_col-sm-12\"><div class=\"vc_column-inner\"><div class=\"wpb_wrapper\">\n\t<div class=\"wpb_text_column wpb_content_element\" >\n\t\t<div class=\"wpb_wrapper\">\n\t\t\t<p>Con 20 a\u00f1os de experiencia en mecanizado CNC, nuestros expertos ingenieros CNC pueden personalizar componentes m\u00e9dicos con la m\u00e1xima precisi\u00f3n. Seguimos recibiendo elogios de nuestros clientes en el desarrollo. Desarrollamos componentes m\u00e9dicos clave para nuestros clientes, incluidos instrumentos cient\u00edficos, prototipos m\u00e9dicos y \u00f3rtesis. BEST PARTS tiene una parte muy grande de investigaci\u00f3n y desarrollo en la industria m\u00e9dica.<\/p>\n<p>A lo largo de los a\u00f1os, nuestra empresa ha ampliado su equipo y equipo de planta. Con el liderazgo de la innovaci\u00f3n y la profundizaci\u00f3n de la tecnolog\u00eda, garantizamos la calidad de nuestros productos. Hay demasiadas comparaciones experimentales y de errores en el desarrollo de dispositivos m\u00e9dicos y dispositivos biotecnol\u00f3gicos, en los que las tolerancias de los dispositivos m\u00e9dicos para las piezas son muy estrictas. Nuestro conocimiento de las aleaciones especiales como el acero inoxidable, el aluminio, el titanio y la silicona es tan familiar que podemos procesar equipos m\u00e9dicos o biotecnol\u00f3gicos con geometr\u00edas complejas competitivas.<\/p>\n\n\t\t<\/div>\n\t<\/div>\n<\/div><\/div><\/div><\/div><\/div><\/div>","protected":false},"excerpt":{"rendered":"Medical BEST Parts creates a wide range of operating spaces in the medical industry. Our tailor-made CNCs include: \u25cf\u00a0X-ray diagnostic equipment\u25cf\u00a0Auxiliary surgical instrument \u25cf\u00a0Magnetic resonance imaging device parts \u25cf\u00a0Blood pressure measuring instrument and apparatus \u25cf\u00a0Other instruments and instruments for dental use \u25cf\u00a0Micro components and gears for dental equipment \u25cf\u00a0Pressure\/differential pressure transmitter \u25cf\u00a0Medical packaging and prototyping [...]","protected":false},"author":1,"featured_media":0,"parent":3984,"menu_order":1,"comment_status":"closed","ping_status":"closed","template":"","meta":{"footnotes":""},"class_list":["post-4118","page","type-page","status-publish","hentry","no-thumb"],"yoast_head":"<!-- This site is optimized with the Yoast SEO plugin v27.4 - https:\/\/yoast.com\/product\/yoast-seo-wordpress\/ -->\n<title>Medical - Best Parts-Online CNC Machining Service Supplier<\/title>\n<meta name=\"description\" content=\"BEST Parts creates a wide range of operating spaces in the medical industry. Our tailor-made CNCs include:\u25cf X-ray diagnostic equipment\u25cf Auxiliary surgical instrument\u25cf Magnetic resonance imaging device parts\u25cf Blood pressure measuring instrument and apparatus\u25cf Other instruments and instruments for dental use\u25cf Micro components and gears for dental equipment\u25cf Pressure\/differential pressure transmitter\u25cf Medical packaging and prototyping\" \/>\n<meta name=\"robots\" content=\"index, follow, max-snippet:-1, max-image-preview:large, max-video-preview:-1\" \/>\n<link rel=\"canonical\" href=\"https:\/\/www.bestinparts.com\/es\/resources\/industries\/medical\/\" \/>\n<meta property=\"og:locale\" content=\"es_ES\" \/>\n<meta property=\"og:type\" content=\"article\" \/>\n<meta property=\"og:title\" content=\"Medical - Best Parts-Online CNC Machining Service Supplier\" \/>\n<meta property=\"og:description\" content=\"BEST Parts creates a wide range of operating spaces in the medical industry. Our tailor-made CNCs include:\u25cf X-ray diagnostic equipment\u25cf Auxiliary surgical instrument\u25cf Magnetic resonance imaging device parts\u25cf Blood pressure measuring instrument and apparatus\u25cf Other instruments and instruments for dental use\u25cf Micro components and gears for dental equipment\u25cf Pressure\/differential pressure transmitter\u25cf Medical packaging and prototyping\" \/>\n<meta property=\"og:url\" content=\"https:\/\/www.bestinparts.com\/es\/resources\/industries\/medical\/\" \/>\n<meta property=\"og:site_name\" content=\"Best Parts-Online CNC Machining Service Supplier\" \/>\n<meta property=\"article:publisher\" content=\"https:\/\/www.facebook.com\/BestPartsManufacturing\/\" \/>\n<meta property=\"article:modified_time\" content=\"2022-04-12T08:50:17+00:00\" \/>\n<meta property=\"og:image\" content=\"https:\/\/www.bestinparts.com\/wp-content\/uploads\/2022\/03\/Best-parts-logo-1.png\" \/>\n\t<meta property=\"og:image:width\" content=\"800\" \/>\n\t<meta property=\"og:image:height\" content=\"302\" \/>\n\t<meta property=\"og:image:type\" content=\"image\/png\" \/>\n<meta name=\"twitter:card\" content=\"summary_large_image\" \/>\n<meta name=\"twitter:site\" content=\"@BESTINPARTS\" \/>\n<meta name=\"twitter:label1\" content=\"Tiempo de lectura\" \/>\n\t<meta name=\"twitter:data1\" content=\"2 minutos\" \/>\n<script type=\"application\/ld+json\" class=\"yoast-schema-graph\">{\"@context\":\"https:\\\/\\\/schema.org\",\"@graph\":[{\"@type\":\"WebPage\",\"@id\":\"https:\\\/\\\/www.bestinparts.com\\\/resources\\\/industries\\\/medical\\\/\",\"url\":\"https:\\\/\\\/www.bestinparts.com\\\/resources\\\/industries\\\/medical\\\/\",\"name\":\"Medical - Best Parts-Online CNC Machining Service Supplier\",\"isPartOf\":{\"@id\":\"https:\\\/\\\/www.bestinparts.com\\\/#website\"},\"datePublished\":\"2017-12-22T02:51:44+00:00\",\"dateModified\":\"2022-04-12T08:50:17+00:00\",\"description\":\"BEST Parts creates a wide range of operating spaces in the medical industry. Our tailor-made CNCs include:\u25cf X-ray diagnostic equipment\u25cf Auxiliary surgical instrument\u25cf Magnetic resonance imaging device parts\u25cf Blood pressure measuring instrument and apparatus\u25cf Other instruments and instruments for dental use\u25cf Micro components and gears for dental equipment\u25cf Pressure\\\/differential pressure transmitter\u25cf Medical packaging and prototyping\",\"breadcrumb\":{\"@id\":\"https:\\\/\\\/www.bestinparts.com\\\/resources\\\/industries\\\/medical\\\/#breadcrumb\"},\"inLanguage\":\"es\",\"potentialAction\":[{\"@type\":\"ReadAction\",\"target\":[\"https:\\\/\\\/www.bestinparts.com\\\/resources\\\/industries\\\/medical\\\/\"]}]},{\"@type\":\"BreadcrumbList\",\"@id\":\"https:\\\/\\\/www.bestinparts.com\\\/resources\\\/industries\\\/medical\\\/#breadcrumb\",\"itemListElement\":[{\"@type\":\"ListItem\",\"position\":1,\"name\":\"Home\",\"item\":\"https:\\\/\\\/www.bestinparts.com\\\/\"},{\"@type\":\"ListItem\",\"position\":2,\"name\":\"Resources\",\"item\":\"https:\\\/\\\/www.bestinparts.com\\\/resources\\\/\"},{\"@type\":\"ListItem\",\"position\":3,\"name\":\"Industries\",\"item\":\"https:\\\/\\\/www.bestinparts.com\\\/resources\\\/industries\\\/\"},{\"@type\":\"ListItem\",\"position\":4,\"name\":\"Medical\"}]},{\"@type\":\"WebSite\",\"@id\":\"https:\\\/\\\/www.bestinparts.com\\\/#website\",\"url\":\"https:\\\/\\\/www.bestinparts.com\\\/\",\"name\":\"Best Parts-Online CNC Machining Service Supplier\",\"description\":\"20+ Years CNC Machining Parts Manufacturer\",\"publisher\":{\"@id\":\"https:\\\/\\\/www.bestinparts.com\\\/#organization\"},\"potentialAction\":[{\"@type\":\"SearchAction\",\"target\":{\"@type\":\"EntryPoint\",\"urlTemplate\":\"https:\\\/\\\/www.bestinparts.com\\\/?s={search_term_string}\"},\"query-input\":{\"@type\":\"PropertyValueSpecification\",\"valueRequired\":true,\"valueName\":\"search_term_string\"}}],\"inLanguage\":\"es\"},{\"@type\":\"Organization\",\"@id\":\"https:\\\/\\\/www.bestinparts.com\\\/#organization\",\"name\":\"Shenzhen Best Parts Co., Ltd\",\"url\":\"https:\\\/\\\/www.bestinparts.com\\\/\",\"logo\":{\"@type\":\"ImageObject\",\"inLanguage\":\"es\",\"@id\":\"https:\\\/\\\/www.bestinparts.com\\\/#\\\/schema\\\/logo\\\/image\\\/\",\"url\":\"https:\\\/\\\/www.bestinparts.com\\\/wp-content\\\/uploads\\\/2022\\\/02\\\/Best-Parts-home-logo2.png\",\"contentUrl\":\"https:\\\/\\\/www.bestinparts.com\\\/wp-content\\\/uploads\\\/2022\\\/02\\\/Best-Parts-home-logo2.png\",\"width\":197,\"height\":64,\"caption\":\"Shenzhen Best Parts Co., Ltd\"},\"image\":{\"@id\":\"https:\\\/\\\/www.bestinparts.com\\\/#\\\/schema\\\/logo\\\/image\\\/\"},\"sameAs\":[\"https:\\\/\\\/www.facebook.com\\\/BestPartsManufacturing\\\/\",\"https:\\\/\\\/x.com\\\/BESTINPARTS\",\"https:\\\/\\\/www.instagram.com\\\/bestinparts\\\/\",\"https:\\\/\\\/www.linkedin.com\\\/company\\\/bestinparts\",\"https:\\\/\\\/www.youtube.com\\\/channel\\\/UCxtW5GyB1LVudr8Rc6LcmTA\\\/featured?view_as=subscriber\"]}]}<\/script>\n<!-- \/ Yoast SEO plugin. -->","yoast_head_json":{"title":"Medical - Best Parts-Online CNC Machining Service Supplier","description":"BEST Parts creates a wide range of operating spaces in the medical industry. Our tailor-made CNCs include:\u25cf X-ray diagnostic equipment\u25cf Auxiliary surgical instrument\u25cf Magnetic resonance imaging device parts\u25cf Blood pressure measuring instrument and apparatus\u25cf Other instruments and instruments for dental use\u25cf Micro components and gears for dental equipment\u25cf Pressure\/differential pressure transmitter\u25cf Medical packaging and prototyping","robots":{"index":"index","follow":"follow","max-snippet":"max-snippet:-1","max-image-preview":"max-image-preview:large","max-video-preview":"max-video-preview:-1"},"canonical":"https:\/\/www.bestinparts.com\/es\/resources\/industries\/medical\/","og_locale":"es_ES","og_type":"article","og_title":"Medical - Best Parts-Online CNC Machining Service Supplier","og_description":"BEST Parts creates a wide range of operating spaces in the medical industry. Our tailor-made CNCs include:\u25cf X-ray diagnostic equipment\u25cf Auxiliary surgical instrument\u25cf Magnetic resonance imaging device parts\u25cf Blood pressure measuring instrument and apparatus\u25cf Other instruments and instruments for dental use\u25cf Micro components and gears for dental equipment\u25cf Pressure\/differential pressure transmitter\u25cf Medical packaging and prototyping","og_url":"https:\/\/www.bestinparts.com\/es\/resources\/industries\/medical\/","og_site_name":"Best Parts-Online CNC Machining Service Supplier","article_publisher":"https:\/\/www.facebook.com\/BestPartsManufacturing\/","article_modified_time":"2022-04-12T08:50:17+00:00","og_image":[{"width":800,"height":302,"url":"https:\/\/www.bestinparts.com\/wp-content\/uploads\/2022\/03\/Best-parts-logo-1.png","type":"image\/png"}],"twitter_card":"summary_large_image","twitter_site":"@BESTINPARTS","twitter_misc":{"Tiempo de lectura":"2 minutos"},"schema":{"@context":"https:\/\/schema.org","@graph":[{"@type":"WebPage","@id":"https:\/\/www.bestinparts.com\/resources\/industries\/medical\/","url":"https:\/\/www.bestinparts.com\/resources\/industries\/medical\/","name":"Medical - Best Parts-Online CNC Machining Service Supplier","isPartOf":{"@id":"https:\/\/www.bestinparts.com\/#website"},"datePublished":"2017-12-22T02:51:44+00:00","dateModified":"2022-04-12T08:50:17+00:00","description":"BEST Parts creates a wide range of operating spaces in the medical industry. Our tailor-made CNCs include:\u25cf X-ray diagnostic equipment\u25cf Auxiliary surgical instrument\u25cf Magnetic resonance imaging device parts\u25cf Blood pressure measuring instrument and apparatus\u25cf Other instruments and instruments for dental use\u25cf Micro components and gears for dental equipment\u25cf Pressure\/differential pressure transmitter\u25cf Medical packaging and prototyping","breadcrumb":{"@id":"https:\/\/www.bestinparts.com\/resources\/industries\/medical\/#breadcrumb"},"inLanguage":"es","potentialAction":[{"@type":"ReadAction","target":["https:\/\/www.bestinparts.com\/resources\/industries\/medical\/"]}]},{"@type":"BreadcrumbList","@id":"https:\/\/www.bestinparts.com\/resources\/industries\/medical\/#breadcrumb","itemListElement":[{"@type":"ListItem","position":1,"name":"Home","item":"https:\/\/www.bestinparts.com\/"},{"@type":"ListItem","position":2,"name":"Resources","item":"https:\/\/www.bestinparts.com\/resources\/"},{"@type":"ListItem","position":3,"name":"Industries","item":"https:\/\/www.bestinparts.com\/resources\/industries\/"},{"@type":"ListItem","position":4,"name":"Medical"}]},{"@type":"WebSite","@id":"https:\/\/www.bestinparts.com\/#website","url":"https:\/\/www.bestinparts.com\/","name":"Best Parts-Online CNC Machining Service Supplier","description":"20+ Years CNC Machining Parts Manufacturer","publisher":{"@id":"https:\/\/www.bestinparts.com\/#organization"},"potentialAction":[{"@type":"SearchAction","target":{"@type":"EntryPoint","urlTemplate":"https:\/\/www.bestinparts.com\/?s={search_term_string}"},"query-input":{"@type":"PropertyValueSpecification","valueRequired":true,"valueName":"search_term_string"}}],"inLanguage":"es"},{"@type":"Organization","@id":"https:\/\/www.bestinparts.com\/#organization","name":"Shenzhen Best Parts Co., Ltd","url":"https:\/\/www.bestinparts.com\/","logo":{"@type":"ImageObject","inLanguage":"es","@id":"https:\/\/www.bestinparts.com\/#\/schema\/logo\/image\/","url":"https:\/\/www.bestinparts.com\/wp-content\/uploads\/2022\/02\/Best-Parts-home-logo2.png","contentUrl":"https:\/\/www.bestinparts.com\/wp-content\/uploads\/2022\/02\/Best-Parts-home-logo2.png","width":197,"height":64,"caption":"Shenzhen Best Parts Co., Ltd"},"image":{"@id":"https:\/\/www.bestinparts.com\/#\/schema\/logo\/image\/"},"sameAs":["https:\/\/www.facebook.com\/BestPartsManufacturing\/","https:\/\/x.com\/BESTINPARTS","https:\/\/www.instagram.com\/bestinparts\/","https:\/\/www.linkedin.com\/company\/bestinparts","https:\/\/www.youtube.com\/channel\/UCxtW5GyB1LVudr8Rc6LcmTA\/featured?view_as=subscriber"]}]}},"_links":{"self":[{"href":"https:\/\/www.bestinparts.com\/es\/wp-json\/wp\/v2\/pages\/4118","targetHints":{"allow":["GET"]}}],"collection":[{"href":"https:\/\/www.bestinparts.com\/es\/wp-json\/wp\/v2\/pages"}],"about":[{"href":"https:\/\/www.bestinparts.com\/es\/wp-json\/wp\/v2\/types\/page"}],"author":[{"embeddable":true,"href":"https:\/\/www.bestinparts.com\/es\/wp-json\/wp\/v2\/users\/1"}],"replies":[{"embeddable":true,"href":"https:\/\/www.bestinparts.com\/es\/wp-json\/wp\/v2\/comments?post=4118"}],"version-history":[{"count":0,"href":"https:\/\/www.bestinparts.com\/es\/wp-json\/wp\/v2\/pages\/4118\/revisions"}],"up":[{"embeddable":true,"href":"https:\/\/www.bestinparts.com\/es\/wp-json\/wp\/v2\/pages\/3984"}],"wp:attachment":[{"href":"https:\/\/www.bestinparts.com\/es\/wp-json\/wp\/v2\/media?parent=4118"}],"curies":[{"name":"wp","href":"https:\/\/api.w.org\/{rel}","templated":true}]}}