{"id":4129,"date":"2017-12-18T03:06:44","date_gmt":"2017-12-18T03:06:44","guid":{"rendered":"https:\/\/cnc-rapid.com\/?page_id=4129"},"modified":"2022-04-12T01:50:17","modified_gmt":"2022-04-12T08:50:17","slug":"artificial-intelligence","status":"publish","type":"page","link":"https:\/\/www.bestinparts.com\/es\/resources\/industries\/artificial-intelligence\/","title":{"rendered":"Inteligencia artificial"},"content":{"rendered":"<div class=\"vc_row wpb_row vc_row-fluid\"><div class=\"container\"><div class=\"row\"><div class=\"wpb_column vc_column_container vc_col-sm-12\"><div class=\"vc_column-inner\"><div class=\"wpb_wrapper\"><div class=\"mf-section-title text-left dark large-size\"><h2 >Inteligencia artificial<\/h2><\/div><\/div><\/div><\/div><\/div><\/div><\/div><div class=\"vc_row wpb_row vc_row-fluid\"><div class=\"container\"><div class=\"row\"><div class=\"wpb_column vc_column_container vc_col-sm-6\"><div class=\"vc_column-inner\"><div class=\"wpb_wrapper\">\n\t<div  class=\"wpb_single_image wpb_content_element vc_align_center\">\n\t\t\n\t\t<figure class=\"wpb_wrapper vc_figure\">\n\t\t\t<div class=\"vc_single_image-wrapper   vc_box_border_grey\"><img loading=\"lazy\" decoding=\"async\" class=\"vc_single_image-img\" src=\"https:\/\/www.bestinparts.com\/wp-content\/uploads\/2022\/01\/artificial-intelligence.jpg\" width=\"600\" height=\"450\" alt=\"artificial intelligence\" title=\"inteligencia artificial\" \/><\/div>\n\t\t<\/figure>\n\t<\/div>\n<\/div><\/div><\/div><div class=\"wpb_column vc_column_container vc_col-sm-6\"><div class=\"vc_column-inner\"><div class=\"wpb_wrapper\">\n\t<div class=\"wpb_text_column wpb_content_element\" >\n\t\t<div class=\"wpb_wrapper\">\n\t\t\t<p>Nuestro servicio centrado en el cliente proporciona a los clientes soluciones personalizadas. Entendemos las necesidades de las industrias automotriz y de transporte y trabajamos con usted para garantizar que estas necesidades se satisfagan y superen. Nuestra amplia gama de procesos es adecuada para cada parte de la industria automotriz.<br \/>\n\u25cf Mecanizado CNC<br \/>\n\u25cf impresi\u00f3n 3D<br \/>\n\u25cf Moldeo por inyecci\u00f3n r\u00e1pida<br \/>\n\u25cf Fundici\u00f3n al vac\u00edo<br \/>\n\u25cf Piezas representativas<\/p>\n\n\t\t<\/div>\n\t<\/div>\n<\/div><\/div><\/div><\/div><\/div><\/div><div class=\"vc_row wpb_row vc_row-fluid\"><div class=\"container\"><div class=\"row\"><div class=\"wpb_column vc_column_container vc_col-sm-12\"><div class=\"vc_column-inner\"><div class=\"wpb_wrapper\"><div class=\"mf-empty-space\" style=\"\"><div class=\"mf_empty_space_lg\"  style=\"height: 50px\"><\/div><div class=\"mf_empty_space_md\"  style=\"height: 30px\"><\/div><div class=\"mf_empty_space_xs\"  style=\"height: 30px\"><\/div><\/div><\/div><\/div><\/div><\/div><\/div><\/div><div class=\"vc_row wpb_row vc_row-fluid\"><div class=\"container\"><div class=\"row\"><div class=\"wpb_column vc_column_container vc_col-sm-12\"><div class=\"vc_column-inner\"><div class=\"wpb_wrapper\"><section class=\"vc_cta3-container\"><div class=\"vc_general vc_cta3 vc_cta3-style-classic vc_cta3-shape-rounded vc_cta3-align-left vc_cta3-color-classic vc_cta3-icon-size-md\"><div class=\"vc_cta3_content-container\"><div class=\"vc_cta3-content\"><header class=\"vc_cta3-content-header\"><h2>Inteligencia Artificial Proveedor de piezas a medida<\/h2><\/header><p>En la era de la inteligencia artificial moderna, ya se han entregado muchas tareas complicadas y complicadas a la inteligencia artificial. En los terminales de inteligencia artificial se requiere una gran cantidad de piezas para consolidar y mantener el ensamblaje del producto. BEST PARTS se adapta al desarrollo de los tiempos y proporciona a los clientes piezas profesionales de inteligencia artificial.<\/p>\n<\/div><\/div><\/div><\/section><div class=\"vc_btn3-container vc_btn3-center\" ><a class=\"vc_general vc_btn3 vc_btn3-size-md vc_btn3-shape-rounded vc_btn3-style-modern vc_btn3-color-primary\" href=\"https:\/\/www.bestinparts.com\/es\/request-a-quote\/\" title=\"Consigue una cotizaci\u00f3n\" target=\"_blank\" rel=\"noopener\">Consigue una cotizaci\u00f3n<\/a><\/div><\/div><\/div><\/div><\/div><\/div><\/div><div class=\"vc_row wpb_row vc_row-fluid\"><div class=\"container\"><div class=\"row\"><div class=\"wpb_column vc_column_container vc_col-sm-12\"><div class=\"vc_column-inner\"><div class=\"wpb_wrapper\">\n\t<div class=\"wpb_text_column wpb_content_element\" >\n\t\t<div class=\"wpb_wrapper\">\n\t\t\t<p><strong><b>Robots m\u00e9dicos inteligentes dedicados a servicios m\u00e9dicos o param\u00e9dicos<\/b><\/strong><br \/>\nTratamiento m\u00e9dico inteligente: \u00a1la tendencia inevitable de la informaci\u00f3n hospitalaria en el futuro! Reconocimiento de aplicaciones rob\u00f3ticas en el campo m\u00e9dico y popularizaci\u00f3n de aplicaciones en diversas etapas de diagn\u00f3stico y tratamiento. Los robots m\u00e9dicos, especialmente los quir\u00fargicos, se han convertido en \u201cproductos de alta demanda\u201d en el campo de la rob\u00f3tica. En lugar de la cirug\u00eda tradicional, los m\u00e9dicos sostienen las herramientas quir\u00fargicas durante mucho tiempo y mantienen una alta tensi\u00f3n. El uso generalizado de robots quir\u00fargicos ha mejorado mucho la tecnolog\u00eda m\u00e9dica. El robot quir\u00fargico tiene un campo de visi\u00f3n m\u00e1s amplio, operaciones quir\u00fargicas m\u00e1s precisas y es m\u00e1s propicio para la recuperaci\u00f3n del paciente.<\/p>\n\n\t\t<\/div>\n\t<\/div>\n\n\t<div class=\"wpb_text_column wpb_content_element\" >\n\t\t<div class=\"wpb_wrapper\">\n\t\t\t<p><strong><b>Aplicaci\u00f3n de la inteligencia artificial en diversas industrias<\/b><\/strong><\/p>\n<p>Seguridad: uso de tecnolog\u00eda de visi\u00f3n por computadora y big data para analizar la trayectoria de vida de sospechosos y posibles lugares<br \/>\nFinanzas: uso de reconocimiento de voz, comprensi\u00f3n sem\u00e1ntica y otras tecnolog\u00edas para crear un servicio de atenci\u00f3n al cliente inteligente \u00b7<br \/>\nM\u00e9dico: las im\u00e1genes inteligentes pueden detectar r\u00e1pidamente la detecci\u00f3n temprana del c\u00e1ncer, lo que ayuda a los pacientes a detectar lesiones antes.<\/p>\n<p>Tr\u00e1fico: uso sin conductor de sensores, visi\u00f3n artificial y otras tecnolog\u00edas para liberar las manos y la percepci\u00f3n humanas. Retail: uso de visi\u00f3n artificial, reconocimiento de voz\/sem\u00e1ntico, rob\u00f3tica, etc. La tecnolog\u00eda mejora la experiencia del consumidor.<\/p>\n<p>Fabricaci\u00f3n industrial: los robots reemplazan a los trabajadores para completar el trabajo en lugares peligrosos y completar de manera eficiente las tareas repetitivas en la l\u00ednea de ensamblaje.<\/p>\n\n\t\t<\/div>\n\t<\/div>\n<\/div><\/div><\/div><\/div><\/div><\/div>","protected":false},"excerpt":{"rendered":"Artificial Intelligence Our customer-focused service provides customers with customized solutions. We understand the needs of the automotive and transportation industries and work with you to ensure that these needs are met and exceeded.Our wide range of processes is suitable for every part of the automotive industry. \u25cf CNC machining \u25cf 3D printing \u25cf Rapid injection [...]","protected":false},"author":1,"featured_media":0,"parent":3984,"menu_order":3,"comment_status":"closed","ping_status":"closed","template":"","meta":{"footnotes":""},"class_list":["post-4129","page","type-page","status-publish","hentry","no-thumb"],"yoast_head":"<!-- This site is optimized with the Yoast SEO plugin v27.5 - https:\/\/yoast.com\/product\/yoast-seo-wordpress\/ -->\n<title>Artificial Intelligence - Best Parts-Online CNC Machining Service Supplier<\/title>\n<meta name=\"description\" content=\"Our customer-focused service provides customers with customized solutions. We understand the needs of the automotive and transportation industries and work with you to ensure that these needs are met and exceeded.Our wide range of processes is suitable for every part of the automotive industry.\" \/>\n<meta name=\"robots\" content=\"index, follow, max-snippet:-1, max-image-preview:large, max-video-preview:-1\" \/>\n<link rel=\"canonical\" href=\"https:\/\/www.bestinparts.com\/es\/resources\/industries\/artificial-intelligence\/\" \/>\n<meta property=\"og:locale\" content=\"es_ES\" \/>\n<meta property=\"og:type\" content=\"article\" \/>\n<meta property=\"og:title\" content=\"Artificial Intelligence - Best Parts-Online CNC Machining Service Supplier\" \/>\n<meta property=\"og:description\" content=\"Our customer-focused service provides customers with customized solutions. We understand the needs of the automotive and transportation industries and work with you to ensure that these needs are met and exceeded.Our wide range of processes is suitable for every part of the automotive industry.\" \/>\n<meta property=\"og:url\" content=\"https:\/\/www.bestinparts.com\/es\/resources\/industries\/artificial-intelligence\/\" \/>\n<meta property=\"og:site_name\" content=\"Best Parts-Online CNC Machining Service Supplier\" \/>\n<meta property=\"article:publisher\" content=\"https:\/\/www.facebook.com\/BestPartsManufacturing\/\" \/>\n<meta property=\"article:modified_time\" content=\"2022-04-12T08:50:17+00:00\" \/>\n<meta property=\"og:image\" content=\"https:\/\/www.bestinparts.com\/wp-content\/uploads\/2022\/03\/Best-parts-logo-1.png\" \/>\n\t<meta property=\"og:image:width\" content=\"800\" \/>\n\t<meta property=\"og:image:height\" content=\"302\" \/>\n\t<meta property=\"og:image:type\" content=\"image\/png\" \/>\n<meta name=\"twitter:card\" content=\"summary_large_image\" \/>\n<meta name=\"twitter:site\" content=\"@BESTINPARTS\" \/>\n<meta name=\"twitter:label1\" content=\"Tiempo de lectura\" \/>\n\t<meta name=\"twitter:data1\" content=\"2 minutos\" \/>\n<script type=\"application\/ld+json\" class=\"yoast-schema-graph\">{\"@context\":\"https:\\\/\\\/schema.org\",\"@graph\":[{\"@type\":\"WebPage\",\"@id\":\"https:\\\/\\\/www.bestinparts.com\\\/resources\\\/industries\\\/artificial-intelligence\\\/\",\"url\":\"https:\\\/\\\/www.bestinparts.com\\\/resources\\\/industries\\\/artificial-intelligence\\\/\",\"name\":\"Artificial Intelligence - Best Parts-Online CNC Machining Service Supplier\",\"isPartOf\":{\"@id\":\"https:\\\/\\\/www.bestinparts.com\\\/#website\"},\"datePublished\":\"2017-12-18T03:06:44+00:00\",\"dateModified\":\"2022-04-12T08:50:17+00:00\",\"description\":\"Our customer-focused service provides customers with customized solutions. We understand the needs of the automotive and transportation industries and work with you to ensure that these needs are met and exceeded.Our wide range of processes is suitable for every part of the automotive industry.\",\"breadcrumb\":{\"@id\":\"https:\\\/\\\/www.bestinparts.com\\\/resources\\\/industries\\\/artificial-intelligence\\\/#breadcrumb\"},\"inLanguage\":\"es\",\"potentialAction\":[{\"@type\":\"ReadAction\",\"target\":[\"https:\\\/\\\/www.bestinparts.com\\\/resources\\\/industries\\\/artificial-intelligence\\\/\"]}]},{\"@type\":\"BreadcrumbList\",\"@id\":\"https:\\\/\\\/www.bestinparts.com\\\/resources\\\/industries\\\/artificial-intelligence\\\/#breadcrumb\",\"itemListElement\":[{\"@type\":\"ListItem\",\"position\":1,\"name\":\"Home\",\"item\":\"https:\\\/\\\/www.bestinparts.com\\\/\"},{\"@type\":\"ListItem\",\"position\":2,\"name\":\"Resources\",\"item\":\"https:\\\/\\\/www.bestinparts.com\\\/resources\\\/\"},{\"@type\":\"ListItem\",\"position\":3,\"name\":\"Industries\",\"item\":\"https:\\\/\\\/www.bestinparts.com\\\/resources\\\/industries\\\/\"},{\"@type\":\"ListItem\",\"position\":4,\"name\":\"Artificial Intelligence\"}]},{\"@type\":\"WebSite\",\"@id\":\"https:\\\/\\\/www.bestinparts.com\\\/#website\",\"url\":\"https:\\\/\\\/www.bestinparts.com\\\/\",\"name\":\"Best Parts-Online CNC Machining Service Supplier\",\"description\":\"20+ Years CNC Machining Parts Manufacturer\",\"publisher\":{\"@id\":\"https:\\\/\\\/www.bestinparts.com\\\/#organization\"},\"potentialAction\":[{\"@type\":\"SearchAction\",\"target\":{\"@type\":\"EntryPoint\",\"urlTemplate\":\"https:\\\/\\\/www.bestinparts.com\\\/?s={search_term_string}\"},\"query-input\":{\"@type\":\"PropertyValueSpecification\",\"valueRequired\":true,\"valueName\":\"search_term_string\"}}],\"inLanguage\":\"es\"},{\"@type\":\"Organization\",\"@id\":\"https:\\\/\\\/www.bestinparts.com\\\/#organization\",\"name\":\"Shenzhen Best Parts Co., Ltd\",\"url\":\"https:\\\/\\\/www.bestinparts.com\\\/\",\"logo\":{\"@type\":\"ImageObject\",\"inLanguage\":\"es\",\"@id\":\"https:\\\/\\\/www.bestinparts.com\\\/#\\\/schema\\\/logo\\\/image\\\/\",\"url\":\"https:\\\/\\\/www.bestinparts.com\\\/wp-content\\\/uploads\\\/2022\\\/02\\\/Best-Parts-home-logo2.png\",\"contentUrl\":\"https:\\\/\\\/www.bestinparts.com\\\/wp-content\\\/uploads\\\/2022\\\/02\\\/Best-Parts-home-logo2.png\",\"width\":197,\"height\":64,\"caption\":\"Shenzhen Best Parts Co., Ltd\"},\"image\":{\"@id\":\"https:\\\/\\\/www.bestinparts.com\\\/#\\\/schema\\\/logo\\\/image\\\/\"},\"sameAs\":[\"https:\\\/\\\/www.facebook.com\\\/BestPartsManufacturing\\\/\",\"https:\\\/\\\/x.com\\\/BESTINPARTS\",\"https:\\\/\\\/www.instagram.com\\\/bestinparts\\\/\",\"https:\\\/\\\/www.linkedin.com\\\/company\\\/bestinparts\",\"https:\\\/\\\/www.youtube.com\\\/channel\\\/UCxtW5GyB1LVudr8Rc6LcmTA\\\/featured?view_as=subscriber\"]}]}<\/script>\n<!-- \/ Yoast SEO plugin. -->","yoast_head_json":{"title":"Artificial Intelligence - Best Parts-Online CNC Machining Service Supplier","description":"Our customer-focused service provides customers with customized solutions. We understand the needs of the automotive and transportation industries and work with you to ensure that these needs are met and exceeded.Our wide range of processes is suitable for every part of the automotive industry.","robots":{"index":"index","follow":"follow","max-snippet":"max-snippet:-1","max-image-preview":"max-image-preview:large","max-video-preview":"max-video-preview:-1"},"canonical":"https:\/\/www.bestinparts.com\/es\/resources\/industries\/artificial-intelligence\/","og_locale":"es_ES","og_type":"article","og_title":"Artificial Intelligence - Best Parts-Online CNC Machining Service Supplier","og_description":"Our customer-focused service provides customers with customized solutions. We understand the needs of the automotive and transportation industries and work with you to ensure that these needs are met and exceeded.Our wide range of processes is suitable for every part of the automotive industry.","og_url":"https:\/\/www.bestinparts.com\/es\/resources\/industries\/artificial-intelligence\/","og_site_name":"Best Parts-Online CNC Machining Service Supplier","article_publisher":"https:\/\/www.facebook.com\/BestPartsManufacturing\/","article_modified_time":"2022-04-12T08:50:17+00:00","og_image":[{"width":800,"height":302,"url":"https:\/\/www.bestinparts.com\/wp-content\/uploads\/2022\/03\/Best-parts-logo-1.png","type":"image\/png"}],"twitter_card":"summary_large_image","twitter_site":"@BESTINPARTS","twitter_misc":{"Tiempo de lectura":"2 minutos"},"schema":{"@context":"https:\/\/schema.org","@graph":[{"@type":"WebPage","@id":"https:\/\/www.bestinparts.com\/resources\/industries\/artificial-intelligence\/","url":"https:\/\/www.bestinparts.com\/resources\/industries\/artificial-intelligence\/","name":"Artificial Intelligence - Best Parts-Online CNC Machining Service Supplier","isPartOf":{"@id":"https:\/\/www.bestinparts.com\/#website"},"datePublished":"2017-12-18T03:06:44+00:00","dateModified":"2022-04-12T08:50:17+00:00","description":"Our customer-focused service provides customers with customized solutions. We understand the needs of the automotive and transportation industries and work with you to ensure that these needs are met and exceeded.Our wide range of processes is suitable for every part of the automotive industry.","breadcrumb":{"@id":"https:\/\/www.bestinparts.com\/resources\/industries\/artificial-intelligence\/#breadcrumb"},"inLanguage":"es","potentialAction":[{"@type":"ReadAction","target":["https:\/\/www.bestinparts.com\/resources\/industries\/artificial-intelligence\/"]}]},{"@type":"BreadcrumbList","@id":"https:\/\/www.bestinparts.com\/resources\/industries\/artificial-intelligence\/#breadcrumb","itemListElement":[{"@type":"ListItem","position":1,"name":"Home","item":"https:\/\/www.bestinparts.com\/"},{"@type":"ListItem","position":2,"name":"Resources","item":"https:\/\/www.bestinparts.com\/resources\/"},{"@type":"ListItem","position":3,"name":"Industries","item":"https:\/\/www.bestinparts.com\/resources\/industries\/"},{"@type":"ListItem","position":4,"name":"Artificial Intelligence"}]},{"@type":"WebSite","@id":"https:\/\/www.bestinparts.com\/#website","url":"https:\/\/www.bestinparts.com\/","name":"Best Parts-Online CNC Machining Service Supplier","description":"20+ Years CNC Machining Parts Manufacturer","publisher":{"@id":"https:\/\/www.bestinparts.com\/#organization"},"potentialAction":[{"@type":"SearchAction","target":{"@type":"EntryPoint","urlTemplate":"https:\/\/www.bestinparts.com\/?s={search_term_string}"},"query-input":{"@type":"PropertyValueSpecification","valueRequired":true,"valueName":"search_term_string"}}],"inLanguage":"es"},{"@type":"Organization","@id":"https:\/\/www.bestinparts.com\/#organization","name":"Shenzhen Best Parts Co., Ltd","url":"https:\/\/www.bestinparts.com\/","logo":{"@type":"ImageObject","inLanguage":"es","@id":"https:\/\/www.bestinparts.com\/#\/schema\/logo\/image\/","url":"https:\/\/www.bestinparts.com\/wp-content\/uploads\/2022\/02\/Best-Parts-home-logo2.png","contentUrl":"https:\/\/www.bestinparts.com\/wp-content\/uploads\/2022\/02\/Best-Parts-home-logo2.png","width":197,"height":64,"caption":"Shenzhen Best Parts Co., Ltd"},"image":{"@id":"https:\/\/www.bestinparts.com\/#\/schema\/logo\/image\/"},"sameAs":["https:\/\/www.facebook.com\/BestPartsManufacturing\/","https:\/\/x.com\/BESTINPARTS","https:\/\/www.instagram.com\/bestinparts\/","https:\/\/www.linkedin.com\/company\/bestinparts","https:\/\/www.youtube.com\/channel\/UCxtW5GyB1LVudr8Rc6LcmTA\/featured?view_as=subscriber"]}]}},"_links":{"self":[{"href":"https:\/\/www.bestinparts.com\/es\/wp-json\/wp\/v2\/pages\/4129","targetHints":{"allow":["GET"]}}],"collection":[{"href":"https:\/\/www.bestinparts.com\/es\/wp-json\/wp\/v2\/pages"}],"about":[{"href":"https:\/\/www.bestinparts.com\/es\/wp-json\/wp\/v2\/types\/page"}],"author":[{"embeddable":true,"href":"https:\/\/www.bestinparts.com\/es\/wp-json\/wp\/v2\/users\/1"}],"replies":[{"embeddable":true,"href":"https:\/\/www.bestinparts.com\/es\/wp-json\/wp\/v2\/comments?post=4129"}],"version-history":[{"count":0,"href":"https:\/\/www.bestinparts.com\/es\/wp-json\/wp\/v2\/pages\/4129\/revisions"}],"up":[{"embeddable":true,"href":"https:\/\/www.bestinparts.com\/es\/wp-json\/wp\/v2\/pages\/3984"}],"wp:attachment":[{"href":"https:\/\/www.bestinparts.com\/es\/wp-json\/wp\/v2\/media?parent=4129"}],"curies":[{"name":"wp","href":"https:\/\/api.w.org\/{rel}","templated":true}]}}