{"id":4129,"date":"2017-12-18T03:06:44","date_gmt":"2017-12-18T03:06:44","guid":{"rendered":"https:\/\/cnc-rapid.com\/?page_id=4129"},"modified":"2022-04-12T01:50:17","modified_gmt":"2022-04-12T08:50:17","slug":"artificial-intelligence","status":"publish","type":"page","link":"https:\/\/www.bestinparts.com\/fr\/resources\/industries\/artificial-intelligence\/","title":{"rendered":"Intelligence artificielle"},"content":{"rendered":"<div class=\"vc_row wpb_row vc_row-fluid\"><div class=\"container\"><div class=\"row\"><div class=\"wpb_column vc_column_container vc_col-sm-12\"><div class=\"vc_column-inner\"><div class=\"wpb_wrapper\"><div class=\"mf-section-title text-left dark large-size\"><h2 >Intelligence artificielle<\/h2><\/div><\/div><\/div><\/div><\/div><\/div><\/div><div class=\"vc_row wpb_row vc_row-fluid\"><div class=\"container\"><div class=\"row\"><div class=\"wpb_column vc_column_container vc_col-sm-6\"><div class=\"vc_column-inner\"><div class=\"wpb_wrapper\">\n\t<div  class=\"wpb_single_image wpb_content_element vc_align_center\">\n\t\t\n\t\t<figure class=\"wpb_wrapper vc_figure\">\n\t\t\t<div class=\"vc_single_image-wrapper   vc_box_border_grey\"><img loading=\"lazy\" decoding=\"async\" class=\"vc_single_image-img\" src=\"https:\/\/www.bestinparts.com\/wp-content\/uploads\/2022\/01\/artificial-intelligence.jpg\" width=\"600\" height=\"450\" alt=\"artificial intelligence\" title=\"intelligence artificielle\" \/><\/div>\n\t\t<\/figure>\n\t<\/div>\n<\/div><\/div><\/div><div class=\"wpb_column vc_column_container vc_col-sm-6\"><div class=\"vc_column-inner\"><div class=\"wpb_wrapper\">\n\t<div class=\"wpb_text_column wpb_content_element\" >\n\t\t<div class=\"wpb_wrapper\">\n\t\t\t<p>Notre service ax\u00e9 sur le client offre aux clients des solutions personnalis\u00e9es. Nous comprenons les besoins des industries de l&#039;automobile et du transport et travaillons avec vous pour nous assurer que ces besoins sont satisfaits et d\u00e9pass\u00e9s. Notre large gamme de processus convient \u00e0 chaque partie de l&#039;industrie automobile.<br \/>\n\u25cf Usinage CNC<br \/>\n\u25cf Impression 3D<br \/>\n\u25cf Moulage par injection rapide<br \/>\n\u25cf Coul\u00e9e sous vide<br \/>\n\u25cf Pi\u00e8ces repr\u00e9sentatives<\/p>\n\n\t\t<\/div>\n\t<\/div>\n<\/div><\/div><\/div><\/div><\/div><\/div><div class=\"vc_row wpb_row vc_row-fluid\"><div class=\"container\"><div class=\"row\"><div class=\"wpb_column vc_column_container vc_col-sm-12\"><div class=\"vc_column-inner\"><div class=\"wpb_wrapper\"><div class=\"mf-empty-space\" style=\"\"><div class=\"mf_empty_space_lg\"  style=\"height: 50px\"><\/div><div class=\"mf_empty_space_md\"  style=\"height: 30px\"><\/div><div class=\"mf_empty_space_xs\"  style=\"height: 30px\"><\/div><\/div><\/div><\/div><\/div><\/div><\/div><\/div><div class=\"vc_row wpb_row vc_row-fluid\"><div class=\"container\"><div class=\"row\"><div class=\"wpb_column vc_column_container vc_col-sm-12\"><div class=\"vc_column-inner\"><div class=\"wpb_wrapper\"><section class=\"vc_cta3-container\"><div class=\"vc_general vc_cta3 vc_cta3-style-classic vc_cta3-shape-rounded vc_cta3-align-left vc_cta3-color-classic vc_cta3-icon-size-md\"><div class=\"vc_cta3_content-container\"><div class=\"vc_cta3-content\"><header class=\"vc_cta3-content-header\"><h2>Intelligence Artificielle Fournisseur de pi\u00e8ces sur mesure<\/h2><\/header><p>\u00c0 l&#039;\u00e8re de l&#039;intelligence artificielle moderne, de nombreuses t\u00e2ches compliqu\u00e9es et compliqu\u00e9es ont d\u00e9j\u00e0 \u00e9t\u00e9 confi\u00e9es \u00e0 l&#039;intelligence artificielle. Dans les terminaux \u00e0 intelligence artificielle, un grand nombre de pi\u00e8ces sont n\u00e9cessaires pour consolider et maintenir l&#039;assemblage du produit. BEST PARTS s&#039;adapte \u00e0 l&#039;\u00e9volution de l&#039;\u00e9poque et fournit aux clients des pi\u00e8ces d&#039;intelligence artificielle professionnelles.<\/p>\n<\/div><\/div><\/div><\/section><div class=\"vc_btn3-container vc_btn3-center\" ><a class=\"vc_general vc_btn3 vc_btn3-size-md vc_btn3-shape-rounded vc_btn3-style-modern vc_btn3-color-primary\" href=\"https:\/\/www.bestinparts.com\/fr\/request-a-quote\/\" title=\"Obtenir un devis\" target=\"_blank\" rel=\"noopener\">Obtenir un devis<\/a><\/div><\/div><\/div><\/div><\/div><\/div><\/div><div class=\"vc_row wpb_row vc_row-fluid\"><div class=\"container\"><div class=\"row\"><div class=\"wpb_column vc_column_container vc_col-sm-12\"><div class=\"vc_column-inner\"><div class=\"wpb_wrapper\">\n\t<div class=\"wpb_text_column wpb_content_element\" >\n\t\t<div class=\"wpb_wrapper\">\n\t\t\t<p><strong><b>Robots m\u00e9dicaux intelligents exer\u00e7ant dans le domaine m\u00e9dical ou param\u00e9dical<\/b><\/strong><br \/>\nLe traitement m\u00e9dical intelligent : la tendance incontournable de l&#039;information hospitali\u00e8re de demain ! Reconnaissance des applications robotiques dans le domaine m\u00e9dical et vulgarisation des applications aux diff\u00e9rentes \u00e9tapes du diagnostic et du traitement. Les robots m\u00e9dicaux, notamment les robots chirurgicaux, sont devenus des \u00ab produits tr\u00e8s demand\u00e9s \u00bb dans le domaine de la robotique. Au lieu de la chirurgie traditionnelle, les m\u00e9decins tiennent les outils chirurgicaux pendant une longue p\u00e9riode et maintiennent une tension \u00e9lev\u00e9e. L&#039;utilisation g\u00e9n\u00e9ralis\u00e9e des robots chirurgicaux a consid\u00e9rablement am\u00e9lior\u00e9 la technologie m\u00e9dicale. Le robot chirurgical a un champ de vision plus large, des op\u00e9rations chirurgicales plus pr\u00e9cises et est plus propice au r\u00e9tablissement du patient.<\/p>\n\n\t\t<\/div>\n\t<\/div>\n\n\t<div class=\"wpb_text_column wpb_content_element\" >\n\t\t<div class=\"wpb_wrapper\">\n\t\t\t<p><strong><b>Application de l&#039;intelligence artificielle dans diverses industries<\/b><\/strong><\/p>\n<p>S\u00e9curit\u00e9 : Utilisation de la technologie de vision par ordinateur et du big data pour analyser la trajectoire de vie des suspects et des lieux possibles<br \/>\nFinance : Utilisation de la reconnaissance vocale, de la compr\u00e9hension s\u00e9mantique et d&#039;autres technologies pour cr\u00e9er un service client intelligent \u00b7<br \/>\nM\u00e9dical : L&#039;imagerie intelligente peut d\u00e9pister rapidement le d\u00e9pistage pr\u00e9coce du cancer, aidant les patients \u00e0 d\u00e9tecter les l\u00e9sions plus t\u00f4t.<\/p>\n<p>Trafic\u00a0: utilisation sans conducteur de capteurs, vision par ordinateur et autres technologies pour lib\u00e9rer les mains et la perception humaines. Commerce de d\u00e9tail\u00a0: utilisation de la vision par ordinateur, de la reconnaissance vocale\/s\u00e9mantique, de la robotique, etc. La technologie am\u00e9liore l&#039;exp\u00e9rience du consommateur.<\/p>\n<p>Fabrication industrielle\u00a0: les robots remplacent les travailleurs pour effectuer des travaux dans des endroits dangereux et ex\u00e9cutent efficacement des t\u00e2ches r\u00e9p\u00e9titives sur la cha\u00eene de montage.<\/p>\n\n\t\t<\/div>\n\t<\/div>\n<\/div><\/div><\/div><\/div><\/div><\/div>","protected":false},"excerpt":{"rendered":"Intelligence artificielle Notre service ax\u00e9 sur le client fournit aux clients des solutions personnalis\u00e9es. Nous comprenons les besoins des industries de l&#039;automobile et des transports et travaillons avec vous pour nous assurer que ces besoins sont satisfaits et d\u00e9pass\u00e9s. Notre large gamme de processus convient \u00e0 chaque partie de l&#039;industrie automobile. \u25cf Usinage CNC \u25cf Impression 3D \u25cf Injection rapide [...]","protected":false},"author":1,"featured_media":0,"parent":3984,"menu_order":3,"comment_status":"closed","ping_status":"closed","template":"","meta":{"footnotes":""},"class_list":["post-4129","page","type-page","status-publish","hentry","no-thumb"],"yoast_head":"<!-- This site is optimized with the Yoast SEO plugin v27.5 - https:\/\/yoast.com\/product\/yoast-seo-wordpress\/ -->\n<title>Artificial Intelligence - Best Parts-Online CNC Machining Service Supplier<\/title>\n<meta name=\"description\" content=\"Our customer-focused service provides customers with customized solutions. We understand the needs of the automotive and transportation industries and work with you to ensure that these needs are met and exceeded.Our wide range of processes is suitable for every part of the automotive industry.\" \/>\n<meta name=\"robots\" content=\"index, follow, max-snippet:-1, max-image-preview:large, max-video-preview:-1\" \/>\n<link rel=\"canonical\" href=\"https:\/\/www.bestinparts.com\/fr\/resources\/industries\/artificial-intelligence\/\" \/>\n<meta property=\"og:locale\" content=\"fr_FR\" \/>\n<meta property=\"og:type\" content=\"article\" \/>\n<meta property=\"og:title\" content=\"Artificial Intelligence - Best Parts-Online CNC Machining Service Supplier\" \/>\n<meta property=\"og:description\" content=\"Our customer-focused service provides customers with customized solutions. We understand the needs of the automotive and transportation industries and work with you to ensure that these needs are met and exceeded.Our wide range of processes is suitable for every part of the automotive industry.\" \/>\n<meta property=\"og:url\" content=\"https:\/\/www.bestinparts.com\/fr\/resources\/industries\/artificial-intelligence\/\" \/>\n<meta property=\"og:site_name\" content=\"Best Parts-Online CNC Machining Service Supplier\" \/>\n<meta property=\"article:publisher\" content=\"https:\/\/www.facebook.com\/BestPartsManufacturing\/\" \/>\n<meta property=\"article:modified_time\" content=\"2022-04-12T08:50:17+00:00\" \/>\n<meta property=\"og:image\" content=\"https:\/\/www.bestinparts.com\/wp-content\/uploads\/2022\/03\/Best-parts-logo-1.png\" \/>\n\t<meta property=\"og:image:width\" content=\"800\" \/>\n\t<meta property=\"og:image:height\" content=\"302\" \/>\n\t<meta property=\"og:image:type\" content=\"image\/png\" \/>\n<meta name=\"twitter:card\" content=\"summary_large_image\" \/>\n<meta name=\"twitter:site\" content=\"@BESTINPARTS\" \/>\n<meta name=\"twitter:label1\" content=\"Dur\u00e9e de lecture estim\u00e9e\" \/>\n\t<meta name=\"twitter:data1\" content=\"2 minutes\" \/>\n<script type=\"application\/ld+json\" class=\"yoast-schema-graph\">{\"@context\":\"https:\\\/\\\/schema.org\",\"@graph\":[{\"@type\":\"WebPage\",\"@id\":\"https:\\\/\\\/www.bestinparts.com\\\/resources\\\/industries\\\/artificial-intelligence\\\/\",\"url\":\"https:\\\/\\\/www.bestinparts.com\\\/resources\\\/industries\\\/artificial-intelligence\\\/\",\"name\":\"Artificial Intelligence - Best Parts-Online CNC Machining Service Supplier\",\"isPartOf\":{\"@id\":\"https:\\\/\\\/www.bestinparts.com\\\/#website\"},\"datePublished\":\"2017-12-18T03:06:44+00:00\",\"dateModified\":\"2022-04-12T08:50:17+00:00\",\"description\":\"Our customer-focused service provides customers with customized solutions. We understand the needs of the automotive and transportation industries and work with you to ensure that these needs are met and exceeded.Our wide range of processes is suitable for every part of the automotive industry.\",\"breadcrumb\":{\"@id\":\"https:\\\/\\\/www.bestinparts.com\\\/resources\\\/industries\\\/artificial-intelligence\\\/#breadcrumb\"},\"inLanguage\":\"fr-FR\",\"potentialAction\":[{\"@type\":\"ReadAction\",\"target\":[\"https:\\\/\\\/www.bestinparts.com\\\/resources\\\/industries\\\/artificial-intelligence\\\/\"]}]},{\"@type\":\"BreadcrumbList\",\"@id\":\"https:\\\/\\\/www.bestinparts.com\\\/resources\\\/industries\\\/artificial-intelligence\\\/#breadcrumb\",\"itemListElement\":[{\"@type\":\"ListItem\",\"position\":1,\"name\":\"Home\",\"item\":\"https:\\\/\\\/www.bestinparts.com\\\/\"},{\"@type\":\"ListItem\",\"position\":2,\"name\":\"Resources\",\"item\":\"https:\\\/\\\/www.bestinparts.com\\\/resources\\\/\"},{\"@type\":\"ListItem\",\"position\":3,\"name\":\"Industries\",\"item\":\"https:\\\/\\\/www.bestinparts.com\\\/resources\\\/industries\\\/\"},{\"@type\":\"ListItem\",\"position\":4,\"name\":\"Artificial Intelligence\"}]},{\"@type\":\"WebSite\",\"@id\":\"https:\\\/\\\/www.bestinparts.com\\\/#website\",\"url\":\"https:\\\/\\\/www.bestinparts.com\\\/\",\"name\":\"Best Parts-Online CNC Machining Service Supplier\",\"description\":\"20+ Years CNC Machining Parts Manufacturer\",\"publisher\":{\"@id\":\"https:\\\/\\\/www.bestinparts.com\\\/#organization\"},\"potentialAction\":[{\"@type\":\"SearchAction\",\"target\":{\"@type\":\"EntryPoint\",\"urlTemplate\":\"https:\\\/\\\/www.bestinparts.com\\\/?s={search_term_string}\"},\"query-input\":{\"@type\":\"PropertyValueSpecification\",\"valueRequired\":true,\"valueName\":\"search_term_string\"}}],\"inLanguage\":\"fr-FR\"},{\"@type\":\"Organization\",\"@id\":\"https:\\\/\\\/www.bestinparts.com\\\/#organization\",\"name\":\"Shenzhen Best Parts Co., Ltd\",\"url\":\"https:\\\/\\\/www.bestinparts.com\\\/\",\"logo\":{\"@type\":\"ImageObject\",\"inLanguage\":\"fr-FR\",\"@id\":\"https:\\\/\\\/www.bestinparts.com\\\/#\\\/schema\\\/logo\\\/image\\\/\",\"url\":\"https:\\\/\\\/www.bestinparts.com\\\/wp-content\\\/uploads\\\/2022\\\/02\\\/Best-Parts-home-logo2.png\",\"contentUrl\":\"https:\\\/\\\/www.bestinparts.com\\\/wp-content\\\/uploads\\\/2022\\\/02\\\/Best-Parts-home-logo2.png\",\"width\":197,\"height\":64,\"caption\":\"Shenzhen Best Parts Co., Ltd\"},\"image\":{\"@id\":\"https:\\\/\\\/www.bestinparts.com\\\/#\\\/schema\\\/logo\\\/image\\\/\"},\"sameAs\":[\"https:\\\/\\\/www.facebook.com\\\/BestPartsManufacturing\\\/\",\"https:\\\/\\\/x.com\\\/BESTINPARTS\",\"https:\\\/\\\/www.instagram.com\\\/bestinparts\\\/\",\"https:\\\/\\\/www.linkedin.com\\\/company\\\/bestinparts\",\"https:\\\/\\\/www.youtube.com\\\/channel\\\/UCxtW5GyB1LVudr8Rc6LcmTA\\\/featured?view_as=subscriber\"]}]}<\/script>\n<!-- \/ Yoast SEO plugin. -->","yoast_head_json":{"title":"Artificial Intelligence - Best Parts-Online CNC Machining Service Supplier","description":"Our customer-focused service provides customers with customized solutions. We understand the needs of the automotive and transportation industries and work with you to ensure that these needs are met and exceeded.Our wide range of processes is suitable for every part of the automotive industry.","robots":{"index":"index","follow":"follow","max-snippet":"max-snippet:-1","max-image-preview":"max-image-preview:large","max-video-preview":"max-video-preview:-1"},"canonical":"https:\/\/www.bestinparts.com\/fr\/resources\/industries\/artificial-intelligence\/","og_locale":"fr_FR","og_type":"article","og_title":"Artificial Intelligence - Best Parts-Online CNC Machining Service Supplier","og_description":"Our customer-focused service provides customers with customized solutions. We understand the needs of the automotive and transportation industries and work with you to ensure that these needs are met and exceeded.Our wide range of processes is suitable for every part of the automotive industry.","og_url":"https:\/\/www.bestinparts.com\/fr\/resources\/industries\/artificial-intelligence\/","og_site_name":"Best Parts-Online CNC Machining Service Supplier","article_publisher":"https:\/\/www.facebook.com\/BestPartsManufacturing\/","article_modified_time":"2022-04-12T08:50:17+00:00","og_image":[{"width":800,"height":302,"url":"https:\/\/www.bestinparts.com\/wp-content\/uploads\/2022\/03\/Best-parts-logo-1.png","type":"image\/png"}],"twitter_card":"summary_large_image","twitter_site":"@BESTINPARTS","twitter_misc":{"Dur\u00e9e de lecture estim\u00e9e":"2 minutes"},"schema":{"@context":"https:\/\/schema.org","@graph":[{"@type":"WebPage","@id":"https:\/\/www.bestinparts.com\/resources\/industries\/artificial-intelligence\/","url":"https:\/\/www.bestinparts.com\/resources\/industries\/artificial-intelligence\/","name":"Artificial Intelligence - Best Parts-Online CNC Machining Service Supplier","isPartOf":{"@id":"https:\/\/www.bestinparts.com\/#website"},"datePublished":"2017-12-18T03:06:44+00:00","dateModified":"2022-04-12T08:50:17+00:00","description":"Our customer-focused service provides customers with customized solutions. We understand the needs of the automotive and transportation industries and work with you to ensure that these needs are met and exceeded.Our wide range of processes is suitable for every part of the automotive industry.","breadcrumb":{"@id":"https:\/\/www.bestinparts.com\/resources\/industries\/artificial-intelligence\/#breadcrumb"},"inLanguage":"fr-FR","potentialAction":[{"@type":"ReadAction","target":["https:\/\/www.bestinparts.com\/resources\/industries\/artificial-intelligence\/"]}]},{"@type":"BreadcrumbList","@id":"https:\/\/www.bestinparts.com\/resources\/industries\/artificial-intelligence\/#breadcrumb","itemListElement":[{"@type":"ListItem","position":1,"name":"Home","item":"https:\/\/www.bestinparts.com\/"},{"@type":"ListItem","position":2,"name":"Resources","item":"https:\/\/www.bestinparts.com\/resources\/"},{"@type":"ListItem","position":3,"name":"Industries","item":"https:\/\/www.bestinparts.com\/resources\/industries\/"},{"@type":"ListItem","position":4,"name":"Artificial Intelligence"}]},{"@type":"WebSite","@id":"https:\/\/www.bestinparts.com\/#website","url":"https:\/\/www.bestinparts.com\/","name":"Best Parts-Online CNC Machining Service Supplier","description":"20+ Years CNC Machining Parts Manufacturer","publisher":{"@id":"https:\/\/www.bestinparts.com\/#organization"},"potentialAction":[{"@type":"SearchAction","target":{"@type":"EntryPoint","urlTemplate":"https:\/\/www.bestinparts.com\/?s={search_term_string}"},"query-input":{"@type":"PropertyValueSpecification","valueRequired":true,"valueName":"search_term_string"}}],"inLanguage":"fr-FR"},{"@type":"Organization","@id":"https:\/\/www.bestinparts.com\/#organization","name":"Shenzhen Best Parts Co., Ltd","url":"https:\/\/www.bestinparts.com\/","logo":{"@type":"ImageObject","inLanguage":"fr-FR","@id":"https:\/\/www.bestinparts.com\/#\/schema\/logo\/image\/","url":"https:\/\/www.bestinparts.com\/wp-content\/uploads\/2022\/02\/Best-Parts-home-logo2.png","contentUrl":"https:\/\/www.bestinparts.com\/wp-content\/uploads\/2022\/02\/Best-Parts-home-logo2.png","width":197,"height":64,"caption":"Shenzhen Best Parts Co., Ltd"},"image":{"@id":"https:\/\/www.bestinparts.com\/#\/schema\/logo\/image\/"},"sameAs":["https:\/\/www.facebook.com\/BestPartsManufacturing\/","https:\/\/x.com\/BESTINPARTS","https:\/\/www.instagram.com\/bestinparts\/","https:\/\/www.linkedin.com\/company\/bestinparts","https:\/\/www.youtube.com\/channel\/UCxtW5GyB1LVudr8Rc6LcmTA\/featured?view_as=subscriber"]}]}},"_links":{"self":[{"href":"https:\/\/www.bestinparts.com\/fr\/wp-json\/wp\/v2\/pages\/4129","targetHints":{"allow":["GET"]}}],"collection":[{"href":"https:\/\/www.bestinparts.com\/fr\/wp-json\/wp\/v2\/pages"}],"about":[{"href":"https:\/\/www.bestinparts.com\/fr\/wp-json\/wp\/v2\/types\/page"}],"author":[{"embeddable":true,"href":"https:\/\/www.bestinparts.com\/fr\/wp-json\/wp\/v2\/users\/1"}],"replies":[{"embeddable":true,"href":"https:\/\/www.bestinparts.com\/fr\/wp-json\/wp\/v2\/comments?post=4129"}],"version-history":[{"count":0,"href":"https:\/\/www.bestinparts.com\/fr\/wp-json\/wp\/v2\/pages\/4129\/revisions"}],"up":[{"embeddable":true,"href":"https:\/\/www.bestinparts.com\/fr\/wp-json\/wp\/v2\/pages\/3984"}],"wp:attachment":[{"href":"https:\/\/www.bestinparts.com\/fr\/wp-json\/wp\/v2\/media?parent=4129"}],"curies":[{"name":"wp","href":"https:\/\/api.w.org\/{rel}","templated":true}]}}