{"id":45,"date":"2017-12-02T11:46:07","date_gmt":"2017-12-02T11:46:07","guid":{"rendered":"http:\/\/demo2.drfuri.com\/manufactory\/?page_id=45"},"modified":"2022-08-18T20:59:22","modified_gmt":"2022-08-19T03:59:22","slug":"testimonials","status":"publish","type":"page","link":"https:\/\/www.bestinparts.com\/fr\/about-us\/testimonials\/","title":{"rendered":"T\u00e9moignages"},"content":{"rendered":"<div class=\"vc_row wpb_row vc_row-fluid\"><div class=\"container\"><div class=\"row\"><div class=\"wpb_column vc_column_container vc_col-sm-12\"><div class=\"vc_column-inner\"><div class=\"wpb_wrapper\"><div class=\"mf-section-title text-center dark large-size\"><h2 >T\u00e9moignages clients<\/h2><\/div><div class=\"mf-empty-space\" style=\"\"><div class=\"mf_empty_space_lg\"  style=\"height: 80px\"><\/div><div class=\"mf_empty_space_md\"  style=\"height: 80px\"><\/div><div class=\"mf_empty_space_xs\"  style=\"height: 80px\"><\/div><\/div><div class=\"mf-testimonial style-2 grid dark-version\" id=\"testimonial-slider-69dff5809b641\">\n\t\t\t\t<div class=\"testimonial-list row\"><div class=\"testimonial-info col-md-4 col-sm-6 col-xs-12\"><div class=\"testi-wrapper\"><div class=\"testimonial-avatar\"><img loading=\"lazy\" decoding=\"async\" class=\"\" src=\"https:\/\/www.bestinparts.com\/wp-content\/uploads\/2020\/02\/testi1.jpg\" width=\"90\" height=\"90\" alt=\"testi1\" title=\"testi1\" \/><\/div><h4 class=\"name\"><span>Caden P.<\/span><\/h4><div class=\"testi-rating\">\n\t\t\t\t\t\t\t<div class=\"rating-content\">\n\t\t\t\t\t\t\t\t<span style=\"width: 100%\"><\/span>\n\t\t\t\t\t\t\t<\/div>\n\t\t\t\t\t\t<\/div><span class=\"address\">\u00c9tats-Unis<\/span><div class=\"desc\">Livraison rapide, qualit\u00e9 merveilleuse Continuera \u00e0 coop\u00e9rer \u00e0 l&#039;avenir.\n<\/div><\/div><\/div><div class=\"testimonial-info col-md-4 col-sm-6 col-xs-12\"><div class=\"testi-wrapper\"><div class=\"testimonial-avatar\"><img loading=\"lazy\" decoding=\"async\" class=\"\" src=\"https:\/\/www.bestinparts.com\/wp-content\/uploads\/2020\/02\/testi7.jpg\" width=\"90\" height=\"90\" alt=\"testi7\" title=\"testi7\" \/><\/div><h4 class=\"name\"><span>Alex Bedford<\/span><\/h4><div class=\"testi-rating\">\n\t\t\t\t\t\t\t<div class=\"rating-content\">\n\t\t\t\t\t\t\t\t<span style=\"width: 100%\"><\/span>\n\t\t\t\t\t\t\t<\/div>\n\t\t\t\t\t\t<\/div><span class=\"address\">\u00c9tats-Unis<\/span><div class=\"desc\">Produisez les pi\u00e8ces selon notre dessin, la qualit\u00e9 est excellente, surtout la finition, tr\u00e8s bonne. Continuer \u00e0 r\u00e9aliser le prochain projet<\/div><\/div><\/div><div class=\"testimonial-info col-md-4 col-sm-6 col-xs-12\"><div class=\"testi-wrapper\"><div class=\"testimonial-avatar\"><img loading=\"lazy\" decoding=\"async\" class=\"\" src=\"https:\/\/www.bestinparts.com\/wp-content\/uploads\/2020\/02\/testi2.jpg\" width=\"90\" height=\"90\" alt=\"testi2\" title=\"testi2\" \/><\/div><h4 class=\"name\"><span>Will Evans<\/span><\/h4><div class=\"testi-rating\">\n\t\t\t\t\t\t\t<div class=\"rating-content\">\n\t\t\t\t\t\t\t\t<span style=\"width: 96%\"><\/span>\n\t\t\t\t\t\t\t<\/div>\n\t\t\t\t\t\t<\/div><span class=\"address\">ROYAUME-UNI<\/span><div class=\"desc\">Excellent fournisseur, tr\u00e8s rapide, tr\u00e8s professionnel ! Je commanderai \u00e0 nouveau \u00e0 coup s\u00fbr.<\/div><\/div><\/div><\/div>\n\t\t\t<\/div><\/div><\/div><\/div><\/div><\/div><\/div><div class=\"vc_row wpb_row vc_row-fluid\"><div class=\"container\"><div class=\"row\"><div class=\"wpb_column vc_column_container vc_col-sm-12\"><div class=\"vc_column-inner\"><div class=\"wpb_wrapper\">\n\t<div  class=\"wpb_single_image wpb_content_element vc_align_center\">\n\t\t\n\t\t<figure class=\"wpb_wrapper vc_figure\">\n\t\t\t<a class=\"\" data-lightbox=\"lightbox[rel-45-537769876]\" href=\"https:\/\/www.bestinparts.com\/wp-content\/uploads\/2022\/03\/testimonials1.jpg\" target=\"_self\"><img loading=\"lazy\" decoding=\"async\" class=\"vc_single_image-img\" src=\"https:\/\/www.bestinparts.com\/wp-content\/uploads\/2022\/03\/testimonials1.jpg\" width=\"908\" height=\"718\" alt=\"testimonials1\" title=\"t\u00e9moignages1\" \/><\/a>\n\t\t<\/figure>\n\t<\/div>\n<div class=\"mf-empty-space\" style=\"\"><div class=\"mf_empty_space_lg\"  style=\"height: 40px\"><\/div><div class=\"mf_empty_space_md\"  style=\"height: 40px\"><\/div><div class=\"mf_empty_space_xs\"  style=\"height: 40px\"><\/div><\/div><\/div><\/div><\/div><\/div><\/div><\/div><div class=\"vc_row wpb_row vc_row-fluid\"><div class=\"container\"><div class=\"row\"><div class=\"wpb_column vc_column_container vc_col-sm-12\"><div class=\"vc_column-inner\"><div class=\"wpb_wrapper\">\n\t<div  class=\"wpb_single_image wpb_content_element vc_align_center\">\n\t\t\n\t\t<figure class=\"wpb_wrapper vc_figure\">\n\t\t\t<a class=\"\" data-lightbox=\"lightbox[rel-45-3089500820]\" href=\"https:\/\/www.bestinparts.com\/wp-content\/uploads\/2022\/03\/testimonials2.jpg\" target=\"_self\"><img loading=\"lazy\" decoding=\"async\" class=\"vc_single_image-img\" src=\"https:\/\/www.bestinparts.com\/wp-content\/uploads\/2022\/03\/testimonials2.jpg\" width=\"1020\" height=\"142\" alt=\"testimonials2\" title=\"t\u00e9moignages2\" \/><\/a>\n\t\t<\/figure>\n\t<\/div>\n<\/div><\/div><\/div><\/div><\/div><\/div><div class=\"vc_row wpb_row vc_row-fluid\"><div class=\"container\"><div class=\"row\"><div class=\"wpb_column vc_column_container vc_col-sm-12\"><div class=\"vc_column-inner\"><div class=\"wpb_wrapper\">\n\t<div  class=\"wpb_single_image wpb_content_element vc_align_center\">\n\t\t\n\t\t<figure class=\"wpb_wrapper vc_figure\">\n\t\t\t<a class=\"\" data-lightbox=\"lightbox[rel-45-405881008]\" href=\"https:\/\/www.bestinparts.com\/wp-content\/uploads\/2022\/08\/testimonials3-1-1.jpg\" target=\"_self\"><img loading=\"lazy\" decoding=\"async\" class=\"vc_single_image-img\" src=\"https:\/\/www.bestinparts.com\/wp-content\/uploads\/2022\/08\/testimonials3-1-1.jpg\" width=\"845\" height=\"639\" alt=\"testimonials3 (1)\" title=\"t\u00e9moignages3 (1)\" \/><\/a>\n\t\t<\/figure>\n\t<\/div>\n\n\t<div  class=\"wpb_single_image wpb_content_element vc_align_center\">\n\t\t\n\t\t<figure class=\"wpb_wrapper vc_figure\">\n\t\t\t<div class=\"vc_single_image-wrapper   vc_box_border_grey\"><img loading=\"lazy\" decoding=\"async\" class=\"vc_single_image-img\" src=\"https:\/\/www.bestinparts.com\/wp-content\/uploads\/2022\/08\/review1.jpg\" width=\"1125\" height=\"725\" alt=\"review1\" title=\"avis1\" \/><\/div>\n\t\t<\/figure>\n\t<\/div>\n\n\t<div  class=\"wpb_single_image wpb_content_element vc_align_center\">\n\t\t\n\t\t<figure class=\"wpb_wrapper vc_figure\">\n\t\t\t<div class=\"vc_single_image-wrapper   vc_box_border_grey\"><img loading=\"lazy\" decoding=\"async\" class=\"vc_single_image-img\" src=\"https:\/\/www.bestinparts.com\/wp-content\/uploads\/2022\/08\/review2.png\" width=\"908\" height=\"486\" alt=\"review2\" title=\"avis2\" \/><\/div>\n\t\t<\/figure>\n\t<\/div>\n\n\t<div  class=\"wpb_single_image wpb_content_element vc_align_center\">\n\t\t\n\t\t<figure class=\"wpb_wrapper vc_figure\">\n\t\t\t<div class=\"vc_single_image-wrapper   vc_box_border_grey\"><img loading=\"lazy\" decoding=\"async\" class=\"vc_single_image-img\" src=\"https:\/\/www.bestinparts.com\/wp-content\/uploads\/2022\/08\/review4.png\" width=\"942\" height=\"526\" alt=\"review4\" title=\"avis4\" \/><\/div>\n\t\t<\/figure>\n\t<\/div>\n\n\t<div  class=\"wpb_single_image wpb_content_element vc_align_left\">\n\t\t\n\t\t<figure class=\"wpb_wrapper vc_figure\">\n\t\t\t<div class=\"vc_single_image-wrapper   vc_box_border_grey\"><img loading=\"lazy\" decoding=\"async\" class=\"vc_single_image-img\" src=\"https:\/\/www.bestinparts.com\/wp-content\/uploads\/2022\/08\/review3.png\" width=\"921\" height=\"324\" alt=\"review3\" title=\"avis3\" \/><\/div>\n\t\t<\/figure>\n\t<\/div>\n<\/div><\/div><\/div><\/div><\/div><\/div>","protected":false},"excerpt":{"rendered":"Client Testimonials Caden P. United StatesFast delivery, Wonderful quality Will continute to cooperate in future. Alex Bedford United StatesProduce the parts as per our drawing, the quality is great, especially the finish, very good. Continue to carry out the next projectWill Evans UKGreat supplier, very fast, highly professional! Will order again for sure.","protected":false},"author":1,"featured_media":0,"parent":4381,"menu_order":4,"comment_status":"closed","ping_status":"closed","template":"template-fullwidth.php","meta":{"footnotes":""},"class_list":["post-45","page","type-page","status-publish","hentry","no-thumb"],"yoast_head":"<!-- This site is optimized with the Yoast SEO plugin v27.4 - https:\/\/yoast.com\/product\/yoast-seo-wordpress\/ -->\n<title>Testimonials - Best Parts-Online CNC Machining Service Supplier<\/title>\n<meta name=\"description\" content=\"Testimonials Best Parts-Online CNC Machining Service Supplier\" \/>\n<meta name=\"robots\" content=\"index, follow, max-snippet:-1, max-image-preview:large, max-video-preview:-1\" \/>\n<link rel=\"canonical\" href=\"https:\/\/www.bestinparts.com\/fr\/about-us\/testimonials\/\" \/>\n<meta property=\"og:locale\" content=\"fr_FR\" \/>\n<meta property=\"og:type\" content=\"article\" \/>\n<meta property=\"og:title\" content=\"Testimonials - Best Parts-Online CNC Machining Service Supplier\" \/>\n<meta property=\"og:description\" content=\"Testimonials Best Parts-Online CNC Machining Service Supplier\" \/>\n<meta property=\"og:url\" content=\"https:\/\/www.bestinparts.com\/fr\/about-us\/testimonials\/\" \/>\n<meta property=\"og:site_name\" content=\"Best Parts-Online CNC Machining Service Supplier\" \/>\n<meta property=\"article:publisher\" content=\"https:\/\/www.facebook.com\/BestPartsManufacturing\/\" \/>\n<meta property=\"article:modified_time\" content=\"2022-08-19T03:59:22+00:00\" \/>\n<meta property=\"og:image\" content=\"https:\/\/www.bestinparts.com\/wp-content\/uploads\/2022\/03\/Best-parts-logo-1.png\" \/>\n\t<meta property=\"og:image:width\" content=\"800\" \/>\n\t<meta property=\"og:image:height\" content=\"302\" \/>\n\t<meta property=\"og:image:type\" content=\"image\/png\" \/>\n<meta name=\"twitter:card\" content=\"summary_large_image\" \/>\n<meta name=\"twitter:site\" content=\"@BESTINPARTS\" \/>\n<meta name=\"twitter:label1\" content=\"Dur\u00e9e de lecture estim\u00e9e\" \/>\n\t<meta name=\"twitter:data1\" content=\"1 minute\" \/>\n<script type=\"application\/ld+json\" class=\"yoast-schema-graph\">{\"@context\":\"https:\\\/\\\/schema.org\",\"@graph\":[{\"@type\":\"WebPage\",\"@id\":\"https:\\\/\\\/www.bestinparts.com\\\/about-us\\\/testimonials\\\/\",\"url\":\"https:\\\/\\\/www.bestinparts.com\\\/about-us\\\/testimonials\\\/\",\"name\":\"Testimonials - Best Parts-Online CNC Machining Service Supplier\",\"isPartOf\":{\"@id\":\"https:\\\/\\\/www.bestinparts.com\\\/#website\"},\"datePublished\":\"2017-12-02T11:46:07+00:00\",\"dateModified\":\"2022-08-19T03:59:22+00:00\",\"description\":\"Testimonials Best Parts-Online CNC Machining Service Supplier\",\"breadcrumb\":{\"@id\":\"https:\\\/\\\/www.bestinparts.com\\\/about-us\\\/testimonials\\\/#breadcrumb\"},\"inLanguage\":\"fr-FR\",\"potentialAction\":[{\"@type\":\"ReadAction\",\"target\":[\"https:\\\/\\\/www.bestinparts.com\\\/about-us\\\/testimonials\\\/\"]}]},{\"@type\":\"BreadcrumbList\",\"@id\":\"https:\\\/\\\/www.bestinparts.com\\\/about-us\\\/testimonials\\\/#breadcrumb\",\"itemListElement\":[{\"@type\":\"ListItem\",\"position\":1,\"name\":\"Home\",\"item\":\"https:\\\/\\\/www.bestinparts.com\\\/\"},{\"@type\":\"ListItem\",\"position\":2,\"name\":\"about Best Parts\",\"item\":\"https:\\\/\\\/www.bestinparts.com\\\/about-us\\\/\"},{\"@type\":\"ListItem\",\"position\":3,\"name\":\"Testimonials\"}]},{\"@type\":\"WebSite\",\"@id\":\"https:\\\/\\\/www.bestinparts.com\\\/#website\",\"url\":\"https:\\\/\\\/www.bestinparts.com\\\/\",\"name\":\"Best Parts-Online CNC Machining Service Supplier\",\"description\":\"20+ Years CNC Machining Parts Manufacturer\",\"publisher\":{\"@id\":\"https:\\\/\\\/www.bestinparts.com\\\/#organization\"},\"potentialAction\":[{\"@type\":\"SearchAction\",\"target\":{\"@type\":\"EntryPoint\",\"urlTemplate\":\"https:\\\/\\\/www.bestinparts.com\\\/?s={search_term_string}\"},\"query-input\":{\"@type\":\"PropertyValueSpecification\",\"valueRequired\":true,\"valueName\":\"search_term_string\"}}],\"inLanguage\":\"fr-FR\"},{\"@type\":\"Organization\",\"@id\":\"https:\\\/\\\/www.bestinparts.com\\\/#organization\",\"name\":\"Shenzhen Best Parts Co., Ltd\",\"url\":\"https:\\\/\\\/www.bestinparts.com\\\/\",\"logo\":{\"@type\":\"ImageObject\",\"inLanguage\":\"fr-FR\",\"@id\":\"https:\\\/\\\/www.bestinparts.com\\\/#\\\/schema\\\/logo\\\/image\\\/\",\"url\":\"https:\\\/\\\/www.bestinparts.com\\\/wp-content\\\/uploads\\\/2022\\\/02\\\/Best-Parts-home-logo2.png\",\"contentUrl\":\"https:\\\/\\\/www.bestinparts.com\\\/wp-content\\\/uploads\\\/2022\\\/02\\\/Best-Parts-home-logo2.png\",\"width\":197,\"height\":64,\"caption\":\"Shenzhen Best Parts Co., Ltd\"},\"image\":{\"@id\":\"https:\\\/\\\/www.bestinparts.com\\\/#\\\/schema\\\/logo\\\/image\\\/\"},\"sameAs\":[\"https:\\\/\\\/www.facebook.com\\\/BestPartsManufacturing\\\/\",\"https:\\\/\\\/x.com\\\/BESTINPARTS\",\"https:\\\/\\\/www.instagram.com\\\/bestinparts\\\/\",\"https:\\\/\\\/www.linkedin.com\\\/company\\\/bestinparts\",\"https:\\\/\\\/www.youtube.com\\\/channel\\\/UCxtW5GyB1LVudr8Rc6LcmTA\\\/featured?view_as=subscriber\"]}]}<\/script>\n<!-- \/ Yoast SEO plugin. -->","yoast_head_json":{"title":"Testimonials - Best Parts-Online CNC Machining Service Supplier","description":"Testimonials Best Parts-Online CNC Machining Service Supplier","robots":{"index":"index","follow":"follow","max-snippet":"max-snippet:-1","max-image-preview":"max-image-preview:large","max-video-preview":"max-video-preview:-1"},"canonical":"https:\/\/www.bestinparts.com\/fr\/about-us\/testimonials\/","og_locale":"fr_FR","og_type":"article","og_title":"Testimonials - Best Parts-Online CNC Machining Service Supplier","og_description":"Testimonials Best Parts-Online CNC Machining Service Supplier","og_url":"https:\/\/www.bestinparts.com\/fr\/about-us\/testimonials\/","og_site_name":"Best Parts-Online CNC Machining Service Supplier","article_publisher":"https:\/\/www.facebook.com\/BestPartsManufacturing\/","article_modified_time":"2022-08-19T03:59:22+00:00","og_image":[{"width":800,"height":302,"url":"https:\/\/www.bestinparts.com\/wp-content\/uploads\/2022\/03\/Best-parts-logo-1.png","type":"image\/png"}],"twitter_card":"summary_large_image","twitter_site":"@BESTINPARTS","twitter_misc":{"Dur\u00e9e de lecture estim\u00e9e":"1 minute"},"schema":{"@context":"https:\/\/schema.org","@graph":[{"@type":"WebPage","@id":"https:\/\/www.bestinparts.com\/about-us\/testimonials\/","url":"https:\/\/www.bestinparts.com\/about-us\/testimonials\/","name":"Testimonials - Best Parts-Online CNC Machining Service Supplier","isPartOf":{"@id":"https:\/\/www.bestinparts.com\/#website"},"datePublished":"2017-12-02T11:46:07+00:00","dateModified":"2022-08-19T03:59:22+00:00","description":"Testimonials Best Parts-Online CNC Machining Service Supplier","breadcrumb":{"@id":"https:\/\/www.bestinparts.com\/about-us\/testimonials\/#breadcrumb"},"inLanguage":"fr-FR","potentialAction":[{"@type":"ReadAction","target":["https:\/\/www.bestinparts.com\/about-us\/testimonials\/"]}]},{"@type":"BreadcrumbList","@id":"https:\/\/www.bestinparts.com\/about-us\/testimonials\/#breadcrumb","itemListElement":[{"@type":"ListItem","position":1,"name":"Home","item":"https:\/\/www.bestinparts.com\/"},{"@type":"ListItem","position":2,"name":"about Best Parts","item":"https:\/\/www.bestinparts.com\/about-us\/"},{"@type":"ListItem","position":3,"name":"Testimonials"}]},{"@type":"WebSite","@id":"https:\/\/www.bestinparts.com\/#website","url":"https:\/\/www.bestinparts.com\/","name":"Best Parts-Online CNC Machining Service Supplier","description":"20+ Years CNC Machining Parts Manufacturer","publisher":{"@id":"https:\/\/www.bestinparts.com\/#organization"},"potentialAction":[{"@type":"SearchAction","target":{"@type":"EntryPoint","urlTemplate":"https:\/\/www.bestinparts.com\/?s={search_term_string}"},"query-input":{"@type":"PropertyValueSpecification","valueRequired":true,"valueName":"search_term_string"}}],"inLanguage":"fr-FR"},{"@type":"Organization","@id":"https:\/\/www.bestinparts.com\/#organization","name":"Shenzhen Best Parts Co., Ltd","url":"https:\/\/www.bestinparts.com\/","logo":{"@type":"ImageObject","inLanguage":"fr-FR","@id":"https:\/\/www.bestinparts.com\/#\/schema\/logo\/image\/","url":"https:\/\/www.bestinparts.com\/wp-content\/uploads\/2022\/02\/Best-Parts-home-logo2.png","contentUrl":"https:\/\/www.bestinparts.com\/wp-content\/uploads\/2022\/02\/Best-Parts-home-logo2.png","width":197,"height":64,"caption":"Shenzhen Best Parts Co., Ltd"},"image":{"@id":"https:\/\/www.bestinparts.com\/#\/schema\/logo\/image\/"},"sameAs":["https:\/\/www.facebook.com\/BestPartsManufacturing\/","https:\/\/x.com\/BESTINPARTS","https:\/\/www.instagram.com\/bestinparts\/","https:\/\/www.linkedin.com\/company\/bestinparts","https:\/\/www.youtube.com\/channel\/UCxtW5GyB1LVudr8Rc6LcmTA\/featured?view_as=subscriber"]}]}},"_links":{"self":[{"href":"https:\/\/www.bestinparts.com\/fr\/wp-json\/wp\/v2\/pages\/45","targetHints":{"allow":["GET"]}}],"collection":[{"href":"https:\/\/www.bestinparts.com\/fr\/wp-json\/wp\/v2\/pages"}],"about":[{"href":"https:\/\/www.bestinparts.com\/fr\/wp-json\/wp\/v2\/types\/page"}],"author":[{"embeddable":true,"href":"https:\/\/www.bestinparts.com\/fr\/wp-json\/wp\/v2\/users\/1"}],"replies":[{"embeddable":true,"href":"https:\/\/www.bestinparts.com\/fr\/wp-json\/wp\/v2\/comments?post=45"}],"version-history":[{"count":0,"href":"https:\/\/www.bestinparts.com\/fr\/wp-json\/wp\/v2\/pages\/45\/revisions"}],"up":[{"embeddable":true,"href":"https:\/\/www.bestinparts.com\/fr\/wp-json\/wp\/v2\/pages\/4381"}],"wp:attachment":[{"href":"https:\/\/www.bestinparts.com\/fr\/wp-json\/wp\/v2\/media?parent=45"}],"curies":[{"name":"wp","href":"https:\/\/api.w.org\/{rel}","templated":true}]}}