{"id":3,"date":"2017-12-09T07:42:03","date_gmt":"2017-12-09T07:42:03","guid":{"rendered":"https:\/\/cnc-rapid.com\/?page_id=3"},"modified":"2022-04-12T01:50:17","modified_gmt":"2022-04-12T08:50:17","slug":"privacy-policy","status":"publish","type":"page","link":"https:\/\/www.bestinparts.com\/pt\/privacy-policy\/","title":{"rendered":"Pol\u00edtica de Privacidade"},"content":{"rendered":"<p><strong>Data efetiva: 1\u00ba de dezembro de 2020<\/strong><\/p>\r\n<p>Sua privacidade \u00e9 importante para a Best Parts, por isso desenvolvemos uma Pol\u00edtica de Privacidade que abrange como coletamos, usamos, divulgamos e transferimos suas informa\u00e7\u00f5es pessoais. Levamos sua privacidade t\u00e3o a s\u00e9rio quanto voc\u00ea e coletaremos apenas as informa\u00e7\u00f5es necess\u00e1rias para fornecer a melhor experi\u00eancia.<\/p>\r\n<h2 class=\"wp-block-heading\"><strong>1. Informa\u00e7\u00f5es coletadas pela Best Parts<\/strong><\/h2>\r\n<p>Nesta Pol\u00edtica de Privacidade, o termo \u201cInforma\u00e7\u00f5es Pessoais\u201d significa qualquer informa\u00e7\u00e3o relativa a uma pessoa f\u00edsica identificada ou identific\u00e1vel; uma pessoa identific\u00e1vel \u00e9 aquela que pode ser identificada, direta ou indiretamente, em particular por refer\u00eancia a um nome, um n\u00famero de identifica\u00e7\u00e3o ou, em determinadas circunst\u00e2ncias, informa\u00e7\u00f5es de localiza\u00e7\u00e3o, um endere\u00e7o IP ou o identificador \u00fanico atribu\u00eddo a cada dispositivo Best Parts. Especificamente, coletamos as seguintes informa\u00e7\u00f5es de voc\u00ea, que podem incluir informa\u00e7\u00f5es pessoais.<\/p>\r\n<p><strong>E. Informa\u00e7\u00f5es coletadas por meio dos servi\u00e7os de suporte da Best Parts<\/strong><\/p>\r\n<p>Fornecemos servi\u00e7os de suporte via chat ao vivo em nosso site, envio de solicita\u00e7\u00f5es por e-mail, chamadas telef\u00f4nicas gravadas e e-mail direto. Coletamos quaisquer Informa\u00e7\u00f5es Pessoais que voc\u00ea possa optar por fornecer \u00e0 nossa equipe de atendimento ao cliente no processo. Isso inclui, mas n\u00e3o est\u00e1 limitado a: seu nome, endere\u00e7o de e-mail, n\u00famero de telefone e endere\u00e7o de correspond\u00eancia. Podemos usar e processar suas informa\u00e7\u00f5es pessoais, incluindo informa\u00e7\u00f5es de localiza\u00e7\u00e3o, para lidar com sua solicita\u00e7\u00e3o de suporte e fornecer o melhor suporte poss\u00edvel.<\/p>\r\n<h2><strong>2.Cookies e outras tecnologias da Web<\/strong><\/h2>\r\n<p><strong>A. Cookies<\/strong><\/p>\r\n<p>Cookies s\u00e3o pequenos arquivos de texto que s\u00e3o colocados no disco r\u00edgido do seu computador ou na mem\u00f3ria do seu dispositivo m\u00f3vel \u2014 se o seu navegador estiver configurado para aceitar cookies. Como muitos outros servi\u00e7os online, cookies e outras ferramentas semelhantes nos ajudam a coletar e entender como voc\u00ea usa nossos servi\u00e7os.<\/p>\r\n<p>Embora a maioria dos navegadores de Internet aceite cookies automaticamente, voc\u00ea pode alterar suas configura\u00e7\u00f5es ou usar ferramentas de terceiros para avis\u00e1-lo antes de aceitar cookies dos sites que voc\u00ea escolher visitar ou para recusar cookies completamente. Voc\u00ea pode at\u00e9 exclu\u00ed-los atrav\u00e9s do seu navegador. A maioria dos navegadores tamb\u00e9m possui configura\u00e7\u00f5es para impedir que aceitem novos cookies, para notific\u00e1-lo quando voc\u00ea receber um novo cookie ou para excluir ou desativar totalmente os cookies. No entanto, algumas partes de nossos Servi\u00e7os podem n\u00e3o funcionar para voc\u00ea se voc\u00ea desativar os cookies.<\/p>\r\n<p>Tamb\u00e9m podemos usar cookies para avaliar o uso do site, realizar pesquisas e diagn\u00f3sticos para melhorar os produtos e servi\u00e7os que fornecemos e para nos ajudar a analisar o tr\u00e1fego geral da web.<\/p>\r\n<p>Os cookies que usamos expiram depois de cumprirem seus prop\u00f3sitos. Alguns cookies expiram quando voc\u00ea fecha o navegador (ou seja, cookies de sess\u00e3o) ou ap\u00f3s um determinado per\u00edodo de tempo (ou seja, cookies persistentes). O tempo de expira\u00e7\u00e3o dos cookies colocados por terceiros (explicado abaixo) \u00e9 determinado pelo terceiro, n\u00e3o por n\u00f3s.<\/p>\r\n<p><strong>C. Sinalizadores da Web<\/strong><\/p>\r\n<p>Web beacons (tamb\u00e9m conhecidos como web bugs, pixel tags ou clear GIFs) s\u00e3o pequenos gr\u00e1ficos com um identificador exclusivo que podem ser inclu\u00eddos em nossos Servi\u00e7os para diversas finalidades, inclusive para fornecer ou se comunicar com cookies, para rastrear e medir o desempenho de nossos Servi\u00e7os , para monitorar quantos visitantes visualizam nossos Servi\u00e7os e para monitorar a efic\u00e1cia de nossa publicidade. Ao contr\u00e1rio dos cookies, que s\u00e3o armazenados no disco r\u00edgido do usu\u00e1rio, os web beacons s\u00e3o normalmente incorporados de forma invis\u00edvel em p\u00e1ginas da web (ou em um e-mail).<\/p>\r\n<h2><strong>3. Servi\u00e7os de Terceiros<\/strong><\/h2>\r\n<p>\u00c0s vezes, a Best Parts usa servi\u00e7os de terceiros, como determinados servi\u00e7os oferecidos pelo Facebook, Google. Esses servi\u00e7os externos tamb\u00e9m podem coletar informa\u00e7\u00f5es pessoais sobre voc\u00ea e suas atividades online.<\/p>\r\n<p>Eles tamb\u00e9m podem colocar cookies no disco r\u00edgido do seu computador ou na mem\u00f3ria do seu dispositivo m\u00f3vel ou usar web beacons para coletar ou receber informa\u00e7\u00f5es dos Servi\u00e7os e de outros lugares na Internet e usar essas informa\u00e7\u00f5es para fornecer an\u00e1lises e direcionar an\u00fancios. As pr\u00e1ticas de informa\u00e7\u00e3o desses servi\u00e7os externos n\u00e3o s\u00e3o cobertas por esta Pol\u00edtica de Privacidade. N\u00e3o podemos acessar, nem (temos) qualquer controle sobre os cookies ou outras tecnologias da web que eles possam usar.<\/p>\r\n<p><strong>A. Servi\u00e7os de medi\u00e7\u00e3o e segmenta\u00e7\u00e3o de an\u00fancios<\/strong><\/p>\r\n<p>Podemos usar ferramentas oferecidas por servi\u00e7os de terceiros, como o Facebook, para enviar dados sobre as a\u00e7\u00f5es que os usu\u00e1rios realizam nos Servi\u00e7os. Esses servi\u00e7os de terceiros podem usar esses dados para fornecer servi\u00e7os de medi\u00e7\u00e3o para a Best Parts ou para direcionar an\u00fancios. Voc\u00ea pode desativar a coleta e o uso de informa\u00e7\u00f5es para segmenta\u00e7\u00e3o de an\u00fancios acessando\u00a0<a href=\"http:\/\/www.aboutads.info\/choices\" target=\"_blank\" rel=\"noopener\">http:\/\/www.aboutads.info\/choices<\/a>\u00a0ou\u00a0<a href=\"http:\/\/www.youronlinechoices.eu\/\" target=\"_blank\" rel=\"noopener\">http:\/\/www.youronlinechoices.eu\/<\/a>.<\/p>\r\n<p><strong>C. Plugins sociais e widgets sociais<\/strong><\/p>\r\n<p>Podemos usar plugins sociais, widgets e outros recursos (cada um, um \u201crecurso social\u201d) que s\u00e3o disponibilizados por e\/ou acessam redes sociais de terceiros. Estas Funcionalidades Sociais permitem que estas Redes Sociais coloquem cookies no seu navegador e recolham determinadas informa\u00e7\u00f5es, que podem estar associadas ao seu nome e \u00e0 sua conta pessoal na Rede Social.<\/p>\r\n<p>Esses Recursos Sociais s\u00e3o operados exclusivamente pelas respectivas Redes Sociais e seus provedores de servi\u00e7os, e recomendamos que voc\u00ea leia atentamente suas pol\u00edticas de privacidade antes de decidir us\u00e1-los. N\u00e3o temos controle ou acesso \u00e0s informa\u00e7\u00f5es coletadas, armazenadas ou utilizadas por tais Redes Sociais, e as pr\u00e1ticas de informa\u00e7\u00e3o de tais Redes Sociais n\u00e3o s\u00e3o cobertas por esta Pol\u00edtica de Privacidade.<\/p>\r\n<p>Se voc\u00ea n\u00e3o deseja associar nenhuma informa\u00e7\u00e3o coletada por meio de plug-ins, widgets e\/ou outros recursos \u00e0s informa\u00e7\u00f5es pessoais de sua conta de rede social, voc\u00ea deve abster-se de usar esses recursos sociais e sair de sua conta de rede social antes de visitar nossos servi\u00e7os.<\/p>\r\n<h2><strong>4. N\u00e3o somos respons\u00e1veis pelo conte\u00fado de sites de terceiros<\/strong><\/h2>\r\n<p align=\"justify\">Nossos Servi\u00e7os podem conter links para sites e servi\u00e7os que pertencem ou s\u00e3o operados por terceiros (cada um, um \u201cServi\u00e7o de Terceiros\u201d). Qualquer informa\u00e7\u00e3o que voc\u00ea forne\u00e7a em ou para um Servi\u00e7o de Terceiros, ou que seja coletada por um Servi\u00e7o de Terceiros, \u00e9 fornecida diretamente ao propriet\u00e1rio ou operador do Servi\u00e7o de Terceiros e est\u00e1 sujeita \u00e0 pol\u00edtica de privacidade do propriet\u00e1rio ou operador. N\u00e3o somos respons\u00e1veis pelo conte\u00fado, privacidade ou pr\u00e1ticas e pol\u00edticas de seguran\u00e7a de qualquer Servi\u00e7o de Terceiros. Para proteger suas informa\u00e7\u00f5es, recomendamos que voc\u00ea analise cuidadosamente as pol\u00edticas de privacidade de todos os servi\u00e7os de terceiros aos quais voc\u00ea acessa.<\/p>\r\n<h2><strong>5. Usamos e divulgamos suas informa\u00e7\u00f5es pessoais para fornecer, melhorar e promover nossos servi\u00e7os<\/strong><\/h2>\r\n<p><strong>A. Como usamos suas informa\u00e7\u00f5es pessoais (PI)<\/strong><\/p>\r\n<p>Podemos usar suas informa\u00e7\u00f5es pessoais e informa\u00e7\u00f5es de localiza\u00e7\u00e3o para fornecer a voc\u00ea um servi\u00e7o melhor, melhorar a qualidade de nossos produtos e servi\u00e7os e promover nossos servi\u00e7os. Usamos e processamos suas informa\u00e7\u00f5es pessoais e informa\u00e7\u00f5es de localiza\u00e7\u00e3o para criar relat\u00f3rios de dados an\u00f4nimos, estat\u00edsticos e agregados nos quais os usu\u00e1rios individuais n\u00e3o s\u00e3o identificados.<\/p>\r\n<p><strong>B. Como divulgamos suas informa\u00e7\u00f5es pessoais<\/strong><\/p>\r\n<p>A Best Parts usa servi\u00e7os e solu\u00e7\u00f5es de software de terceiros, incluindo hospedagem na web e outros servi\u00e7os baseados em nuvem, para fornecer a melhor experi\u00eancia poss\u00edvel. Podemos compartilhar suas informa\u00e7\u00f5es pessoais (incluindo suas informa\u00e7\u00f5es de localiza\u00e7\u00e3o e as informa\u00e7\u00f5es de localiza\u00e7\u00e3o de seus dispositivos Best Parts) com nossos provedores de servi\u00e7os terceirizados ou afiliados (por exemplo, servi\u00e7os baseados em nuvem e de hospedagem, provedores de servi\u00e7os t\u00e9cnicos, consultores, transportadoras de correio, ag\u00eancias de comunica\u00e7\u00e3o e clientes provedores de suporte) para fornecer, melhorar e promover os Servi\u00e7os em nosso nome.<\/p>\r\n<p>Por exemplo, podemos divulgar Informa\u00e7\u00f5es Pessoais a nossos provedores de servi\u00e7os para permitir que eles se comuniquem com voc\u00ea em nosso nome. Tamb\u00e9m podemos divulgar Informa\u00e7\u00f5es Pessoais a provedores de plataforma, como o Facebook, para permitir que esses provedores veiculem an\u00fancios e promovam os Servi\u00e7os em nosso nome nessas plataformas. Na medida do poss\u00edvel, suas informa\u00e7\u00f5es pessoais ser\u00e3o armazenadas em forma de hash ou ofuscada.<\/p>\r\n<p>N\u00e3o compartilharemos suas informa\u00e7\u00f5es pessoais com terceiros, exceto nas circunst\u00e2ncias discutidas acima.<\/p>\r\n<p><strong>C. Como usamos informa\u00e7\u00f5es n\u00e3o identificadas<\/strong><\/p>\r\n<p>Podemos compartilhar com terceiros, incluindo anunciantes e provedores de servi\u00e7os, dados agregados e an\u00f4nimos que coletamos sobre voc\u00ea e outros usu\u00e1rios, como informa\u00e7\u00f5es demogr\u00e1ficas n\u00e3o identificadas, informa\u00e7\u00f5es de localiza\u00e7\u00e3o n\u00e3o identificadas e informa\u00e7\u00f5es sobre o computador ou dispositivo a partir do qual voc\u00ea acessa os servi\u00e7os.<\/p>\r\n<h2><strong>6. Podemos usar e divulgar suas informa\u00e7\u00f5es para nossa prote\u00e7\u00e3o e a prote\u00e7\u00e3o de terceiros<\/strong><\/h2>\r\n<p><strong>A. Como divulgamos suas informa\u00e7\u00f5es pessoais<\/strong><\/p>\r\n<p>Assim como outras empresas, podemos divulgar suas informa\u00e7\u00f5es a autoridades governamentais ou policiais ou a entidades privadas conforme, a nosso exclusivo crit\u00e9rio, acreditarmos que seja necess\u00e1rio para (i) cumprir uma lei, regulamento ou solicita\u00e7\u00e3o legal; (ii) proteger a seguran\u00e7a de qualquer pessoa; (iii) lidar com poss\u00edveis viola\u00e7\u00f5es de nossa Pol\u00edtica de Privacidade ou termos de servi\u00e7o; (iv) investigar fraude, seguran\u00e7a ou problemas t\u00e9cnicos; ou (v) proteger os direitos ou propriedade da Best Parts, nossos funcion\u00e1rios, usu\u00e1rios e o p\u00fablico.<\/p>\r\n<p>Al\u00e9m disso, se formos adquiridos por um terceiro como resultado de uma transa\u00e7\u00e3o como uma fus\u00e3o, aquisi\u00e7\u00e3o ou venda de ativos ou se nossos ativos forem adquiridos por um terceiro, no caso de fecharmos o neg\u00f3cio ou entrarmos em fal\u00eancia, alguns ou todos os nossos ativos \u2013 incluindo qualquer informa\u00e7\u00e3o coletada de ou sobre voc\u00ea \u2013 podem ser divulgados ou transferidos para um terceiro adquirente em conex\u00e3o com a transa\u00e7\u00e3o.<\/p>\r\n<h2><strong>7. Voc\u00ea pode modificar suas informa\u00e7\u00f5es<\/strong><\/h2>\r\n<p>Voc\u00ea pode acessar e modificar suas informa\u00e7\u00f5es de contato, como seu nome, endere\u00e7o de e-mail ou n\u00famero de telefone, dentro dos Servi\u00e7os ou entrando em contato conosco em\u00a0<a href=\"mailto:terms@thetileapp.com\">quote@bestinparts.com<\/a>. Observe que as informa\u00e7\u00f5es de localiza\u00e7\u00e3o associadas \u00e0 sua conta s\u00e3o uma parte essencial de nossos servi\u00e7os e voc\u00ea n\u00e3o poder\u00e1 modific\u00e1-las. No entanto, se voc\u00ea n\u00e3o quiser que usemos suas informa\u00e7\u00f5es de localiza\u00e7\u00e3o, voc\u00ea pode exclu\u00ed-las excluindo sua conta usando o processo estabelecido na se\u00e7\u00e3o 8 abaixo.<\/p>\r\n<h2><strong>8. Sua conta pode ser exclu\u00edda mediante solicita\u00e7\u00e3o<\/strong><\/h2>\r\n<p>Se voc\u00ea deseja que excluamos suas informa\u00e7\u00f5es pessoais, informa\u00e7\u00f5es de localiza\u00e7\u00e3o e sua conta, entre em contato conosco em\u00a0<a href=\"mailto:terms@thetileapp.com\">quote@bestinparts.com<\/a>\u00a0com o seu pedido. Tomaremos medidas para excluir suas informa\u00e7\u00f5es assim que pudermos, mas algumas informa\u00e7\u00f5es podem permanecer em c\u00f3pias arquivadas\/backup para nossos registros ou conforme exigido por lei.<\/p>\r\n<h2><strong>9. As informa\u00e7\u00f5es pessoais postadas em nosso blog e f\u00f3rum da comunidade s\u00e3o p\u00fablicas<\/strong><\/h2>\r\n<p>Se voc\u00ea optar por enviar sua hist\u00f3ria de sucesso do Best Parts ou comentar em nosso blog (\u201cFeedback\u201d), saiba que qualquer informa\u00e7\u00e3o pessoal que voc\u00ea enviar pode ser lida, coletada ou usada por outros usu\u00e1rios desses blogs e pode ser usada para lhe enviar mensagens n\u00e3o solicitadas.<\/p>\r\n<p>N\u00e3o somos respons\u00e1veis pelas Informa\u00e7\u00f5es Pessoais que voc\u00ea escolhe fornecer em seu Feedback ou por qualquer conte\u00fado ou comunica\u00e7\u00f5es que voc\u00ea recebe como resultado do compartilhamento de tais informa\u00e7\u00f5es.<\/p>\r\n<p>Para solicitar a remo\u00e7\u00e3o de suas informa\u00e7\u00f5es pessoais de nosso blog ou da hist\u00f3ria de sucesso da Best Parts, entre em contato conosco pelo e-mail\u00a0<a href=\"mailto:terms@thetileapp.com\">quote@bestinparts.com<\/a>.<\/p>\r\n<h2><strong>10. Comunica\u00e7\u00f5es<\/strong><\/h2>\r\n<p>Podemos enviar periodicamente boletins informativos e e-mails promocionais. Voc\u00ea tem a oportunidade de desativ\u00e1-los seguindo as instru\u00e7\u00f5es de cancelamento fornecidas nos e-mails que voc\u00ea recebe. Certas comunica\u00e7\u00f5es, como informa\u00e7\u00f5es de cobran\u00e7a e atualiza\u00e7\u00f5es de servi\u00e7o, s\u00e3o necess\u00e1rias para voc\u00ea receber, portanto, voc\u00ea n\u00e3o poder\u00e1 cancelar essas comunica\u00e7\u00f5es.<\/p>\r\n<h2><strong>11. Transfer\u00eancia Internacional<\/strong><\/h2>\r\n<p>Suas informa\u00e7\u00f5es pessoais podem ser transferidas e mantidas em computadores localizados fora de seu estado, prov\u00edncia, pa\u00eds ou outra jurisdi\u00e7\u00e3o governamental onde as leis de privacidade podem n\u00e3o ser t\u00e3o protetoras quanto as de sua jurisdi\u00e7\u00e3o. Se voc\u00ea estiver fora dos Estados Unidos e optar por fornecer suas informa\u00e7\u00f5es pessoais para n\u00f3s, podemos transferir suas informa\u00e7\u00f5es pessoais para os Estados Unidos e process\u00e1-las l\u00e1.<\/p>\r\n<h2><strong>12. Nossa pol\u00edtica para crian\u00e7as<\/strong><\/h2>\r\n<p>Nossos servi\u00e7os n\u00e3o s\u00e3o direcionados a crian\u00e7as menores de 13 anos e n\u00e3o coletamos intencionalmente informa\u00e7\u00f5es pessoais de crian\u00e7as menores de 13 anos. Se soubermos que coletamos informa\u00e7\u00f5es pessoais de uma crian\u00e7a menor de 13 anos, tomaremos medidas para excluir essas informa\u00e7\u00f5es de nossos arquivos o mais r\u00e1pido poss\u00edvel. que poss\u00edvel.<\/p>\r\n<h2><strong>13.Perguntas de privacidade<\/strong><\/h2>\r\n<p>Se voc\u00ea tiver alguma d\u00favida ou preocupa\u00e7\u00e3o sobre a Pol\u00edtica de Privacidade ou processamento de dados da Best Parts, por favor\u00a0<a href=\"https:\/\/www.apple.com\/legal\/privacy\/contact\/\" target=\"_blank\" rel=\"noopener\">Contate-Nos<\/a>\u00a0<a href=\"mailto:terms@thetileapp.com\">quote@bestinparts.com<\/a>\u00a0ou por correio postal.<\/p>\r\n<p>A Best Parts pode atualizar sua Pol\u00edtica de Privacidade de tempos em tempos. Quando alterarmos a pol\u00edtica de maneira significativa, um aviso ser\u00e1 publicado em nosso site junto com a Pol\u00edtica de Privacidade atualizada.<\/p>","protected":false},"excerpt":{"rendered":"<p>Effective Date: Dec\u00a01, 2020 Your privacy is important to Best Parts so we\u2019ve developed a Privacy Policy that covers how we collect, use, disclose, and transfer\u00a0your personal information.\u00a0We take your privacy as seriously as you do, and will only collect information necessary to provide you with the best experience. 1.\u00a0Information Best Parts Collects In this [&hellip;]<\/p>","protected":false},"author":1,"featured_media":0,"parent":0,"menu_order":0,"comment_status":"closed","ping_status":"closed","template":"","meta":{"footnotes":""},"class_list":["post-3","page","type-page","status-publish","hentry","no-thumb"],"yoast_head":"<!-- This site is optimized with the Yoast SEO plugin v27.5 - https:\/\/yoast.com\/product\/yoast-seo-wordpress\/ -->\n<title>Privacy Policy - Best Parts-Online CNC Machining Service Supplier<\/title>\n<meta name=\"description\" content=\"Best Parts-Online CNC Machining Service Supplier Privacy Policy -\" \/>\n<meta name=\"robots\" content=\"index, follow, max-snippet:-1, max-image-preview:large, max-video-preview:-1\" \/>\n<link rel=\"canonical\" href=\"https:\/\/www.bestinparts.com\/pt\/privacy-policy\/\" \/>\n<meta property=\"og:locale\" content=\"pt_PT\" \/>\n<meta property=\"og:type\" content=\"article\" \/>\n<meta property=\"og:title\" content=\"Privacy Policy - Best Parts-Online CNC Machining Service Supplier\" \/>\n<meta property=\"og:description\" content=\"Best Parts-Online CNC Machining Service Supplier Privacy Policy -\" \/>\n<meta property=\"og:url\" content=\"https:\/\/www.bestinparts.com\/pt\/privacy-policy\/\" \/>\n<meta property=\"og:site_name\" content=\"Best Parts-Online CNC Machining Service Supplier\" \/>\n<meta property=\"article:publisher\" content=\"https:\/\/www.facebook.com\/BestPartsManufacturing\/\" \/>\n<meta property=\"article:modified_time\" content=\"2022-04-12T08:50:17+00:00\" \/>\n<meta property=\"og:image\" content=\"https:\/\/www.bestinparts.com\/wp-content\/uploads\/2022\/03\/Best-parts-logo-1.png\" \/>\n\t<meta property=\"og:image:width\" content=\"800\" \/>\n\t<meta property=\"og:image:height\" content=\"302\" \/>\n\t<meta property=\"og:image:type\" content=\"image\/png\" \/>\n<meta name=\"twitter:card\" content=\"summary_large_image\" \/>\n<meta name=\"twitter:site\" content=\"@BESTINPARTS\" \/>\n<meta name=\"twitter:label1\" content=\"Tempo estimado de leitura\" \/>\n\t<meta name=\"twitter:data1\" content=\"9 minutos\" \/>\n<script type=\"application\/ld+json\" class=\"yoast-schema-graph\">{\"@context\":\"https:\\\/\\\/schema.org\",\"@graph\":[{\"@type\":\"WebPage\",\"@id\":\"https:\\\/\\\/www.bestinparts.com\\\/privacy-policy\\\/\",\"url\":\"https:\\\/\\\/www.bestinparts.com\\\/privacy-policy\\\/\",\"name\":\"Privacy Policy - Best Parts-Online CNC Machining Service Supplier\",\"isPartOf\":{\"@id\":\"https:\\\/\\\/www.bestinparts.com\\\/#website\"},\"datePublished\":\"2017-12-09T07:42:03+00:00\",\"dateModified\":\"2022-04-12T08:50:17+00:00\",\"description\":\"Best Parts-Online CNC Machining Service Supplier Privacy Policy -\",\"breadcrumb\":{\"@id\":\"https:\\\/\\\/www.bestinparts.com\\\/privacy-policy\\\/#breadcrumb\"},\"inLanguage\":\"pt-PT\",\"potentialAction\":[{\"@type\":\"ReadAction\",\"target\":[\"https:\\\/\\\/www.bestinparts.com\\\/privacy-policy\\\/\"]}]},{\"@type\":\"BreadcrumbList\",\"@id\":\"https:\\\/\\\/www.bestinparts.com\\\/privacy-policy\\\/#breadcrumb\",\"itemListElement\":[{\"@type\":\"ListItem\",\"position\":1,\"name\":\"Home\",\"item\":\"https:\\\/\\\/www.bestinparts.com\\\/\"},{\"@type\":\"ListItem\",\"position\":2,\"name\":\"Privacy Policy\"}]},{\"@type\":\"WebSite\",\"@id\":\"https:\\\/\\\/www.bestinparts.com\\\/#website\",\"url\":\"https:\\\/\\\/www.bestinparts.com\\\/\",\"name\":\"Best Parts-Online CNC Machining Service Supplier\",\"description\":\"20+ Years CNC Machining Parts Manufacturer\",\"publisher\":{\"@id\":\"https:\\\/\\\/www.bestinparts.com\\\/#organization\"},\"potentialAction\":[{\"@type\":\"SearchAction\",\"target\":{\"@type\":\"EntryPoint\",\"urlTemplate\":\"https:\\\/\\\/www.bestinparts.com\\\/?s={search_term_string}\"},\"query-input\":{\"@type\":\"PropertyValueSpecification\",\"valueRequired\":true,\"valueName\":\"search_term_string\"}}],\"inLanguage\":\"pt-PT\"},{\"@type\":\"Organization\",\"@id\":\"https:\\\/\\\/www.bestinparts.com\\\/#organization\",\"name\":\"Shenzhen Best Parts Co., Ltd\",\"url\":\"https:\\\/\\\/www.bestinparts.com\\\/\",\"logo\":{\"@type\":\"ImageObject\",\"inLanguage\":\"pt-PT\",\"@id\":\"https:\\\/\\\/www.bestinparts.com\\\/#\\\/schema\\\/logo\\\/image\\\/\",\"url\":\"https:\\\/\\\/www.bestinparts.com\\\/wp-content\\\/uploads\\\/2022\\\/02\\\/Best-Parts-home-logo2.png\",\"contentUrl\":\"https:\\\/\\\/www.bestinparts.com\\\/wp-content\\\/uploads\\\/2022\\\/02\\\/Best-Parts-home-logo2.png\",\"width\":197,\"height\":64,\"caption\":\"Shenzhen Best Parts Co., Ltd\"},\"image\":{\"@id\":\"https:\\\/\\\/www.bestinparts.com\\\/#\\\/schema\\\/logo\\\/image\\\/\"},\"sameAs\":[\"https:\\\/\\\/www.facebook.com\\\/BestPartsManufacturing\\\/\",\"https:\\\/\\\/x.com\\\/BESTINPARTS\",\"https:\\\/\\\/www.instagram.com\\\/bestinparts\\\/\",\"https:\\\/\\\/www.linkedin.com\\\/company\\\/bestinparts\",\"https:\\\/\\\/www.youtube.com\\\/channel\\\/UCxtW5GyB1LVudr8Rc6LcmTA\\\/featured?view_as=subscriber\"]}]}<\/script>\n<!-- \/ Yoast SEO plugin. -->","yoast_head_json":{"title":"Privacy Policy - Best Parts-Online CNC Machining Service Supplier","description":"Best Parts-Online CNC Machining Service Supplier Privacy Policy -","robots":{"index":"index","follow":"follow","max-snippet":"max-snippet:-1","max-image-preview":"max-image-preview:large","max-video-preview":"max-video-preview:-1"},"canonical":"https:\/\/www.bestinparts.com\/pt\/privacy-policy\/","og_locale":"pt_PT","og_type":"article","og_title":"Privacy Policy - Best Parts-Online CNC Machining Service Supplier","og_description":"Best Parts-Online CNC Machining Service Supplier Privacy Policy -","og_url":"https:\/\/www.bestinparts.com\/pt\/privacy-policy\/","og_site_name":"Best Parts-Online CNC Machining Service Supplier","article_publisher":"https:\/\/www.facebook.com\/BestPartsManufacturing\/","article_modified_time":"2022-04-12T08:50:17+00:00","og_image":[{"width":800,"height":302,"url":"https:\/\/www.bestinparts.com\/wp-content\/uploads\/2022\/03\/Best-parts-logo-1.png","type":"image\/png"}],"twitter_card":"summary_large_image","twitter_site":"@BESTINPARTS","twitter_misc":{"Tempo estimado de leitura":"9 minutos"},"schema":{"@context":"https:\/\/schema.org","@graph":[{"@type":"WebPage","@id":"https:\/\/www.bestinparts.com\/privacy-policy\/","url":"https:\/\/www.bestinparts.com\/privacy-policy\/","name":"Privacy Policy - Best Parts-Online CNC Machining Service Supplier","isPartOf":{"@id":"https:\/\/www.bestinparts.com\/#website"},"datePublished":"2017-12-09T07:42:03+00:00","dateModified":"2022-04-12T08:50:17+00:00","description":"Best Parts-Online CNC Machining Service Supplier Privacy Policy -","breadcrumb":{"@id":"https:\/\/www.bestinparts.com\/privacy-policy\/#breadcrumb"},"inLanguage":"pt-PT","potentialAction":[{"@type":"ReadAction","target":["https:\/\/www.bestinparts.com\/privacy-policy\/"]}]},{"@type":"BreadcrumbList","@id":"https:\/\/www.bestinparts.com\/privacy-policy\/#breadcrumb","itemListElement":[{"@type":"ListItem","position":1,"name":"Home","item":"https:\/\/www.bestinparts.com\/"},{"@type":"ListItem","position":2,"name":"Privacy Policy"}]},{"@type":"WebSite","@id":"https:\/\/www.bestinparts.com\/#website","url":"https:\/\/www.bestinparts.com\/","name":"Best Parts-Online CNC Machining Service Supplier","description":"20+ Years CNC Machining Parts Manufacturer","publisher":{"@id":"https:\/\/www.bestinparts.com\/#organization"},"potentialAction":[{"@type":"SearchAction","target":{"@type":"EntryPoint","urlTemplate":"https:\/\/www.bestinparts.com\/?s={search_term_string}"},"query-input":{"@type":"PropertyValueSpecification","valueRequired":true,"valueName":"search_term_string"}}],"inLanguage":"pt-PT"},{"@type":"Organization","@id":"https:\/\/www.bestinparts.com\/#organization","name":"Shenzhen Best Parts Co., Ltd","url":"https:\/\/www.bestinparts.com\/","logo":{"@type":"ImageObject","inLanguage":"pt-PT","@id":"https:\/\/www.bestinparts.com\/#\/schema\/logo\/image\/","url":"https:\/\/www.bestinparts.com\/wp-content\/uploads\/2022\/02\/Best-Parts-home-logo2.png","contentUrl":"https:\/\/www.bestinparts.com\/wp-content\/uploads\/2022\/02\/Best-Parts-home-logo2.png","width":197,"height":64,"caption":"Shenzhen Best Parts Co., Ltd"},"image":{"@id":"https:\/\/www.bestinparts.com\/#\/schema\/logo\/image\/"},"sameAs":["https:\/\/www.facebook.com\/BestPartsManufacturing\/","https:\/\/x.com\/BESTINPARTS","https:\/\/www.instagram.com\/bestinparts\/","https:\/\/www.linkedin.com\/company\/bestinparts","https:\/\/www.youtube.com\/channel\/UCxtW5GyB1LVudr8Rc6LcmTA\/featured?view_as=subscriber"]}]}},"_links":{"self":[{"href":"https:\/\/www.bestinparts.com\/pt\/wp-json\/wp\/v2\/pages\/3","targetHints":{"allow":["GET"]}}],"collection":[{"href":"https:\/\/www.bestinparts.com\/pt\/wp-json\/wp\/v2\/pages"}],"about":[{"href":"https:\/\/www.bestinparts.com\/pt\/wp-json\/wp\/v2\/types\/page"}],"author":[{"embeddable":true,"href":"https:\/\/www.bestinparts.com\/pt\/wp-json\/wp\/v2\/users\/1"}],"replies":[{"embeddable":true,"href":"https:\/\/www.bestinparts.com\/pt\/wp-json\/wp\/v2\/comments?post=3"}],"version-history":[{"count":0,"href":"https:\/\/www.bestinparts.com\/pt\/wp-json\/wp\/v2\/pages\/3\/revisions"}],"wp:attachment":[{"href":"https:\/\/www.bestinparts.com\/pt\/wp-json\/wp\/v2\/media?parent=3"}],"curies":[{"name":"wp","href":"https:\/\/api.w.org\/{rel}","templated":true}]}}