{"id":4118,"date":"2017-12-22T02:51:44","date_gmt":"2017-12-22T02:51:44","guid":{"rendered":"https:\/\/cnc-rapid.com\/?page_id=4118"},"modified":"2022-04-12T01:50:17","modified_gmt":"2022-04-12T08:50:17","slug":"medical","status":"publish","type":"page","link":"https:\/\/www.bestinparts.com\/pt\/resources\/industries\/medical\/","title":{"rendered":"M\u00e9dico"},"content":{"rendered":"<div class=\"vc_row wpb_row vc_row-fluid\"><div class=\"container\"><div class=\"row\"><div class=\"wpb_column vc_column_container vc_col-sm-12\"><div class=\"vc_column-inner\"><div class=\"wpb_wrapper\"><div class=\"mf-section-title text-left dark large-size\"><h2 >M\u00e9dico<\/h2><\/div><\/div><\/div><\/div><\/div><\/div><\/div><div class=\"vc_row wpb_row vc_row-fluid\"><div class=\"container\"><div class=\"row\"><div class=\"wpb_column vc_column_container vc_col-sm-6\"><div class=\"vc_column-inner\"><div class=\"wpb_wrapper\">\n\t<div  class=\"wpb_single_image wpb_content_element vc_align_center\">\n\t\t\n\t\t<figure class=\"wpb_wrapper vc_figure\">\n\t\t\t<div class=\"vc_single_image-wrapper   vc_box_border_grey\"><img loading=\"lazy\" decoding=\"async\" class=\"vc_single_image-img\" src=\"https:\/\/www.bestinparts.com\/wp-content\/uploads\/2022\/01\/medical.jpg\" width=\"600\" height=\"450\" alt=\"medical\" title=\"m\u00e9dico\" \/><\/div>\n\t\t<\/figure>\n\t<\/div>\n<\/div><\/div><\/div><div class=\"wpb_column vc_column_container vc_col-sm-6\"><div class=\"vc_column-inner\"><div class=\"wpb_wrapper\">\n\t<div class=\"wpb_text_column wpb_content_element\" >\n\t\t<div class=\"wpb_wrapper\">\n\t\t\t<p>A BEST Parts cria uma ampla gama de espa\u00e7os operacionais na ind\u00fastria m\u00e9dica. Nossos CNCs feitos sob medida incluem:<\/p>\n<p>\u25cf Equipamento de diagn\u00f3stico de raios X \u25cf Instrumento cir\u00fargico auxiliar<br \/>\n\u25cf Pe\u00e7as do dispositivo de resson\u00e2ncia magn\u00e9tica<br \/>\n\u25cf Instrumento e aparelho de medi\u00e7\u00e3o da press\u00e3o arterial<br \/>\n\u25cf Outros instrumentos e instrumentos para uso odontol\u00f3gico<br \/>\n\u25cf Microcomponentes e engrenagens para equipamentos odontol\u00f3gicos<br \/>\n\u25cf Transmissor de press\u00e3o\/press\u00e3o diferencial<br \/>\n\u25cf Embalagens m\u00e9dicas e prototipagem<\/p>\n\n\t\t<\/div>\n\t<\/div>\n<\/div><\/div><\/div><\/div><\/div><\/div><div class=\"vc_row wpb_row vc_row-fluid\"><div class=\"container\"><div class=\"row\"><div class=\"wpb_column vc_column_container vc_col-sm-12\"><div class=\"vc_column-inner\"><div class=\"wpb_wrapper\"><div class=\"mf-empty-space\" style=\"\"><div class=\"mf_empty_space_lg\"  style=\"height: 50px\"><\/div><div class=\"mf_empty_space_md\"  style=\"height: 30px\"><\/div><div class=\"mf_empty_space_xs\"  style=\"height: 30px\"><\/div><\/div><\/div><\/div><\/div><\/div><\/div><\/div><div class=\"vc_row wpb_row vc_row-fluid\"><div class=\"container\"><div class=\"row\"><div class=\"wpb_column vc_column_container vc_col-sm-12\"><div class=\"vc_column-inner\"><div class=\"wpb_wrapper\"><section class=\"vc_cta3-container\"><div class=\"vc_general vc_cta3 vc_cta3-style-classic vc_cta3-shape-rounded vc_cta3-align-left vc_cta3-color-classic vc_cta3-icon-size-md\"><div class=\"vc_cta3_content-container\"><div class=\"vc_cta3-content\"><header class=\"vc_cta3-content-header\"><h2>Ei\uff01Nossos produtos s\u00e3o amplamente utilizados em equipamentos m\u00e9dicos<\/h2><\/header><p>A BEST PARTS \u00e9 um fornecedor confi\u00e1vel para a ind\u00fastria de fabrica\u00e7\u00e3o de dispositivos m\u00e9dicos. Seja a montagem de instrumentos m\u00e9dicos que fornecemos aos nossos clientes ou o equipamento no campo da biotecnologia, podemos atender aos requisitos de precis\u00e3o e toler\u00e2ncia de nossos clientes.<\/p>\n<\/div><\/div><\/div><\/section><div class=\"vc_btn3-container vc_btn3-center\" ><a class=\"vc_general vc_btn3 vc_btn3-size-md vc_btn3-shape-rounded vc_btn3-style-modern vc_btn3-color-primary\" href=\"https:\/\/www.bestinparts.com\/pt\/request-a-quote\/\" title=\"Fa\u00e7a uma cota\u00e7\u00e3o\" target=\"_blank\" rel=\"noopener\">Fa\u00e7a uma cota\u00e7\u00e3o<\/a><\/div><\/div><\/div><\/div><\/div><\/div><\/div><div class=\"vc_row wpb_row vc_row-fluid\"><div class=\"container\"><div class=\"row\"><div class=\"wpb_column vc_column_container vc_col-sm-12\"><div class=\"vc_column-inner\"><div class=\"wpb_wrapper\">\n\t<div class=\"wpb_text_column wpb_content_element\" >\n\t\t<div class=\"wpb_wrapper\">\n\t\t\t<p>Com 20 anos de experi\u00eancia em usinagem CNC, nossos qualificados engenheiros CNC s\u00e3o capazes de personalizar componentes m\u00e9dicos com a m\u00e1xima precis\u00e3o. Continuamos a receber elogios de nossos clientes no desenvolvimento. Desenvolvemos componentes m\u00e9dicos importantes para nossos clientes, incluindo instrumentos cient\u00edficos, prototipagem m\u00e9dica e \u00f3rteses. A BEST PARTS tem uma grande parte da pesquisa e desenvolvimento na ind\u00fastria m\u00e9dica.<\/p>\n<p>Ao longo dos anos, nossa empresa expandiu sua equipe e equipamentos de f\u00e1brica. Com a lideran\u00e7a em inova\u00e7\u00e3o e aprofundamento tecnol\u00f3gico, garantimos a qualidade de nossos produtos. Existem muitas compara\u00e7\u00f5es experimentais e de erro no desenvolvimento de dispositivos m\u00e9dicos e dispositivos de biotecnologia, cujas toler\u00e2ncias de dispositivos m\u00e9dicos para pe\u00e7as s\u00e3o muito r\u00edgidas. Nosso conhecimento de ligas especiais como a\u00e7o inoxid\u00e1vel, alum\u00ednio, tit\u00e2nio e silicone \u00e9 t\u00e3o familiar que podemos processar equipamentos m\u00e9dicos ou biotecnol\u00f3gicos com geometrias complexas competitivas.<\/p>\n\n\t\t<\/div>\n\t<\/div>\n<\/div><\/div><\/div><\/div><\/div><\/div>","protected":false},"excerpt":{"rendered":"Medical BEST Parts creates a wide range of operating spaces in the medical industry. Our tailor-made CNCs include: \u25cf\u00a0X-ray diagnostic equipment\u25cf\u00a0Auxiliary surgical instrument \u25cf\u00a0Magnetic resonance imaging device parts \u25cf\u00a0Blood pressure measuring instrument and apparatus \u25cf\u00a0Other instruments and instruments for dental use \u25cf\u00a0Micro components and gears for dental equipment \u25cf\u00a0Pressure\/differential pressure transmitter \u25cf\u00a0Medical packaging and prototyping [...]","protected":false},"author":1,"featured_media":0,"parent":3984,"menu_order":1,"comment_status":"closed","ping_status":"closed","template":"","meta":{"footnotes":""},"class_list":["post-4118","page","type-page","status-publish","hentry","no-thumb"],"yoast_head":"<!-- This site is optimized with the Yoast SEO plugin v27.3 - https:\/\/yoast.com\/product\/yoast-seo-wordpress\/ -->\n<title>Medical - Best Parts-Online CNC Machining Service Supplier<\/title>\n<meta name=\"description\" content=\"BEST Parts creates a wide range of operating spaces in the medical industry. Our tailor-made CNCs include:\u25cf X-ray diagnostic equipment\u25cf Auxiliary surgical instrument\u25cf Magnetic resonance imaging device parts\u25cf Blood pressure measuring instrument and apparatus\u25cf Other instruments and instruments for dental use\u25cf Micro components and gears for dental equipment\u25cf Pressure\/differential pressure transmitter\u25cf Medical packaging and prototyping\" \/>\n<meta name=\"robots\" content=\"index, follow, max-snippet:-1, max-image-preview:large, max-video-preview:-1\" \/>\n<link rel=\"canonical\" href=\"https:\/\/www.bestinparts.com\/pt\/resources\/industries\/medical\/\" \/>\n<meta property=\"og:locale\" content=\"pt_PT\" \/>\n<meta property=\"og:type\" content=\"article\" \/>\n<meta property=\"og:title\" content=\"Medical - Best Parts-Online CNC Machining Service Supplier\" \/>\n<meta property=\"og:description\" content=\"BEST Parts creates a wide range of operating spaces in the medical industry. Our tailor-made CNCs include:\u25cf X-ray diagnostic equipment\u25cf Auxiliary surgical instrument\u25cf Magnetic resonance imaging device parts\u25cf Blood pressure measuring instrument and apparatus\u25cf Other instruments and instruments for dental use\u25cf Micro components and gears for dental equipment\u25cf Pressure\/differential pressure transmitter\u25cf Medical packaging and prototyping\" \/>\n<meta property=\"og:url\" content=\"https:\/\/www.bestinparts.com\/pt\/resources\/industries\/medical\/\" \/>\n<meta property=\"og:site_name\" content=\"Best Parts-Online CNC Machining Service Supplier\" \/>\n<meta property=\"article:publisher\" content=\"https:\/\/www.facebook.com\/BestPartsManufacturing\/\" \/>\n<meta property=\"article:modified_time\" content=\"2022-04-12T08:50:17+00:00\" \/>\n<meta property=\"og:image\" content=\"https:\/\/www.bestinparts.com\/wp-content\/uploads\/2022\/03\/Best-parts-logo-1.png\" \/>\n\t<meta property=\"og:image:width\" content=\"800\" \/>\n\t<meta property=\"og:image:height\" content=\"302\" \/>\n\t<meta property=\"og:image:type\" content=\"image\/png\" \/>\n<meta name=\"twitter:card\" content=\"summary_large_image\" \/>\n<meta name=\"twitter:site\" content=\"@BESTINPARTS\" \/>\n<meta name=\"twitter:label1\" content=\"Tempo estimado de leitura\" \/>\n\t<meta name=\"twitter:data1\" content=\"2 minutos\" \/>\n<script type=\"application\/ld+json\" class=\"yoast-schema-graph\">{\"@context\":\"https:\\\/\\\/schema.org\",\"@graph\":[{\"@type\":\"WebPage\",\"@id\":\"https:\\\/\\\/www.bestinparts.com\\\/resources\\\/industries\\\/medical\\\/\",\"url\":\"https:\\\/\\\/www.bestinparts.com\\\/resources\\\/industries\\\/medical\\\/\",\"name\":\"Medical - Best Parts-Online CNC Machining Service Supplier\",\"isPartOf\":{\"@id\":\"https:\\\/\\\/www.bestinparts.com\\\/#website\"},\"datePublished\":\"2017-12-22T02:51:44+00:00\",\"dateModified\":\"2022-04-12T08:50:17+00:00\",\"description\":\"BEST Parts creates a wide range of operating spaces in the medical industry. Our tailor-made CNCs include:\u25cf X-ray diagnostic equipment\u25cf Auxiliary surgical instrument\u25cf Magnetic resonance imaging device parts\u25cf Blood pressure measuring instrument and apparatus\u25cf Other instruments and instruments for dental use\u25cf Micro components and gears for dental equipment\u25cf Pressure\\\/differential pressure transmitter\u25cf Medical packaging and prototyping\",\"breadcrumb\":{\"@id\":\"https:\\\/\\\/www.bestinparts.com\\\/resources\\\/industries\\\/medical\\\/#breadcrumb\"},\"inLanguage\":\"pt-PT\",\"potentialAction\":[{\"@type\":\"ReadAction\",\"target\":[\"https:\\\/\\\/www.bestinparts.com\\\/resources\\\/industries\\\/medical\\\/\"]}]},{\"@type\":\"BreadcrumbList\",\"@id\":\"https:\\\/\\\/www.bestinparts.com\\\/resources\\\/industries\\\/medical\\\/#breadcrumb\",\"itemListElement\":[{\"@type\":\"ListItem\",\"position\":1,\"name\":\"Home\",\"item\":\"https:\\\/\\\/www.bestinparts.com\\\/\"},{\"@type\":\"ListItem\",\"position\":2,\"name\":\"Resources\",\"item\":\"https:\\\/\\\/www.bestinparts.com\\\/resources\\\/\"},{\"@type\":\"ListItem\",\"position\":3,\"name\":\"Industries\",\"item\":\"https:\\\/\\\/www.bestinparts.com\\\/resources\\\/industries\\\/\"},{\"@type\":\"ListItem\",\"position\":4,\"name\":\"Medical\"}]},{\"@type\":\"WebSite\",\"@id\":\"https:\\\/\\\/www.bestinparts.com\\\/#website\",\"url\":\"https:\\\/\\\/www.bestinparts.com\\\/\",\"name\":\"Best Parts-Online CNC Machining Service Supplier\",\"description\":\"20+ Years CNC Machining Parts Manufacturer\",\"publisher\":{\"@id\":\"https:\\\/\\\/www.bestinparts.com\\\/#organization\"},\"potentialAction\":[{\"@type\":\"SearchAction\",\"target\":{\"@type\":\"EntryPoint\",\"urlTemplate\":\"https:\\\/\\\/www.bestinparts.com\\\/?s={search_term_string}\"},\"query-input\":{\"@type\":\"PropertyValueSpecification\",\"valueRequired\":true,\"valueName\":\"search_term_string\"}}],\"inLanguage\":\"pt-PT\"},{\"@type\":\"Organization\",\"@id\":\"https:\\\/\\\/www.bestinparts.com\\\/#organization\",\"name\":\"Shenzhen Best Parts Co., Ltd\",\"url\":\"https:\\\/\\\/www.bestinparts.com\\\/\",\"logo\":{\"@type\":\"ImageObject\",\"inLanguage\":\"pt-PT\",\"@id\":\"https:\\\/\\\/www.bestinparts.com\\\/#\\\/schema\\\/logo\\\/image\\\/\",\"url\":\"https:\\\/\\\/www.bestinparts.com\\\/wp-content\\\/uploads\\\/2022\\\/02\\\/Best-Parts-home-logo2.png\",\"contentUrl\":\"https:\\\/\\\/www.bestinparts.com\\\/wp-content\\\/uploads\\\/2022\\\/02\\\/Best-Parts-home-logo2.png\",\"width\":197,\"height\":64,\"caption\":\"Shenzhen Best Parts Co., Ltd\"},\"image\":{\"@id\":\"https:\\\/\\\/www.bestinparts.com\\\/#\\\/schema\\\/logo\\\/image\\\/\"},\"sameAs\":[\"https:\\\/\\\/www.facebook.com\\\/BestPartsManufacturing\\\/\",\"https:\\\/\\\/x.com\\\/BESTINPARTS\",\"https:\\\/\\\/www.instagram.com\\\/bestinparts\\\/\",\"https:\\\/\\\/www.linkedin.com\\\/company\\\/bestinparts\",\"https:\\\/\\\/www.youtube.com\\\/channel\\\/UCxtW5GyB1LVudr8Rc6LcmTA\\\/featured?view_as=subscriber\"]}]}<\/script>\n<!-- \/ Yoast SEO plugin. -->","yoast_head_json":{"title":"Medical - Best Parts-Online CNC Machining Service Supplier","description":"BEST Parts creates a wide range of operating spaces in the medical industry. Our tailor-made CNCs include:\u25cf X-ray diagnostic equipment\u25cf Auxiliary surgical instrument\u25cf Magnetic resonance imaging device parts\u25cf Blood pressure measuring instrument and apparatus\u25cf Other instruments and instruments for dental use\u25cf Micro components and gears for dental equipment\u25cf Pressure\/differential pressure transmitter\u25cf Medical packaging and prototyping","robots":{"index":"index","follow":"follow","max-snippet":"max-snippet:-1","max-image-preview":"max-image-preview:large","max-video-preview":"max-video-preview:-1"},"canonical":"https:\/\/www.bestinparts.com\/pt\/resources\/industries\/medical\/","og_locale":"pt_PT","og_type":"article","og_title":"Medical - Best Parts-Online CNC Machining Service Supplier","og_description":"BEST Parts creates a wide range of operating spaces in the medical industry. Our tailor-made CNCs include:\u25cf X-ray diagnostic equipment\u25cf Auxiliary surgical instrument\u25cf Magnetic resonance imaging device parts\u25cf Blood pressure measuring instrument and apparatus\u25cf Other instruments and instruments for dental use\u25cf Micro components and gears for dental equipment\u25cf Pressure\/differential pressure transmitter\u25cf Medical packaging and prototyping","og_url":"https:\/\/www.bestinparts.com\/pt\/resources\/industries\/medical\/","og_site_name":"Best Parts-Online CNC Machining Service Supplier","article_publisher":"https:\/\/www.facebook.com\/BestPartsManufacturing\/","article_modified_time":"2022-04-12T08:50:17+00:00","og_image":[{"width":800,"height":302,"url":"https:\/\/www.bestinparts.com\/wp-content\/uploads\/2022\/03\/Best-parts-logo-1.png","type":"image\/png"}],"twitter_card":"summary_large_image","twitter_site":"@BESTINPARTS","twitter_misc":{"Tempo estimado de leitura":"2 minutos"},"schema":{"@context":"https:\/\/schema.org","@graph":[{"@type":"WebPage","@id":"https:\/\/www.bestinparts.com\/resources\/industries\/medical\/","url":"https:\/\/www.bestinparts.com\/resources\/industries\/medical\/","name":"Medical - Best Parts-Online CNC Machining Service Supplier","isPartOf":{"@id":"https:\/\/www.bestinparts.com\/#website"},"datePublished":"2017-12-22T02:51:44+00:00","dateModified":"2022-04-12T08:50:17+00:00","description":"BEST Parts creates a wide range of operating spaces in the medical industry. Our tailor-made CNCs include:\u25cf X-ray diagnostic equipment\u25cf Auxiliary surgical instrument\u25cf Magnetic resonance imaging device parts\u25cf Blood pressure measuring instrument and apparatus\u25cf Other instruments and instruments for dental use\u25cf Micro components and gears for dental equipment\u25cf Pressure\/differential pressure transmitter\u25cf Medical packaging and prototyping","breadcrumb":{"@id":"https:\/\/www.bestinparts.com\/resources\/industries\/medical\/#breadcrumb"},"inLanguage":"pt-PT","potentialAction":[{"@type":"ReadAction","target":["https:\/\/www.bestinparts.com\/resources\/industries\/medical\/"]}]},{"@type":"BreadcrumbList","@id":"https:\/\/www.bestinparts.com\/resources\/industries\/medical\/#breadcrumb","itemListElement":[{"@type":"ListItem","position":1,"name":"Home","item":"https:\/\/www.bestinparts.com\/"},{"@type":"ListItem","position":2,"name":"Resources","item":"https:\/\/www.bestinparts.com\/resources\/"},{"@type":"ListItem","position":3,"name":"Industries","item":"https:\/\/www.bestinparts.com\/resources\/industries\/"},{"@type":"ListItem","position":4,"name":"Medical"}]},{"@type":"WebSite","@id":"https:\/\/www.bestinparts.com\/#website","url":"https:\/\/www.bestinparts.com\/","name":"Best Parts-Online CNC Machining Service Supplier","description":"20+ Years CNC Machining Parts Manufacturer","publisher":{"@id":"https:\/\/www.bestinparts.com\/#organization"},"potentialAction":[{"@type":"SearchAction","target":{"@type":"EntryPoint","urlTemplate":"https:\/\/www.bestinparts.com\/?s={search_term_string}"},"query-input":{"@type":"PropertyValueSpecification","valueRequired":true,"valueName":"search_term_string"}}],"inLanguage":"pt-PT"},{"@type":"Organization","@id":"https:\/\/www.bestinparts.com\/#organization","name":"Shenzhen Best Parts Co., Ltd","url":"https:\/\/www.bestinparts.com\/","logo":{"@type":"ImageObject","inLanguage":"pt-PT","@id":"https:\/\/www.bestinparts.com\/#\/schema\/logo\/image\/","url":"https:\/\/www.bestinparts.com\/wp-content\/uploads\/2022\/02\/Best-Parts-home-logo2.png","contentUrl":"https:\/\/www.bestinparts.com\/wp-content\/uploads\/2022\/02\/Best-Parts-home-logo2.png","width":197,"height":64,"caption":"Shenzhen Best Parts Co., Ltd"},"image":{"@id":"https:\/\/www.bestinparts.com\/#\/schema\/logo\/image\/"},"sameAs":["https:\/\/www.facebook.com\/BestPartsManufacturing\/","https:\/\/x.com\/BESTINPARTS","https:\/\/www.instagram.com\/bestinparts\/","https:\/\/www.linkedin.com\/company\/bestinparts","https:\/\/www.youtube.com\/channel\/UCxtW5GyB1LVudr8Rc6LcmTA\/featured?view_as=subscriber"]}]}},"_links":{"self":[{"href":"https:\/\/www.bestinparts.com\/pt\/wp-json\/wp\/v2\/pages\/4118","targetHints":{"allow":["GET"]}}],"collection":[{"href":"https:\/\/www.bestinparts.com\/pt\/wp-json\/wp\/v2\/pages"}],"about":[{"href":"https:\/\/www.bestinparts.com\/pt\/wp-json\/wp\/v2\/types\/page"}],"author":[{"embeddable":true,"href":"https:\/\/www.bestinparts.com\/pt\/wp-json\/wp\/v2\/users\/1"}],"replies":[{"embeddable":true,"href":"https:\/\/www.bestinparts.com\/pt\/wp-json\/wp\/v2\/comments?post=4118"}],"version-history":[{"count":0,"href":"https:\/\/www.bestinparts.com\/pt\/wp-json\/wp\/v2\/pages\/4118\/revisions"}],"up":[{"embeddable":true,"href":"https:\/\/www.bestinparts.com\/pt\/wp-json\/wp\/v2\/pages\/3984"}],"wp:attachment":[{"href":"https:\/\/www.bestinparts.com\/pt\/wp-json\/wp\/v2\/media?parent=4118"}],"curies":[{"name":"wp","href":"https:\/\/api.w.org\/{rel}","templated":true}]}}