{"id":4121,"date":"2017-12-21T02:58:03","date_gmt":"2017-12-21T02:58:03","guid":{"rendered":"https:\/\/cnc-rapid.com\/?page_id=4121"},"modified":"2022-04-12T01:50:17","modified_gmt":"2022-04-12T08:50:17","slug":"aerospace","status":"publish","type":"page","link":"https:\/\/www.bestinparts.com\/pt\/resources\/industries\/aerospace\/","title":{"rendered":"Aeroespacial"},"content":{"rendered":"<div class=\"vc_row wpb_row vc_row-fluid\"><div class=\"container\"><div class=\"row\"><div class=\"wpb_column vc_column_container vc_col-sm-12\"><div class=\"vc_column-inner\"><div class=\"wpb_wrapper\"><div class=\"mf-section-title text-left dark large-size\"><h2 >Aeroespacial<\/h2><\/div><\/div><\/div><\/div><\/div><\/div><\/div><div class=\"vc_row wpb_row vc_row-fluid\"><div class=\"container\"><div class=\"row\"><div class=\"wpb_column vc_column_container vc_col-sm-6\"><div class=\"vc_column-inner\"><div class=\"wpb_wrapper\">\n\t<div  class=\"wpb_single_image wpb_content_element vc_align_center\">\n\t\t\n\t\t<figure class=\"wpb_wrapper vc_figure\">\n\t\t\t<div class=\"vc_single_image-wrapper   vc_box_border_grey\"><img loading=\"lazy\" decoding=\"async\" class=\"vc_single_image-img\" src=\"https:\/\/www.bestinparts.com\/wp-content\/uploads\/2022\/01\/aerospace-1.jpg\" width=\"600\" height=\"450\" alt=\"aerospace-1\" title=\"aeroespacial-1\" \/><\/div>\n\t\t<\/figure>\n\t<\/div>\n<\/div><\/div><\/div><div class=\"wpb_column vc_column_container vc_col-sm-6\"><div class=\"vc_column-inner\"><div class=\"wpb_wrapper\">\n\t<div class=\"wpb_text_column wpb_content_element\" >\n\t\t<div class=\"wpb_wrapper\">\n\t\t\t<p>Nossa ampla experi\u00eancia em usinagem de precis\u00e3o e fundi\u00e7\u00e3o sob press\u00e3o \u00e9 uma vantagem na ind\u00fastria aeroespacial. Nossa fundi\u00e7\u00e3o de precis\u00e3o pode ser usada em v\u00e1lvulas aeroespaciais, cap\u00f4 de motores, pequenas pe\u00e7as de aeronaves, pe\u00e7as de ve\u00edculos a\u00e9reos n\u00e3o tripulados e muito mais.<br \/>\nTamb\u00e9m produzimos as seguintes pe\u00e7as de voo:<br \/>\n\u25cf Asa de drone em fibra de carbono<br \/>\n\u25cf Engrenagens internas e externas para fresagem e conforma\u00e7\u00e3o<br \/>\n\u25cf espiral<br \/>\n\u25cf Flange<br \/>\n\u25cf Estrutura de suporte<br \/>\n\u25cf Componente do assento<\/p>\n<p>Todo projeto aeroespacial requer o uso de CNC, desde espa\u00e7onaves tripuladas no espa\u00e7o sideral at\u00e9 aeronaves de radiodifus\u00e3o transportando passageiros, bem como pequenas aeronaves civis e drones agora amplamente utilizados. Aerospace explora o mundo com as pe\u00e7as mais precisas.<\/p>\n\n\t\t<\/div>\n\t<\/div>\n<\/div><\/div><\/div><\/div><\/div><\/div><div class=\"vc_row wpb_row vc_row-fluid\"><div class=\"container\"><div class=\"row\"><div class=\"wpb_column vc_column_container vc_col-sm-12\"><div class=\"vc_column-inner\"><div class=\"wpb_wrapper\"><div class=\"mf-empty-space\" style=\"\"><div class=\"mf_empty_space_lg\"  style=\"height: 50px\"><\/div><div class=\"mf_empty_space_md\"  style=\"height: 30px\"><\/div><div class=\"mf_empty_space_xs\"  style=\"height: 30px\"><\/div><\/div><\/div><\/div><\/div><\/div><\/div><\/div><div class=\"vc_row wpb_row vc_row-fluid\"><div class=\"container\"><div class=\"row\"><div class=\"wpb_column vc_column_container vc_col-sm-12\"><div class=\"vc_column-inner\"><div class=\"wpb_wrapper\"><section class=\"vc_cta3-container\"><div class=\"vc_general vc_cta3 vc_cta3-style-classic vc_cta3-shape-rounded vc_cta3-align-left vc_cta3-color-classic vc_cta3-icon-size-md\"><div class=\"vc_cta3_content-container\"><div class=\"vc_cta3-content\"><header class=\"vc_cta3-content-header\"><h2>CNC de avia\u00e7\u00e3o<\/h2><\/header><p>A usinagem NC tem a vantagem de ser r\u00e1pida e precisa quando se trata de ferramentas espec\u00edficas de fabrica\u00e7\u00e3o para pe\u00e7as de aeronaves e aeroespaciais. Do exterior da aeronave ao motor interno, cont\u00e9m o mais alto or\u00e7amento de precis\u00e3o. Por exemplo, \u00e9 necess\u00e1rio manter a aeronave em uso normal de combust\u00edvel em voo. O projeto estrutural do tanque de combust\u00edvel e os materiais utilizados para uso externo devem passar por milhares de testes. A espa\u00e7onave voa no espa\u00e7o a milhares de quil\u00f4metros de dist\u00e2ncia, por isso precisa ser mantida no espa\u00e7o por meses ou mais. O campo de controle do CNC exigir\u00e1 precis\u00e3o e exatid\u00e3o impec\u00e1veis.<br \/>\nA alta velocidade e alta efici\u00eancia que buscamos s\u00e3o todas as \u00e1reas que o controle CNC pode controlar.<\/p>\n<\/div><\/div><\/div><\/section><div class=\"vc_btn3-container vc_btn3-center\" ><a class=\"vc_general vc_btn3 vc_btn3-size-md vc_btn3-shape-rounded vc_btn3-style-modern vc_btn3-color-primary\" href=\"https:\/\/www.bestinparts.com\/pt\/request-a-quote\/\" title=\"Fa\u00e7a uma cota\u00e7\u00e3o\" target=\"_blank\" rel=\"noopener\">Fa\u00e7a uma cota\u00e7\u00e3o<\/a><\/div><\/div><\/div><\/div><\/div><\/div><\/div><div class=\"vc_row wpb_row vc_row-fluid\"><div class=\"container\"><div class=\"row\"><div class=\"wpb_column vc_column_container vc_col-sm-12\"><div class=\"vc_column-inner\"><div class=\"wpb_wrapper\">\n\t<div class=\"wpb_text_column wpb_content_element\" >\n\t\t<div class=\"wpb_wrapper\">\n\t\t\t<p>Nunca paramos de explorar al\u00e9m do c\u00e9u. Aeroespacial tamb\u00e9m \u00e9 uma for\u00e7a importante que representa um pa\u00eds no campo aeroespacial. A precis\u00e3o de equipamentos aeroespaciais para equipamentos de produ\u00e7\u00e3o est\u00e1 no auge. A BEST PARTS utiliza t\u00e9cnicas de fabrica\u00e7\u00e3o propriet\u00e1rias para produzir pe\u00e7as complexas de alta qualidade por meio de uma produ\u00e7\u00e3o econ\u00f4mica. Como fornecedor de produtos prot\u00f3tipos, nos especializamos em solu\u00e7\u00f5es de prototipagem r\u00e1pida.<\/p>\n\n\t\t<\/div>\n\t<\/div>\n<\/div><\/div><\/div><\/div><\/div><\/div>","protected":false},"excerpt":{"rendered":"Aerospace Our extensive experience in precision machining and pressure casting is an advantage in the aerospace industry. Our precision casting can be used in aerospace valves, engine hoods, small aircraft parts, unmanned aerial vehicle parts and more. We also produce the following flight parts: \u25cf\u00a0Carbon fiber drone wing \u25cf\u00a0Internal and external gears for hobbing and [...]","protected":false},"author":1,"featured_media":0,"parent":3984,"menu_order":2,"comment_status":"closed","ping_status":"closed","template":"","meta":{"footnotes":""},"class_list":["post-4121","page","type-page","status-publish","hentry","no-thumb"],"yoast_head":"<!-- This site is optimized with the Yoast SEO plugin v27.3 - https:\/\/yoast.com\/product\/yoast-seo-wordpress\/ -->\n<title>Aerospace - Best Parts-Online CNC Machining Service Supplier<\/title>\n<meta name=\"description\" content=\"ur extensive experience in precision machining and pressure casting is an advantage in the aerospace industry. Our precision casting can be used in aerospace valves, engine hoods, small aircraft parts, unmanned aerial vehicle parts and more.\" \/>\n<meta name=\"robots\" content=\"index, follow, max-snippet:-1, max-image-preview:large, max-video-preview:-1\" \/>\n<link rel=\"canonical\" href=\"https:\/\/www.bestinparts.com\/pt\/resources\/industries\/aerospace\/\" \/>\n<meta property=\"og:locale\" content=\"pt_PT\" \/>\n<meta property=\"og:type\" content=\"article\" \/>\n<meta property=\"og:title\" content=\"Aerospace - Best Parts-Online CNC Machining Service Supplier\" \/>\n<meta property=\"og:description\" content=\"ur extensive experience in precision machining and pressure casting is an advantage in the aerospace industry. Our precision casting can be used in aerospace valves, engine hoods, small aircraft parts, unmanned aerial vehicle parts and more.\" \/>\n<meta property=\"og:url\" content=\"https:\/\/www.bestinparts.com\/pt\/resources\/industries\/aerospace\/\" \/>\n<meta property=\"og:site_name\" content=\"Best Parts-Online CNC Machining Service Supplier\" \/>\n<meta property=\"article:publisher\" content=\"https:\/\/www.facebook.com\/BestPartsManufacturing\/\" \/>\n<meta property=\"article:modified_time\" content=\"2022-04-12T08:50:17+00:00\" \/>\n<meta property=\"og:image\" content=\"https:\/\/www.bestinparts.com\/wp-content\/uploads\/2022\/03\/Best-parts-logo-1.png\" \/>\n\t<meta property=\"og:image:width\" content=\"800\" \/>\n\t<meta property=\"og:image:height\" content=\"302\" \/>\n\t<meta property=\"og:image:type\" content=\"image\/png\" \/>\n<meta name=\"twitter:card\" content=\"summary_large_image\" \/>\n<meta name=\"twitter:site\" content=\"@BESTINPARTS\" \/>\n<meta name=\"twitter:label1\" content=\"Tempo estimado de leitura\" \/>\n\t<meta name=\"twitter:data1\" content=\"2 minutos\" \/>\n<script type=\"application\/ld+json\" class=\"yoast-schema-graph\">{\"@context\":\"https:\\\/\\\/schema.org\",\"@graph\":[{\"@type\":\"WebPage\",\"@id\":\"https:\\\/\\\/www.bestinparts.com\\\/resources\\\/industries\\\/aerospace\\\/\",\"url\":\"https:\\\/\\\/www.bestinparts.com\\\/resources\\\/industries\\\/aerospace\\\/\",\"name\":\"Aerospace - Best Parts-Online CNC Machining Service Supplier\",\"isPartOf\":{\"@id\":\"https:\\\/\\\/www.bestinparts.com\\\/#website\"},\"datePublished\":\"2017-12-21T02:58:03+00:00\",\"dateModified\":\"2022-04-12T08:50:17+00:00\",\"description\":\"ur extensive experience in precision machining and pressure casting is an advantage in the aerospace industry. Our precision casting can be used in aerospace valves, engine hoods, small aircraft parts, unmanned aerial vehicle parts and more.\",\"breadcrumb\":{\"@id\":\"https:\\\/\\\/www.bestinparts.com\\\/resources\\\/industries\\\/aerospace\\\/#breadcrumb\"},\"inLanguage\":\"pt-PT\",\"potentialAction\":[{\"@type\":\"ReadAction\",\"target\":[\"https:\\\/\\\/www.bestinparts.com\\\/resources\\\/industries\\\/aerospace\\\/\"]}]},{\"@type\":\"BreadcrumbList\",\"@id\":\"https:\\\/\\\/www.bestinparts.com\\\/resources\\\/industries\\\/aerospace\\\/#breadcrumb\",\"itemListElement\":[{\"@type\":\"ListItem\",\"position\":1,\"name\":\"Home\",\"item\":\"https:\\\/\\\/www.bestinparts.com\\\/\"},{\"@type\":\"ListItem\",\"position\":2,\"name\":\"Resources\",\"item\":\"https:\\\/\\\/www.bestinparts.com\\\/resources\\\/\"},{\"@type\":\"ListItem\",\"position\":3,\"name\":\"Industries\",\"item\":\"https:\\\/\\\/www.bestinparts.com\\\/resources\\\/industries\\\/\"},{\"@type\":\"ListItem\",\"position\":4,\"name\":\"Aerospace\"}]},{\"@type\":\"WebSite\",\"@id\":\"https:\\\/\\\/www.bestinparts.com\\\/#website\",\"url\":\"https:\\\/\\\/www.bestinparts.com\\\/\",\"name\":\"Best Parts-Online CNC Machining Service Supplier\",\"description\":\"20+ Years CNC Machining Parts Manufacturer\",\"publisher\":{\"@id\":\"https:\\\/\\\/www.bestinparts.com\\\/#organization\"},\"potentialAction\":[{\"@type\":\"SearchAction\",\"target\":{\"@type\":\"EntryPoint\",\"urlTemplate\":\"https:\\\/\\\/www.bestinparts.com\\\/?s={search_term_string}\"},\"query-input\":{\"@type\":\"PropertyValueSpecification\",\"valueRequired\":true,\"valueName\":\"search_term_string\"}}],\"inLanguage\":\"pt-PT\"},{\"@type\":\"Organization\",\"@id\":\"https:\\\/\\\/www.bestinparts.com\\\/#organization\",\"name\":\"Shenzhen Best Parts Co., Ltd\",\"url\":\"https:\\\/\\\/www.bestinparts.com\\\/\",\"logo\":{\"@type\":\"ImageObject\",\"inLanguage\":\"pt-PT\",\"@id\":\"https:\\\/\\\/www.bestinparts.com\\\/#\\\/schema\\\/logo\\\/image\\\/\",\"url\":\"https:\\\/\\\/www.bestinparts.com\\\/wp-content\\\/uploads\\\/2022\\\/02\\\/Best-Parts-home-logo2.png\",\"contentUrl\":\"https:\\\/\\\/www.bestinparts.com\\\/wp-content\\\/uploads\\\/2022\\\/02\\\/Best-Parts-home-logo2.png\",\"width\":197,\"height\":64,\"caption\":\"Shenzhen Best Parts Co., Ltd\"},\"image\":{\"@id\":\"https:\\\/\\\/www.bestinparts.com\\\/#\\\/schema\\\/logo\\\/image\\\/\"},\"sameAs\":[\"https:\\\/\\\/www.facebook.com\\\/BestPartsManufacturing\\\/\",\"https:\\\/\\\/x.com\\\/BESTINPARTS\",\"https:\\\/\\\/www.instagram.com\\\/bestinparts\\\/\",\"https:\\\/\\\/www.linkedin.com\\\/company\\\/bestinparts\",\"https:\\\/\\\/www.youtube.com\\\/channel\\\/UCxtW5GyB1LVudr8Rc6LcmTA\\\/featured?view_as=subscriber\"]}]}<\/script>\n<!-- \/ Yoast SEO plugin. -->","yoast_head_json":{"title":"Aerospace - Best Parts-Online CNC Machining Service Supplier","description":"ur extensive experience in precision machining and pressure casting is an advantage in the aerospace industry. Our precision casting can be used in aerospace valves, engine hoods, small aircraft parts, unmanned aerial vehicle parts and more.","robots":{"index":"index","follow":"follow","max-snippet":"max-snippet:-1","max-image-preview":"max-image-preview:large","max-video-preview":"max-video-preview:-1"},"canonical":"https:\/\/www.bestinparts.com\/pt\/resources\/industries\/aerospace\/","og_locale":"pt_PT","og_type":"article","og_title":"Aerospace - Best Parts-Online CNC Machining Service Supplier","og_description":"ur extensive experience in precision machining and pressure casting is an advantage in the aerospace industry. Our precision casting can be used in aerospace valves, engine hoods, small aircraft parts, unmanned aerial vehicle parts and more.","og_url":"https:\/\/www.bestinparts.com\/pt\/resources\/industries\/aerospace\/","og_site_name":"Best Parts-Online CNC Machining Service Supplier","article_publisher":"https:\/\/www.facebook.com\/BestPartsManufacturing\/","article_modified_time":"2022-04-12T08:50:17+00:00","og_image":[{"width":800,"height":302,"url":"https:\/\/www.bestinparts.com\/wp-content\/uploads\/2022\/03\/Best-parts-logo-1.png","type":"image\/png"}],"twitter_card":"summary_large_image","twitter_site":"@BESTINPARTS","twitter_misc":{"Tempo estimado de leitura":"2 minutos"},"schema":{"@context":"https:\/\/schema.org","@graph":[{"@type":"WebPage","@id":"https:\/\/www.bestinparts.com\/resources\/industries\/aerospace\/","url":"https:\/\/www.bestinparts.com\/resources\/industries\/aerospace\/","name":"Aerospace - Best Parts-Online CNC Machining Service Supplier","isPartOf":{"@id":"https:\/\/www.bestinparts.com\/#website"},"datePublished":"2017-12-21T02:58:03+00:00","dateModified":"2022-04-12T08:50:17+00:00","description":"ur extensive experience in precision machining and pressure casting is an advantage in the aerospace industry. Our precision casting can be used in aerospace valves, engine hoods, small aircraft parts, unmanned aerial vehicle parts and more.","breadcrumb":{"@id":"https:\/\/www.bestinparts.com\/resources\/industries\/aerospace\/#breadcrumb"},"inLanguage":"pt-PT","potentialAction":[{"@type":"ReadAction","target":["https:\/\/www.bestinparts.com\/resources\/industries\/aerospace\/"]}]},{"@type":"BreadcrumbList","@id":"https:\/\/www.bestinparts.com\/resources\/industries\/aerospace\/#breadcrumb","itemListElement":[{"@type":"ListItem","position":1,"name":"Home","item":"https:\/\/www.bestinparts.com\/"},{"@type":"ListItem","position":2,"name":"Resources","item":"https:\/\/www.bestinparts.com\/resources\/"},{"@type":"ListItem","position":3,"name":"Industries","item":"https:\/\/www.bestinparts.com\/resources\/industries\/"},{"@type":"ListItem","position":4,"name":"Aerospace"}]},{"@type":"WebSite","@id":"https:\/\/www.bestinparts.com\/#website","url":"https:\/\/www.bestinparts.com\/","name":"Best Parts-Online CNC Machining Service Supplier","description":"20+ Years CNC Machining Parts Manufacturer","publisher":{"@id":"https:\/\/www.bestinparts.com\/#organization"},"potentialAction":[{"@type":"SearchAction","target":{"@type":"EntryPoint","urlTemplate":"https:\/\/www.bestinparts.com\/?s={search_term_string}"},"query-input":{"@type":"PropertyValueSpecification","valueRequired":true,"valueName":"search_term_string"}}],"inLanguage":"pt-PT"},{"@type":"Organization","@id":"https:\/\/www.bestinparts.com\/#organization","name":"Shenzhen Best Parts Co., Ltd","url":"https:\/\/www.bestinparts.com\/","logo":{"@type":"ImageObject","inLanguage":"pt-PT","@id":"https:\/\/www.bestinparts.com\/#\/schema\/logo\/image\/","url":"https:\/\/www.bestinparts.com\/wp-content\/uploads\/2022\/02\/Best-Parts-home-logo2.png","contentUrl":"https:\/\/www.bestinparts.com\/wp-content\/uploads\/2022\/02\/Best-Parts-home-logo2.png","width":197,"height":64,"caption":"Shenzhen Best Parts Co., Ltd"},"image":{"@id":"https:\/\/www.bestinparts.com\/#\/schema\/logo\/image\/"},"sameAs":["https:\/\/www.facebook.com\/BestPartsManufacturing\/","https:\/\/x.com\/BESTINPARTS","https:\/\/www.instagram.com\/bestinparts\/","https:\/\/www.linkedin.com\/company\/bestinparts","https:\/\/www.youtube.com\/channel\/UCxtW5GyB1LVudr8Rc6LcmTA\/featured?view_as=subscriber"]}]}},"_links":{"self":[{"href":"https:\/\/www.bestinparts.com\/pt\/wp-json\/wp\/v2\/pages\/4121","targetHints":{"allow":["GET"]}}],"collection":[{"href":"https:\/\/www.bestinparts.com\/pt\/wp-json\/wp\/v2\/pages"}],"about":[{"href":"https:\/\/www.bestinparts.com\/pt\/wp-json\/wp\/v2\/types\/page"}],"author":[{"embeddable":true,"href":"https:\/\/www.bestinparts.com\/pt\/wp-json\/wp\/v2\/users\/1"}],"replies":[{"embeddable":true,"href":"https:\/\/www.bestinparts.com\/pt\/wp-json\/wp\/v2\/comments?post=4121"}],"version-history":[{"count":0,"href":"https:\/\/www.bestinparts.com\/pt\/wp-json\/wp\/v2\/pages\/4121\/revisions"}],"up":[{"embeddable":true,"href":"https:\/\/www.bestinparts.com\/pt\/wp-json\/wp\/v2\/pages\/3984"}],"wp:attachment":[{"href":"https:\/\/www.bestinparts.com\/pt\/wp-json\/wp\/v2\/media?parent=4121"}],"curies":[{"name":"wp","href":"https:\/\/api.w.org\/{rel}","templated":true}]}}