{"id":4129,"date":"2017-12-18T03:06:44","date_gmt":"2017-12-18T03:06:44","guid":{"rendered":"https:\/\/cnc-rapid.com\/?page_id=4129"},"modified":"2022-04-12T01:50:17","modified_gmt":"2022-04-12T08:50:17","slug":"artificial-intelligence","status":"publish","type":"page","link":"https:\/\/www.bestinparts.com\/pt\/resources\/industries\/artificial-intelligence\/","title":{"rendered":"Intelig\u00eancia artificial"},"content":{"rendered":"<div class=\"vc_row wpb_row vc_row-fluid\"><div class=\"container\"><div class=\"row\"><div class=\"wpb_column vc_column_container vc_col-sm-12\"><div class=\"vc_column-inner\"><div class=\"wpb_wrapper\"><div class=\"mf-section-title text-left dark large-size\"><h2 >Intelig\u00eancia artificial<\/h2><\/div><\/div><\/div><\/div><\/div><\/div><\/div><div class=\"vc_row wpb_row vc_row-fluid\"><div class=\"container\"><div class=\"row\"><div class=\"wpb_column vc_column_container vc_col-sm-6\"><div class=\"vc_column-inner\"><div class=\"wpb_wrapper\">\n\t<div  class=\"wpb_single_image wpb_content_element vc_align_center\">\n\t\t\n\t\t<figure class=\"wpb_wrapper vc_figure\">\n\t\t\t<div class=\"vc_single_image-wrapper   vc_box_border_grey\"><img loading=\"lazy\" decoding=\"async\" class=\"vc_single_image-img\" src=\"https:\/\/www.bestinparts.com\/wp-content\/uploads\/2022\/01\/artificial-intelligence.jpg\" width=\"600\" height=\"450\" alt=\"artificial intelligence\" title=\"intelig\u00eancia artificial\" \/><\/div>\n\t\t<\/figure>\n\t<\/div>\n<\/div><\/div><\/div><div class=\"wpb_column vc_column_container vc_col-sm-6\"><div class=\"vc_column-inner\"><div class=\"wpb_wrapper\">\n\t<div class=\"wpb_text_column wpb_content_element\" >\n\t\t<div class=\"wpb_wrapper\">\n\t\t\t<p>Nosso servi\u00e7o focado no cliente oferece aos clientes solu\u00e7\u00f5es personalizadas. Entendemos as necessidades das ind\u00fastrias automotiva e de transporte e trabalhamos com voc\u00ea para garantir que essas necessidades sejam atendidas e superadas. Nossa ampla gama de processos \u00e9 adequada para todas as partes da ind\u00fastria automotiva.<br \/>\n\u25cf Usinagem CNC<br \/>\n\u25cf impress\u00e3o 3D<br \/>\n\u25cf Moldagem por inje\u00e7\u00e3o r\u00e1pida<br \/>\n\u25cf Fundi\u00e7\u00e3o a v\u00e1cuo<br \/>\n\u25cf Pe\u00e7as representativas<\/p>\n\n\t\t<\/div>\n\t<\/div>\n<\/div><\/div><\/div><\/div><\/div><\/div><div class=\"vc_row wpb_row vc_row-fluid\"><div class=\"container\"><div class=\"row\"><div class=\"wpb_column vc_column_container vc_col-sm-12\"><div class=\"vc_column-inner\"><div class=\"wpb_wrapper\"><div class=\"mf-empty-space\" style=\"\"><div class=\"mf_empty_space_lg\"  style=\"height: 50px\"><\/div><div class=\"mf_empty_space_md\"  style=\"height: 30px\"><\/div><div class=\"mf_empty_space_xs\"  style=\"height: 30px\"><\/div><\/div><\/div><\/div><\/div><\/div><\/div><\/div><div class=\"vc_row wpb_row vc_row-fluid\"><div class=\"container\"><div class=\"row\"><div class=\"wpb_column vc_column_container vc_col-sm-12\"><div class=\"vc_column-inner\"><div class=\"wpb_wrapper\"><section class=\"vc_cta3-container\"><div class=\"vc_general vc_cta3 vc_cta3-style-classic vc_cta3-shape-rounded vc_cta3-align-left vc_cta3-color-classic vc_cta3-icon-size-md\"><div class=\"vc_cta3_content-container\"><div class=\"vc_cta3-content\"><header class=\"vc_cta3-content-header\"><h2>Fornecedor de Intelig\u00eancia Artificial de pe\u00e7as customizadas<\/h2><\/header><p>Na era da intelig\u00eancia artificial moderna, muitas tarefas complicadas e complicadas j\u00e1 foram entregues \u00e0 intelig\u00eancia artificial. Nos terminais de intelig\u00eancia artificial, \u00e9 necess\u00e1rio um grande n\u00famero de pe\u00e7as para consolidar e manter a montagem do produto. A BEST PARTS se adapta ao desenvolvimento dos tempos e fornece aos clientes pe\u00e7as profissionais de intelig\u00eancia artificial.<\/p>\n<\/div><\/div><\/div><\/section><div class=\"vc_btn3-container vc_btn3-center\" ><a class=\"vc_general vc_btn3 vc_btn3-size-md vc_btn3-shape-rounded vc_btn3-style-modern vc_btn3-color-primary\" href=\"https:\/\/www.bestinparts.com\/pt\/request-a-quote\/\" title=\"Fa\u00e7a uma cota\u00e7\u00e3o\" target=\"_blank\" rel=\"noopener\">Fa\u00e7a uma cota\u00e7\u00e3o<\/a><\/div><\/div><\/div><\/div><\/div><\/div><\/div><div class=\"vc_row wpb_row vc_row-fluid\"><div class=\"container\"><div class=\"row\"><div class=\"wpb_column vc_column_container vc_col-sm-12\"><div class=\"vc_column-inner\"><div class=\"wpb_wrapper\">\n\t<div class=\"wpb_text_column wpb_content_element\" >\n\t\t<div class=\"wpb_wrapper\">\n\t\t\t<p><strong><b>Rob\u00f4s m\u00e9dicos inteligentes envolvidos em atividades m\u00e9dicas ou param\u00e9dicas<\/b><\/strong><br \/>\nTratamento m\u00e9dico inteligente: a tend\u00eancia inevit\u00e1vel da informa\u00e7\u00e3o hospitalar no futuro! Reconhecimento de aplica\u00e7\u00f5es de rob\u00f4s na \u00e1rea m\u00e9dica e populariza\u00e7\u00e3o de aplica\u00e7\u00f5es em v\u00e1rias fases de diagn\u00f3stico e tratamento. Os rob\u00f4s m\u00e9dicos, especialmente os rob\u00f4s cir\u00fargicos, tornaram-se \u201cprodutos de alta demanda\u201d no campo da rob\u00f3tica. Em vez da cirurgia tradicional, os m\u00e9dicos seguram os instrumentos cir\u00fargicos por muito tempo e mant\u00eam uma alta tens\u00e3o. O uso generalizado de rob\u00f4s cir\u00fargicos melhorou muito a tecnologia m\u00e9dica. O rob\u00f4 cir\u00fargico tem um campo de vis\u00e3o mais amplo, opera\u00e7\u00f5es cir\u00fargicas mais precisas e \u00e9 mais prop\u00edcio \u00e0 recupera\u00e7\u00e3o do paciente.<\/p>\n\n\t\t<\/div>\n\t<\/div>\n\n\t<div class=\"wpb_text_column wpb_content_element\" >\n\t\t<div class=\"wpb_wrapper\">\n\t\t\t<p><strong><b>Aplica\u00e7\u00e3o de intelig\u00eancia artificial em diversas ind\u00fastrias<\/b><\/strong><\/p>\n<p>Seguran\u00e7a: usando tecnologia de vis\u00e3o computacional e big data para analisar a trajet\u00f3ria de vida de suspeitos e poss\u00edveis locais<br \/>\nFinan\u00e7as: Uso de reconhecimento de fala, compreens\u00e3o sem\u00e2ntica e outras tecnologias para criar atendimento ao cliente inteligente \u00b7<br \/>\nM\u00e9dico: imagens inteligentes podem rastrear rapidamente o rastreamento precoce do c\u00e2ncer, ajudando os pacientes a detectar les\u00f5es mais cedo.<\/p>\n<p>Tr\u00e2nsito: uso de sensores sem motorista, vis\u00e3o computacional e outras tecnologias para liberar as m\u00e3os e a percep\u00e7\u00e3o humana. Varejo: uso de vis\u00e3o computacional, reconhecimento de fala\/sem\u00e2ntica, rob\u00f3tica, etc. A tecnologia melhora a experi\u00eancia do consumidor.<\/p>\n<p>Fabrica\u00e7\u00e3o industrial: os rob\u00f4s substituem os trabalhadores para concluir o trabalho em locais perigosos e concluem tarefas repetitivas com efici\u00eancia na linha de montagem.<\/p>\n\n\t\t<\/div>\n\t<\/div>\n<\/div><\/div><\/div><\/div><\/div><\/div>","protected":false},"excerpt":{"rendered":"Artificial Intelligence Our customer-focused service provides customers with customized solutions. We understand the needs of the automotive and transportation industries and work with you to ensure that these needs are met and exceeded.Our wide range of processes is suitable for every part of the automotive industry. \u25cf CNC machining \u25cf 3D printing \u25cf Rapid injection [...]","protected":false},"author":1,"featured_media":0,"parent":3984,"menu_order":3,"comment_status":"closed","ping_status":"closed","template":"","meta":{"footnotes":""},"class_list":["post-4129","page","type-page","status-publish","hentry","no-thumb"],"yoast_head":"<!-- This site is optimized with the Yoast SEO plugin v27.5 - https:\/\/yoast.com\/product\/yoast-seo-wordpress\/ -->\n<title>Artificial Intelligence - Best Parts-Online CNC Machining Service Supplier<\/title>\n<meta name=\"description\" content=\"Our customer-focused service provides customers with customized solutions. We understand the needs of the automotive and transportation industries and work with you to ensure that these needs are met and exceeded.Our wide range of processes is suitable for every part of the automotive industry.\" \/>\n<meta name=\"robots\" content=\"index, follow, max-snippet:-1, max-image-preview:large, max-video-preview:-1\" \/>\n<link rel=\"canonical\" href=\"https:\/\/www.bestinparts.com\/pt\/resources\/industries\/artificial-intelligence\/\" \/>\n<meta property=\"og:locale\" content=\"pt_PT\" \/>\n<meta property=\"og:type\" content=\"article\" \/>\n<meta property=\"og:title\" content=\"Artificial Intelligence - Best Parts-Online CNC Machining Service Supplier\" \/>\n<meta property=\"og:description\" content=\"Our customer-focused service provides customers with customized solutions. We understand the needs of the automotive and transportation industries and work with you to ensure that these needs are met and exceeded.Our wide range of processes is suitable for every part of the automotive industry.\" \/>\n<meta property=\"og:url\" content=\"https:\/\/www.bestinparts.com\/pt\/resources\/industries\/artificial-intelligence\/\" \/>\n<meta property=\"og:site_name\" content=\"Best Parts-Online CNC Machining Service Supplier\" \/>\n<meta property=\"article:publisher\" content=\"https:\/\/www.facebook.com\/BestPartsManufacturing\/\" \/>\n<meta property=\"article:modified_time\" content=\"2022-04-12T08:50:17+00:00\" \/>\n<meta property=\"og:image\" content=\"https:\/\/www.bestinparts.com\/wp-content\/uploads\/2022\/03\/Best-parts-logo-1.png\" \/>\n\t<meta property=\"og:image:width\" content=\"800\" \/>\n\t<meta property=\"og:image:height\" content=\"302\" \/>\n\t<meta property=\"og:image:type\" content=\"image\/png\" \/>\n<meta name=\"twitter:card\" content=\"summary_large_image\" \/>\n<meta name=\"twitter:site\" content=\"@BESTINPARTS\" \/>\n<meta name=\"twitter:label1\" content=\"Tempo estimado de leitura\" \/>\n\t<meta name=\"twitter:data1\" content=\"2 minutos\" \/>\n<script type=\"application\/ld+json\" class=\"yoast-schema-graph\">{\"@context\":\"https:\\\/\\\/schema.org\",\"@graph\":[{\"@type\":\"WebPage\",\"@id\":\"https:\\\/\\\/www.bestinparts.com\\\/resources\\\/industries\\\/artificial-intelligence\\\/\",\"url\":\"https:\\\/\\\/www.bestinparts.com\\\/resources\\\/industries\\\/artificial-intelligence\\\/\",\"name\":\"Artificial Intelligence - Best Parts-Online CNC Machining Service Supplier\",\"isPartOf\":{\"@id\":\"https:\\\/\\\/www.bestinparts.com\\\/#website\"},\"datePublished\":\"2017-12-18T03:06:44+00:00\",\"dateModified\":\"2022-04-12T08:50:17+00:00\",\"description\":\"Our customer-focused service provides customers with customized solutions. We understand the needs of the automotive and transportation industries and work with you to ensure that these needs are met and exceeded.Our wide range of processes is suitable for every part of the automotive industry.\",\"breadcrumb\":{\"@id\":\"https:\\\/\\\/www.bestinparts.com\\\/resources\\\/industries\\\/artificial-intelligence\\\/#breadcrumb\"},\"inLanguage\":\"pt-PT\",\"potentialAction\":[{\"@type\":\"ReadAction\",\"target\":[\"https:\\\/\\\/www.bestinparts.com\\\/resources\\\/industries\\\/artificial-intelligence\\\/\"]}]},{\"@type\":\"BreadcrumbList\",\"@id\":\"https:\\\/\\\/www.bestinparts.com\\\/resources\\\/industries\\\/artificial-intelligence\\\/#breadcrumb\",\"itemListElement\":[{\"@type\":\"ListItem\",\"position\":1,\"name\":\"Home\",\"item\":\"https:\\\/\\\/www.bestinparts.com\\\/\"},{\"@type\":\"ListItem\",\"position\":2,\"name\":\"Resources\",\"item\":\"https:\\\/\\\/www.bestinparts.com\\\/resources\\\/\"},{\"@type\":\"ListItem\",\"position\":3,\"name\":\"Industries\",\"item\":\"https:\\\/\\\/www.bestinparts.com\\\/resources\\\/industries\\\/\"},{\"@type\":\"ListItem\",\"position\":4,\"name\":\"Artificial Intelligence\"}]},{\"@type\":\"WebSite\",\"@id\":\"https:\\\/\\\/www.bestinparts.com\\\/#website\",\"url\":\"https:\\\/\\\/www.bestinparts.com\\\/\",\"name\":\"Best Parts-Online CNC Machining Service Supplier\",\"description\":\"20+ Years CNC Machining Parts Manufacturer\",\"publisher\":{\"@id\":\"https:\\\/\\\/www.bestinparts.com\\\/#organization\"},\"potentialAction\":[{\"@type\":\"SearchAction\",\"target\":{\"@type\":\"EntryPoint\",\"urlTemplate\":\"https:\\\/\\\/www.bestinparts.com\\\/?s={search_term_string}\"},\"query-input\":{\"@type\":\"PropertyValueSpecification\",\"valueRequired\":true,\"valueName\":\"search_term_string\"}}],\"inLanguage\":\"pt-PT\"},{\"@type\":\"Organization\",\"@id\":\"https:\\\/\\\/www.bestinparts.com\\\/#organization\",\"name\":\"Shenzhen Best Parts Co., Ltd\",\"url\":\"https:\\\/\\\/www.bestinparts.com\\\/\",\"logo\":{\"@type\":\"ImageObject\",\"inLanguage\":\"pt-PT\",\"@id\":\"https:\\\/\\\/www.bestinparts.com\\\/#\\\/schema\\\/logo\\\/image\\\/\",\"url\":\"https:\\\/\\\/www.bestinparts.com\\\/wp-content\\\/uploads\\\/2022\\\/02\\\/Best-Parts-home-logo2.png\",\"contentUrl\":\"https:\\\/\\\/www.bestinparts.com\\\/wp-content\\\/uploads\\\/2022\\\/02\\\/Best-Parts-home-logo2.png\",\"width\":197,\"height\":64,\"caption\":\"Shenzhen Best Parts Co., Ltd\"},\"image\":{\"@id\":\"https:\\\/\\\/www.bestinparts.com\\\/#\\\/schema\\\/logo\\\/image\\\/\"},\"sameAs\":[\"https:\\\/\\\/www.facebook.com\\\/BestPartsManufacturing\\\/\",\"https:\\\/\\\/x.com\\\/BESTINPARTS\",\"https:\\\/\\\/www.instagram.com\\\/bestinparts\\\/\",\"https:\\\/\\\/www.linkedin.com\\\/company\\\/bestinparts\",\"https:\\\/\\\/www.youtube.com\\\/channel\\\/UCxtW5GyB1LVudr8Rc6LcmTA\\\/featured?view_as=subscriber\"]}]}<\/script>\n<!-- \/ Yoast SEO plugin. -->","yoast_head_json":{"title":"Artificial Intelligence - Best Parts-Online CNC Machining Service Supplier","description":"Our customer-focused service provides customers with customized solutions. We understand the needs of the automotive and transportation industries and work with you to ensure that these needs are met and exceeded.Our wide range of processes is suitable for every part of the automotive industry.","robots":{"index":"index","follow":"follow","max-snippet":"max-snippet:-1","max-image-preview":"max-image-preview:large","max-video-preview":"max-video-preview:-1"},"canonical":"https:\/\/www.bestinparts.com\/pt\/resources\/industries\/artificial-intelligence\/","og_locale":"pt_PT","og_type":"article","og_title":"Artificial Intelligence - Best Parts-Online CNC Machining Service Supplier","og_description":"Our customer-focused service provides customers with customized solutions. We understand the needs of the automotive and transportation industries and work with you to ensure that these needs are met and exceeded.Our wide range of processes is suitable for every part of the automotive industry.","og_url":"https:\/\/www.bestinparts.com\/pt\/resources\/industries\/artificial-intelligence\/","og_site_name":"Best Parts-Online CNC Machining Service Supplier","article_publisher":"https:\/\/www.facebook.com\/BestPartsManufacturing\/","article_modified_time":"2022-04-12T08:50:17+00:00","og_image":[{"width":800,"height":302,"url":"https:\/\/www.bestinparts.com\/wp-content\/uploads\/2022\/03\/Best-parts-logo-1.png","type":"image\/png"}],"twitter_card":"summary_large_image","twitter_site":"@BESTINPARTS","twitter_misc":{"Tempo estimado de leitura":"2 minutos"},"schema":{"@context":"https:\/\/schema.org","@graph":[{"@type":"WebPage","@id":"https:\/\/www.bestinparts.com\/resources\/industries\/artificial-intelligence\/","url":"https:\/\/www.bestinparts.com\/resources\/industries\/artificial-intelligence\/","name":"Artificial Intelligence - Best Parts-Online CNC Machining Service Supplier","isPartOf":{"@id":"https:\/\/www.bestinparts.com\/#website"},"datePublished":"2017-12-18T03:06:44+00:00","dateModified":"2022-04-12T08:50:17+00:00","description":"Our customer-focused service provides customers with customized solutions. We understand the needs of the automotive and transportation industries and work with you to ensure that these needs are met and exceeded.Our wide range of processes is suitable for every part of the automotive industry.","breadcrumb":{"@id":"https:\/\/www.bestinparts.com\/resources\/industries\/artificial-intelligence\/#breadcrumb"},"inLanguage":"pt-PT","potentialAction":[{"@type":"ReadAction","target":["https:\/\/www.bestinparts.com\/resources\/industries\/artificial-intelligence\/"]}]},{"@type":"BreadcrumbList","@id":"https:\/\/www.bestinparts.com\/resources\/industries\/artificial-intelligence\/#breadcrumb","itemListElement":[{"@type":"ListItem","position":1,"name":"Home","item":"https:\/\/www.bestinparts.com\/"},{"@type":"ListItem","position":2,"name":"Resources","item":"https:\/\/www.bestinparts.com\/resources\/"},{"@type":"ListItem","position":3,"name":"Industries","item":"https:\/\/www.bestinparts.com\/resources\/industries\/"},{"@type":"ListItem","position":4,"name":"Artificial Intelligence"}]},{"@type":"WebSite","@id":"https:\/\/www.bestinparts.com\/#website","url":"https:\/\/www.bestinparts.com\/","name":"Best Parts-Online CNC Machining Service Supplier","description":"20+ Years CNC Machining Parts Manufacturer","publisher":{"@id":"https:\/\/www.bestinparts.com\/#organization"},"potentialAction":[{"@type":"SearchAction","target":{"@type":"EntryPoint","urlTemplate":"https:\/\/www.bestinparts.com\/?s={search_term_string}"},"query-input":{"@type":"PropertyValueSpecification","valueRequired":true,"valueName":"search_term_string"}}],"inLanguage":"pt-PT"},{"@type":"Organization","@id":"https:\/\/www.bestinparts.com\/#organization","name":"Shenzhen Best Parts Co., Ltd","url":"https:\/\/www.bestinparts.com\/","logo":{"@type":"ImageObject","inLanguage":"pt-PT","@id":"https:\/\/www.bestinparts.com\/#\/schema\/logo\/image\/","url":"https:\/\/www.bestinparts.com\/wp-content\/uploads\/2022\/02\/Best-Parts-home-logo2.png","contentUrl":"https:\/\/www.bestinparts.com\/wp-content\/uploads\/2022\/02\/Best-Parts-home-logo2.png","width":197,"height":64,"caption":"Shenzhen Best Parts Co., Ltd"},"image":{"@id":"https:\/\/www.bestinparts.com\/#\/schema\/logo\/image\/"},"sameAs":["https:\/\/www.facebook.com\/BestPartsManufacturing\/","https:\/\/x.com\/BESTINPARTS","https:\/\/www.instagram.com\/bestinparts\/","https:\/\/www.linkedin.com\/company\/bestinparts","https:\/\/www.youtube.com\/channel\/UCxtW5GyB1LVudr8Rc6LcmTA\/featured?view_as=subscriber"]}]}},"_links":{"self":[{"href":"https:\/\/www.bestinparts.com\/pt\/wp-json\/wp\/v2\/pages\/4129","targetHints":{"allow":["GET"]}}],"collection":[{"href":"https:\/\/www.bestinparts.com\/pt\/wp-json\/wp\/v2\/pages"}],"about":[{"href":"https:\/\/www.bestinparts.com\/pt\/wp-json\/wp\/v2\/types\/page"}],"author":[{"embeddable":true,"href":"https:\/\/www.bestinparts.com\/pt\/wp-json\/wp\/v2\/users\/1"}],"replies":[{"embeddable":true,"href":"https:\/\/www.bestinparts.com\/pt\/wp-json\/wp\/v2\/comments?post=4129"}],"version-history":[{"count":0,"href":"https:\/\/www.bestinparts.com\/pt\/wp-json\/wp\/v2\/pages\/4129\/revisions"}],"up":[{"embeddable":true,"href":"https:\/\/www.bestinparts.com\/pt\/wp-json\/wp\/v2\/pages\/3984"}],"wp:attachment":[{"href":"https:\/\/www.bestinparts.com\/pt\/wp-json\/wp\/v2\/media?parent=4129"}],"curies":[{"name":"wp","href":"https:\/\/api.w.org\/{rel}","templated":true}]}}